{"id":3167,"date":"2024-05-08T14:37:22","date_gmt":"2024-05-08T12:37:22","guid":{"rendered":"https:\/\/pb.edu.pl\/signum\/?page_id=3167"},"modified":"2024-05-08T14:37:22","modified_gmt":"2024-05-08T12:37:22","slug":"nagrodzone-prace-2007","status":"publish","type":"page","link":"https:\/\/pb.edu.pl\/signum\/konkurs\/usmiechniete-rozmaitosci-matematyczne\/nagrodzone-prace-2007\/","title":{"rendered":"Nagrodzone prace 2007"},"content":{"rendered":"<h1>Szko\u0142a \u015brednia<\/h1>\n<h3>I miejsce<\/h3>\n<div id=\"gallery-1\" class=\"gallery galleryid-56 gallery-columns-1 gallery-size-medium\">&nbsp;<\/div>\n<p><img loading=\"lazy\" decoding=\"async\" class=\"size-singlepic wp-image-3171 aligncenter\" src=\"https:\/\/pb.edu.pl\/signum\/wp-content\/uploads\/sites\/128\/2024\/05\/lic1.jpg\" alt=\"\" width=\"640\" height=\"438\" srcset=\"https:\/\/pb.edu.pl\/signum\/wp-content\/uploads\/sites\/128\/2024\/05\/lic1.jpg 640w, https:\/\/pb.edu.pl\/signum\/wp-content\/uploads\/sites\/128\/2024\/05\/lic1-300x205.jpg 300w\" sizes=\"auto, (max-width: 640px) 100vw, 640px\" \/><\/p>\n<p style=\"text-align: center\">Daria Paszko \u2013 II Liceum Og\u00f3lnokszta\u0142c\u0105ce w Bia\u0142ymstoku<\/p>\n<hr>\n<h3>II miejsce<\/h3>\n<p style=\"text-align: center\"><img loading=\"lazy\" decoding=\"async\" class=\"aligncenter size-singlepic wp-image-3170\" src=\"https:\/\/pb.edu.pl\/signum\/wp-content\/uploads\/sites\/128\/2024\/05\/lic2.jpg\" alt=\"\" width=\"480\" height=\"639\" srcset=\"https:\/\/pb.edu.pl\/signum\/wp-content\/uploads\/sites\/128\/2024\/05\/lic2.jpg 480w, https:\/\/pb.edu.pl\/signum\/wp-content\/uploads\/sites\/128\/2024\/05\/lic2-225x300.jpg 225w\" sizes=\"auto, (max-width: 480px) 100vw, 480px\" \/><\/p>\n<p style=\"text-align: center\">Kamilla Gryszel \u2013 III Liceum Og\u00f3lnokszta\u0142c\u0105ce w Bia\u0142ymstoku<\/p>\n<hr>\n<h3>III miejsce<\/h3>\n<p style=\"text-align: center\"><img loading=\"lazy\" decoding=\"async\" class=\"aligncenter size-singlepic wp-image-3169\" src=\"https:\/\/pb.edu.pl\/signum\/wp-content\/uploads\/sites\/128\/2024\/05\/lic3.jpg\" alt=\"\" width=\"640\" height=\"480\" srcset=\"https:\/\/pb.edu.pl\/signum\/wp-content\/uploads\/sites\/128\/2024\/05\/lic3.jpg 640w, https:\/\/pb.edu.pl\/signum\/wp-content\/uploads\/sites\/128\/2024\/05\/lic3-300x225.jpg 300w\" sizes=\"auto, (max-width: 640px) 100vw, 640px\" \/><\/p>\n<p style=\"text-align: center\">Katarzyna Wr\u00f3blewska \u2013 III Liceum Og\u00f3lnokszta\u0142c\u0105ce w Bia\u0142ymstoku<\/p>\n<hr>\n<h1>Gimnazjum<\/h1>\n<h3>Nagroda<\/h3>\n<p><img loading=\"lazy\" decoding=\"async\" class=\"size-full wp-image-3168 aligncenter\" src=\"https:\/\/pb.edu.pl\/signum\/wp-content\/uploads\/sites\/128\/2024\/05\/gim.jpg\" alt=\"\" width=\"640\" height=\"454\" srcset=\"https:\/\/pb.edu.pl\/signum\/wp-content\/uploads\/sites\/128\/2024\/05\/gim.jpg 640w, https:\/\/pb.edu.pl\/signum\/wp-content\/uploads\/sites\/128\/2024\/05\/gim-300x213.jpg 300w\" sizes=\"auto, (max-width: 640px) 100vw, 640px\" \/><\/p>\n<p style=\"text-align: center\">Maria Magdalena Ko\u015bnik \u2013 Gimnazjum w Zespole Szk\u00f3\u0142 w Po\u015bwi\u0119tnem<\/p>\n","protected":false},"excerpt":{"rendered":"<p>Szko\u0142a \u015brednia I miejsce &nbsp; Daria Paszko \u2013 II Liceum Og\u00f3lnokszta\u0142c\u0105ce w Bia\u0142ymstoku II miejsce<\/p>\n","protected":false},"author":171,"featured_media":0,"parent":2519,"menu_order":0,"comment_status":"closed","ping_status":"closed","template":"","meta":{"_acf_changed":false,"ngg_post_thumbnail":0,"footnotes":""},"class_list":["post-3167","page","type-page","status-publish","hentry"],"acf":[],"_links":{"self":[{"href":"https:\/\/pb.edu.pl\/signum\/wp-json\/wp\/v2\/pages\/3167","targetHints":{"allow":["GET"]}}],"collection":[{"href":"https:\/\/pb.edu.pl\/signum\/wp-json\/wp\/v2\/pages"}],"about":[{"href":"https:\/\/pb.edu.pl\/signum\/wp-json\/wp\/v2\/types\/page"}],"author":[{"embeddable":true,"href":"https:\/\/pb.edu.pl\/signum\/wp-json\/wp\/v2\/users\/171"}],"replies":[{"embeddable":true,"href":"https:\/\/pb.edu.pl\/signum\/wp-json\/wp\/v2\/comments?post=3167"}],"version-history":[{"count":0,"href":"https:\/\/pb.edu.pl\/signum\/wp-json\/wp\/v2\/pages\/3167\/revisions"}],"up":[{"embeddable":true,"href":"https:\/\/pb.edu.pl\/signum\/wp-json\/wp\/v2\/pages\/2519"}],"wp:attachment":[{"href":"https:\/\/pb.edu.pl\/signum\/wp-json\/wp\/v2\/media?parent=3167"}],"curies":[{"name":"wp","href":"https:\/\/api.w.org\/{rel}","templated":true}]}}