{"id":3160,"date":"2024-05-08T14:27:45","date_gmt":"2024-05-08T12:27:45","guid":{"rendered":"https:\/\/pb.edu.pl\/signum\/?page_id=3160"},"modified":"2024-05-08T14:27:45","modified_gmt":"2024-05-08T12:27:45","slug":"nagrodzone-prace-2008","status":"publish","type":"page","link":"https:\/\/pb.edu.pl\/signum\/konkurs\/usmiechniete-rozmaitosci-matematyczne\/nagrodzone-prace-2008\/","title":{"rendered":"Nagrodzone prace 2008"},"content":{"rendered":"<h1>Szko\u0142a \u015brednia<\/h1>\n<hr>\n<h3>I miejsce<\/h3>\n<table style=\"border-collapse: collapse;width: 100%\">\n<tbody>\n<tr>\n<td style=\"width: 50%\"><img loading=\"lazy\" decoding=\"async\" class=\"size-singlepic wp-image-3165 aligncenter\" src=\"https:\/\/pb.edu.pl\/signum\/wp-content\/uploads\/sites\/128\/2024\/05\/I_lic1.jpg\" alt=\"\" width=\"640\" height=\"429\" srcset=\"https:\/\/pb.edu.pl\/signum\/wp-content\/uploads\/sites\/128\/2024\/05\/I_lic1.jpg 640w, https:\/\/pb.edu.pl\/signum\/wp-content\/uploads\/sites\/128\/2024\/05\/I_lic1-300x201.jpg 300w\" sizes=\"auto, (max-width: 640px) 100vw, 640px\" \/><\/p>\n<p style=\"text-align: center\">,,MATMIX\u201d Marlena Drabyk \u2013 II Liceum Og\u00f3lnokszta\u0142c\u0105ce w Bia\u0142ymstoku<\/p>\n<\/td>\n<td style=\"width: 50%;text-align: center\"><img loading=\"lazy\" decoding=\"async\" class=\"aligncenter size-singlepic wp-image-3164\" src=\"https:\/\/pb.edu.pl\/signum\/wp-content\/uploads\/sites\/128\/2024\/05\/I_lic2.jpg\" alt=\"\" width=\"640\" height=\"444\" srcset=\"https:\/\/pb.edu.pl\/signum\/wp-content\/uploads\/sites\/128\/2024\/05\/I_lic2.jpg 640w, https:\/\/pb.edu.pl\/signum\/wp-content\/uploads\/sites\/128\/2024\/05\/I_lic2-300x208.jpg 300w\" sizes=\"auto, (max-width: 640px) 100vw, 640px\" \/><\/p>\n<p>,,MATMIX Rewolucje\u201d Marlena Drabyk \u2013 II Liceum Og\u00f3lnokszta\u0142c\u0105ce w Bia\u0142ymstoku<\/td>\n<\/tr>\n<\/tbody>\n<\/table>\n<hr>\n<h3>II miejsce<\/h3>\n<div id=\"gallery-1\" class=\"gallery galleryid-58 gallery-columns-2 gallery-size-medium\">&nbsp;<\/div>\n<p style=\"text-align: center\"><img loading=\"lazy\" decoding=\"async\" class=\"aligncenter size-singlepic wp-image-3163\" src=\"https:\/\/pb.edu.pl\/signum\/wp-content\/uploads\/sites\/128\/2024\/05\/II_lic.jpg\" alt=\"\" width=\"640\" height=\"442\" srcset=\"https:\/\/pb.edu.pl\/signum\/wp-content\/uploads\/sites\/128\/2024\/05\/II_lic.jpg 640w, https:\/\/pb.edu.pl\/signum\/wp-content\/uploads\/sites\/128\/2024\/05\/II_lic-300x207.jpg 300w\" sizes=\"auto, (max-width: 640px) 100vw, 640px\" \/><\/p>\n<p style=\"text-align: center\">,,Symetria \u0142osiowa\u201d Justyna Hapunik \u2013 III Liceum Og\u00f3lnokszta\u0142c\u0105ce w Bia\u0142ymstoku<\/p>\n<hr>\n<h3>III miejsce<\/h3>\n<p style=\"text-align: center\"><img loading=\"lazy\" decoding=\"async\" class=\"aligncenter size-singlepic wp-image-3162\" src=\"https:\/\/pb.edu.pl\/signum\/wp-content\/uploads\/sites\/128\/2024\/05\/III_lic.jpg\" alt=\"\" width=\"480\" height=\"715\" srcset=\"https:\/\/pb.edu.pl\/signum\/wp-content\/uploads\/sites\/128\/2024\/05\/III_lic.jpg 480w, https:\/\/pb.edu.pl\/signum\/wp-content\/uploads\/sites\/128\/2024\/05\/III_lic-201x300.jpg 201w\" sizes=\"auto, (max-width: 480px) 100vw, 480px\" \/><\/p>\n<p style=\"text-align: center\">Katarzyna Wr\u00f3blewska \u2013 III Liceum Og\u00f3lnokszta\u0142c\u0105ce w Bia\u0142ymstoku<\/p>\n<h1>Gimnazjum<\/h1>\n<h3>Nagroda<\/h3>\n<p><img loading=\"lazy\" decoding=\"async\" class=\"size-full wp-image-3161 aligncenter\" src=\"https:\/\/pb.edu.pl\/signum\/wp-content\/uploads\/sites\/128\/2024\/05\/gimnazjum.jpg\" alt=\"\" width=\"640\" height=\"453\" srcset=\"https:\/\/pb.edu.pl\/signum\/wp-content\/uploads\/sites\/128\/2024\/05\/gimnazjum.jpg 640w, https:\/\/pb.edu.pl\/signum\/wp-content\/uploads\/sites\/128\/2024\/05\/gimnazjum-300x212.jpg 300w\" sizes=\"auto, (max-width: 640px) 100vw, 640px\" \/><\/p>\n<div id=\"gallery-4\" class=\"gallery galleryid-58 gallery-columns-1 gallery-size-medium\" style=\"text-align: center\">,,U\u0142amki dziesi\u0119tne\u201d Magda Aleksiejuk \u2013 Publiczne Gimanzjum nr 30 w Bia\u0142ymstoku<\/div>\n","protected":false},"excerpt":{"rendered":"<p>Szko\u0142a \u015brednia I miejsce ,,MATMIX\u201d Marlena Drabyk \u2013 II Liceum Og\u00f3lnokszta\u0142c\u0105ce w Bia\u0142ymstoku ,,MATMIX Rewolucje\u201d<\/p>\n","protected":false},"author":171,"featured_media":0,"parent":2519,"menu_order":0,"comment_status":"closed","ping_status":"closed","template":"","meta":{"_acf_changed":false,"ngg_post_thumbnail":0,"footnotes":""},"class_list":["post-3160","page","type-page","status-publish","hentry"],"acf":[],"_links":{"self":[{"href":"https:\/\/pb.edu.pl\/signum\/wp-json\/wp\/v2\/pages\/3160","targetHints":{"allow":["GET"]}}],"collection":[{"href":"https:\/\/pb.edu.pl\/signum\/wp-json\/wp\/v2\/pages"}],"about":[{"href":"https:\/\/pb.edu.pl\/signum\/wp-json\/wp\/v2\/types\/page"}],"author":[{"embeddable":true,"href":"https:\/\/pb.edu.pl\/signum\/wp-json\/wp\/v2\/users\/171"}],"replies":[{"embeddable":true,"href":"https:\/\/pb.edu.pl\/signum\/wp-json\/wp\/v2\/comments?post=3160"}],"version-history":[{"count":0,"href":"https:\/\/pb.edu.pl\/signum\/wp-json\/wp\/v2\/pages\/3160\/revisions"}],"up":[{"embeddable":true,"href":"https:\/\/pb.edu.pl\/signum\/wp-json\/wp\/v2\/pages\/2519"}],"wp:attachment":[{"href":"https:\/\/pb.edu.pl\/signum\/wp-json\/wp\/v2\/media?parent=3160"}],"curies":[{"name":"wp","href":"https:\/\/api.w.org\/{rel}","templated":true}]}}