{"id":3133,"date":"2024-05-08T14:05:33","date_gmt":"2024-05-08T12:05:33","guid":{"rendered":"https:\/\/pb.edu.pl\/signum\/?page_id=3133"},"modified":"2024-05-08T14:05:33","modified_gmt":"2024-05-08T12:05:33","slug":"nagrodzone-prace-2010","status":"publish","type":"page","link":"https:\/\/pb.edu.pl\/signum\/konkurs\/usmiechniete-rozmaitosci-matematyczne\/nagrodzone-prace-2010\/","title":{"rendered":"Nagrodzone prace 2010"},"content":{"rendered":"<h1>Szko\u0142a ponadgimnazjalna<\/h1>\n<hr>\n<h3>I miejsce<\/h3>\n<table style=\"border-collapse: collapse;width: 100%\">\n<tbody>\n<tr>\n<td style=\"width: 50%\"><img loading=\"lazy\" decoding=\"async\" class=\"aligncenter size-singlepic wp-image-3148\" src=\"https:\/\/pb.edu.pl\/signum\/wp-content\/uploads\/sites\/128\/2024\/05\/szewczul003-1.jpg\" alt=\"\" width=\"473\" height=\"700\" srcset=\"https:\/\/pb.edu.pl\/signum\/wp-content\/uploads\/sites\/128\/2024\/05\/szewczul003-1.jpg 473w, https:\/\/pb.edu.pl\/signum\/wp-content\/uploads\/sites\/128\/2024\/05\/szewczul003-1-203x300.jpg 203w\" sizes=\"auto, (max-width: 473px) 100vw, 473px\" \/><\/p>\n<p style=\"text-align: center\">,,Niesko\u0144czono\u015b\u0107\u201d Katarzyna Szewczul \u2013 II Liceum Og\u00f3lnokszta\u0142c\u0105ce w Bia\u0142ymstoku<\/p>\n<\/td>\n<td style=\"width: 50%\"><img loading=\"lazy\" decoding=\"async\" class=\"aligncenter size-singlepic wp-image-3147\" src=\"https:\/\/pb.edu.pl\/signum\/wp-content\/uploads\/sites\/128\/2024\/05\/szewczul002-1.jpg\" alt=\"\" width=\"490\" height=\"700\" srcset=\"https:\/\/pb.edu.pl\/signum\/wp-content\/uploads\/sites\/128\/2024\/05\/szewczul002-1.jpg 490w, https:\/\/pb.edu.pl\/signum\/wp-content\/uploads\/sites\/128\/2024\/05\/szewczul002-1-210x300.jpg 210w\" sizes=\"auto, (max-width: 490px) 100vw, 490px\" \/><\/p>\n<p style=\"text-align: center\">,,Funkcja monotoniczna\u201d Katarzyna Szewczul \u2013 II Liceum Og\u00f3lnokszta\u0142c\u0105ce w Bia\u0142ymstoku<\/p>\n<\/td>\n<\/tr>\n<\/tbody>\n<\/table>\n<p>&nbsp;<\/p>\n<hr>\n<h3>II miejsce<\/h3>\n<h3><img loading=\"lazy\" decoding=\"async\" class=\"aligncenter size-singlepic wp-image-3146\" src=\"https:\/\/pb.edu.pl\/signum\/wp-content\/uploads\/sites\/128\/2024\/05\/pac.jpg\" alt=\"\" width=\"935\" height=\"680\" srcset=\"https:\/\/pb.edu.pl\/signum\/wp-content\/uploads\/sites\/128\/2024\/05\/pac.jpg 935w, https:\/\/pb.edu.pl\/signum\/wp-content\/uploads\/sites\/128\/2024\/05\/pac-300x218.jpg 300w, https:\/\/pb.edu.pl\/signum\/wp-content\/uploads\/sites\/128\/2024\/05\/pac-768x559.jpg 768w\" sizes=\"auto, (max-width: 935px) 100vw, 935px\" \/><\/h3>\n<p style=\"text-align: center\">,,Psychiatra radzi\u201d Dawid Pac \u2013 Zesp\u00f3\u0142 Szk\u00f3\u0142 w Sok\u00f3\u0142ce<\/p>\n<hr>\n<h3>III miejsce<\/h3>\n<table style=\"border-collapse: collapse;width: 100%\">\n<tbody>\n<tr>\n<td style=\"width: 50%\">\n<h3><img loading=\"lazy\" decoding=\"async\" class=\"size-singlepic wp-image-3145 aligncenter\" src=\"https:\/\/pb.edu.pl\/signum\/wp-content\/uploads\/sites\/128\/2024\/05\/dlugozima002.jpg\" alt=\"\" width=\"919\" height=\"600\" srcset=\"https:\/\/pb.edu.pl\/signum\/wp-content\/uploads\/sites\/128\/2024\/05\/dlugozima002.jpg 919w, https:\/\/pb.edu.pl\/signum\/wp-content\/uploads\/sites\/128\/2024\/05\/dlugozima002-300x196.jpg 300w, https:\/\/pb.edu.pl\/signum\/wp-content\/uploads\/sites\/128\/2024\/05\/dlugozima002-768x501.jpg 768w\" sizes=\"auto, (max-width: 919px) 100vw, 919px\" \/><\/h3>\n<p style=\"text-align: center\">,,Trzy punkty\u201d Daria D\u0142ugozima \u2013 II Liceum Og\u00f3lnokszta\u0142c\u0105ce w Bia\u0142ymstoku<\/p>\n<\/td>\n<td style=\"width: 50%\">\n<h3><img loading=\"lazy\" decoding=\"async\" class=\"size-singlepic wp-image-3144 aligncenter\" src=\"https:\/\/pb.edu.pl\/signum\/wp-content\/uploads\/sites\/128\/2024\/05\/dlugozima003.jpg\" alt=\"\" width=\"942\" height=\"600\" srcset=\"https:\/\/pb.edu.pl\/signum\/wp-content\/uploads\/sites\/128\/2024\/05\/dlugozima003.jpg 942w, https:\/\/pb.edu.pl\/signum\/wp-content\/uploads\/sites\/128\/2024\/05\/dlugozima003-300x191.jpg 300w, https:\/\/pb.edu.pl\/signum\/wp-content\/uploads\/sites\/128\/2024\/05\/dlugozima003-768x489.jpg 768w\" sizes=\"auto, (max-width: 942px) 100vw, 942px\" \/><\/h3>\n<p style=\"text-align: center\">,,Wyprowadzenie wzoru\u201d Daria D\u0142ugozima \u2013 II Liceum Og\u00f3lnokszta\u0142c\u0105ce w Bia\u0142ymstoku<\/p>\n<\/td>\n<\/tr>\n<\/tbody>\n<\/table>\n<hr>\n<h3>Wyr\u00f3\u017cnienia<\/h3>\n<table style=\"border-collapse: collapse;width: 100%\">\n<tbody>\n<tr>\n<td style=\"text-align: center\"><img loading=\"lazy\" decoding=\"async\" src=\"https:\/\/pb.edu.pl\/signum\/wp-content\/uploads\/sites\/128\/2024\/05\/wozniel002.jpg\" alt=\"\" width=\"857\" height=\"600\"><\/p>\n<p>,,Liczba rzeczywista\u201d Brygida Wo\u017aniel \u2013 II Liceum Og\u00f3lnokszta\u0142c\u0105ce w Bia\u0142ymstoku<\/td>\n<td style=\"text-align: center\"><img loading=\"lazy\" decoding=\"async\" src=\"https:\/\/pb.edu.pl\/signum\/wp-content\/uploads\/sites\/128\/2024\/05\/wozniel003.jpg\" alt=\"\" width=\"942\" height=\"600\"><\/p>\n<p>,,Jazda figurowa\u201d Brygida Wo\u017aniel \u2013 II Liceum Og\u00f3lnokszta\u0142c\u0105ce w Bia\u0142ymstoku<\/td>\n<td style=\"text-align: center\"><img loading=\"lazy\" decoding=\"async\" src=\"https:\/\/pb.edu.pl\/signum\/wp-content\/uploads\/sites\/128\/2024\/05\/kozlowski001.jpg\" alt=\"\" width=\"902\" height=\"650\">,,Cyfrowa telewizja\u201d Karol Jakub Koz\u0142owski \u2013 Zesp\u00f3\u0142 Szk\u00f3\u0142 w Sok\u00f3\u0142ce<\/td>\n<\/tr>\n<\/tbody>\n<\/table>\n<h1>Gimnazjum<\/h1>\n<h3>I miejsce<\/h3>\n<h3><img loading=\"lazy\" decoding=\"async\" class=\"aligncenter size-singlepic wp-image-3140\" src=\"https:\/\/pb.edu.pl\/signum\/wp-content\/uploads\/sites\/128\/2024\/05\/olejnik001.jpg\" alt=\"\" width=\"768\" height=\"1100\" srcset=\"https:\/\/pb.edu.pl\/signum\/wp-content\/uploads\/sites\/128\/2024\/05\/olejnik001.jpg 768w, https:\/\/pb.edu.pl\/signum\/wp-content\/uploads\/sites\/128\/2024\/05\/olejnik001-209x300.jpg 209w, https:\/\/pb.edu.pl\/signum\/wp-content\/uploads\/sites\/128\/2024\/05\/olejnik001-715x1024.jpg 715w\" sizes=\"auto, (max-width: 768px) 100vw, 768px\" \/><\/h3>\n<p style=\"text-align: center\">,,Liczba niewymierna\u201d Piotr Olejnik \u2013 Publiczne Gimanzjum nr 4 w Bia\u0142ymstoku<\/p>\n<hr>\n<h3>II miejsce<\/h3>\n<div id=\"gallery-6\" class=\"gallery galleryid-62 gallery-columns-1 gallery-size-medium\">\n<h3><img loading=\"lazy\" decoding=\"async\" class=\"aligncenter size-singlepic wp-image-3139\" src=\"https:\/\/pb.edu.pl\/signum\/wp-content\/uploads\/sites\/128\/2024\/05\/siemieniuk001.jpg\" alt=\"\" width=\"715\" height=\"1000\" srcset=\"https:\/\/pb.edu.pl\/signum\/wp-content\/uploads\/sites\/128\/2024\/05\/siemieniuk001.jpg 715w, https:\/\/pb.edu.pl\/signum\/wp-content\/uploads\/sites\/128\/2024\/05\/siemieniuk001-215x300.jpg 215w\" sizes=\"auto, (max-width: 715px) 100vw, 715px\" \/><\/h3>\n<\/div>\n<p style=\"text-align: center\">,,Kr\u00f3lowa nauk\u201d Monika Siemieniuk \u2013 Publiczne Gimanzjum nr 4 w Bia\u0142ymstoku<\/p>\n<hr>\n<h3>III miejsce<\/h3>\n<table style=\"border-collapse: collapse;width: 100%;height: 22px\">\n<tbody>\n<tr style=\"height: 22px\">\n<td style=\"width: 50%;height: 22px\">\n<h3><img loading=\"lazy\" decoding=\"async\" class=\"aligncenter size-singlepic wp-image-3138\" src=\"https:\/\/pb.edu.pl\/signum\/wp-content\/uploads\/sites\/128\/2024\/05\/tyminska003.jpg\" alt=\"\" width=\"846\" height=\"600\" srcset=\"https:\/\/pb.edu.pl\/signum\/wp-content\/uploads\/sites\/128\/2024\/05\/tyminska003.jpg 846w, https:\/\/pb.edu.pl\/signum\/wp-content\/uploads\/sites\/128\/2024\/05\/tyminska003-300x213.jpg 300w, https:\/\/pb.edu.pl\/signum\/wp-content\/uploads\/sites\/128\/2024\/05\/tyminska003-768x545.jpg 768w\" sizes=\"auto, (max-width: 846px) 100vw, 846px\" \/><\/h3>\n<p>,,Tr\u00f3jk\u0105ty przystaj\u0105ce\u201d Ambrossia Adrianna Tymi\u0144ska Ma\u0142aszkiewicz \u2013 Publiczne Gimanzjum nr 4 w Bia\u0142ymstoku<\/td>\n<td style=\"width: 50%;height: 22px\">\n<h3><img loading=\"lazy\" decoding=\"async\" class=\"aligncenter size-singlepic wp-image-3137\" src=\"https:\/\/pb.edu.pl\/signum\/wp-content\/uploads\/sites\/128\/2024\/05\/tyminska004.jpg\" alt=\"\" width=\"825\" height=\"600\" srcset=\"https:\/\/pb.edu.pl\/signum\/wp-content\/uploads\/sites\/128\/2024\/05\/tyminska004.jpg 825w, https:\/\/pb.edu.pl\/signum\/wp-content\/uploads\/sites\/128\/2024\/05\/tyminska004-300x218.jpg 300w, https:\/\/pb.edu.pl\/signum\/wp-content\/uploads\/sites\/128\/2024\/05\/tyminska004-768x559.jpg 768w\" sizes=\"auto, (max-width: 825px) 100vw, 825px\" \/><\/h3>\n<p>,,Amor matematyczny\u201d Ambrossia Adrianna Tymi\u0144ska Ma\u0142aszkiewicz \u2013 Publiczne Gimanzjum nr 4 w Bia\u0142ymstoku<\/td>\n<\/tr>\n<\/tbody>\n<\/table>\n<hr>\n<h3 id=\"gallery-7\" class=\"gallery galleryid-62 gallery-columns-2 gallery-size-medium\">Wyr\u00f3\u017cnienie<\/h3>\n<table style=\"border-collapse: collapse;width: 100%\">\n<tbody>\n<tr>\n<td style=\"width: 33.3333%;text-align: center\">\n<h3 style=\"color: #292929\"><img loading=\"lazy\" decoding=\"async\" class=\"aligncenter size-singlepic wp-image-3136\" src=\"https:\/\/pb.edu.pl\/signum\/wp-content\/uploads\/sites\/128\/2024\/05\/lukaszewicz001.jpg\" alt=\"\" width=\"794\" height=\"600\" srcset=\"https:\/\/pb.edu.pl\/signum\/wp-content\/uploads\/sites\/128\/2024\/05\/lukaszewicz001.jpg 794w, https:\/\/pb.edu.pl\/signum\/wp-content\/uploads\/sites\/128\/2024\/05\/lukaszewicz001-300x227.jpg 300w, https:\/\/pb.edu.pl\/signum\/wp-content\/uploads\/sites\/128\/2024\/05\/lukaszewicz001-768x580.jpg 768w\" sizes=\"auto, (max-width: 794px) 100vw, 794px\" \/><\/h3>\n<p>,,Szkolne wpadki\u201d Agnieszka \u0141ukaszewicz \u2013 Publiczne Gimanzjum nr 4 w Bia\u0142ymstoku<\/p>\n<p>&nbsp;<\/td>\n<td style=\"width: 33.3333%;text-align: center\">\n<h3 style=\"color: #292929\"><img loading=\"lazy\" decoding=\"async\" class=\"aligncenter size-singlepic wp-image-3135\" src=\"https:\/\/pb.edu.pl\/signum\/wp-content\/uploads\/sites\/128\/2024\/05\/lukaszewicz002.jpg\" alt=\"\" width=\"865\" height=\"650\" srcset=\"https:\/\/pb.edu.pl\/signum\/wp-content\/uploads\/sites\/128\/2024\/05\/lukaszewicz002.jpg 865w, https:\/\/pb.edu.pl\/signum\/wp-content\/uploads\/sites\/128\/2024\/05\/lukaszewicz002-300x225.jpg 300w, https:\/\/pb.edu.pl\/signum\/wp-content\/uploads\/sites\/128\/2024\/05\/lukaszewicz002-768x577.jpg 768w\" sizes=\"auto, (max-width: 865px) 100vw, 865px\" \/><\/h3>\n<p>,,RLUDOLFINA\u201d Agnieszka \u0141ukaszewicz \u2013 Publiczne Gimanzjum nr 4 w Bia\u0142ymstoku<\/p>\n<p>&nbsp;<\/td>\n<td style=\"width: 33.3333%;text-align: center\">\n<h3 style=\"color: #292929\"><img loading=\"lazy\" decoding=\"async\" class=\"aligncenter size-full wp-image-3134\" src=\"https:\/\/pb.edu.pl\/signum\/wp-content\/uploads\/sites\/128\/2024\/05\/dobkowski.jpg\" alt=\"\" width=\"707\" height=\"1000\" srcset=\"https:\/\/pb.edu.pl\/signum\/wp-content\/uploads\/sites\/128\/2024\/05\/dobkowski.jpg 707w, https:\/\/pb.edu.pl\/signum\/wp-content\/uploads\/sites\/128\/2024\/05\/dobkowski-212x300.jpg 212w\" sizes=\"auto, (max-width: 707px) 100vw, 707px\" \/><\/h3>\n<p>,,Pitagoras\u201d \u0141ukasz Dobkowski \u2013 Publiczne Gimanzjum nr 4 w Bia\u0142ymstoku<\/p>\n<p>&nbsp;<\/td>\n<\/tr>\n<\/tbody>\n<\/table>\n","protected":false},"excerpt":{"rendered":"<p>Szko\u0142a ponadgimnazjalna I miejsce ,,Niesko\u0144czono\u015b\u0107\u201d Katarzyna Szewczul \u2013 II Liceum Og\u00f3lnokszta\u0142c\u0105ce w Bia\u0142ymstoku ,,Funkcja monotoniczna\u201d<\/p>\n","protected":false},"author":171,"featured_media":0,"parent":2519,"menu_order":0,"comment_status":"closed","ping_status":"closed","template":"","meta":{"_acf_changed":false,"ngg_post_thumbnail":0,"footnotes":""},"class_list":["post-3133","page","type-page","status-publish","hentry"],"acf":[],"_links":{"self":[{"href":"https:\/\/pb.edu.pl\/signum\/wp-json\/wp\/v2\/pages\/3133","targetHints":{"allow":["GET"]}}],"collection":[{"href":"https:\/\/pb.edu.pl\/signum\/wp-json\/wp\/v2\/pages"}],"about":[{"href":"https:\/\/pb.edu.pl\/signum\/wp-json\/wp\/v2\/types\/page"}],"author":[{"embeddable":true,"href":"https:\/\/pb.edu.pl\/signum\/wp-json\/wp\/v2\/users\/171"}],"replies":[{"embeddable":true,"href":"https:\/\/pb.edu.pl\/signum\/wp-json\/wp\/v2\/comments?post=3133"}],"version-history":[{"count":0,"href":"https:\/\/pb.edu.pl\/signum\/wp-json\/wp\/v2\/pages\/3133\/revisions"}],"up":[{"embeddable":true,"href":"https:\/\/pb.edu.pl\/signum\/wp-json\/wp\/v2\/pages\/2519"}],"wp:attachment":[{"href":"https:\/\/pb.edu.pl\/signum\/wp-json\/wp\/v2\/media?parent=3133"}],"curies":[{"name":"wp","href":"https:\/\/api.w.org\/{rel}","templated":true}]}}