{"id":3119,"date":"2024-05-08T10:45:45","date_gmt":"2024-05-08T08:45:45","guid":{"rendered":"https:\/\/pb.edu.pl\/signum\/?page_id=3119"},"modified":"2024-05-08T10:45:45","modified_gmt":"2024-05-08T08:45:45","slug":"nagrodzone-prace-2013","status":"publish","type":"page","link":"https:\/\/pb.edu.pl\/signum\/konkurs\/usmiechniete-rozmaitosci-matematyczne\/nagrodzone-prace-2013\/","title":{"rendered":"Nagrodzone prace 2013"},"content":{"rendered":"<h1>Gimnazjum<\/h1>\n<p><img loading=\"lazy\" decoding=\"async\" class=\"size-thumbnail wp-image-3122 aligncenter\" src=\"https:\/\/pb.edu.pl\/signum\/wp-content\/uploads\/sites\/128\/2024\/05\/markawy1-150x150.jpg\" alt=\"\" width=\"150\" height=\"150\"><\/p>\n<p style=\"text-align: center\">,,Z \u017cycia matematyka\u201d Magdalena Harkawy \u2013 Zesp\u00f3\u0142 Szk\u00f3\u0142 nr 4 w Bielsku Podlaskim<\/p>\n<hr>\n<p>&nbsp;<\/p>\n<p><img loading=\"lazy\" decoding=\"async\" class=\"size-thumbnail wp-image-3121 aligncenter\" src=\"https:\/\/pb.edu.pl\/signum\/wp-content\/uploads\/sites\/128\/2024\/05\/kamienska1-150x150.jpg\" alt=\"\" width=\"150\" height=\"150\"><\/p>\n<p style=\"text-align: center\">,,Skipper, Kowalski i liczba Pi\u201d \u2013 Publiczne Gimanzjum nr 4 w Bia\u0142ymstoku<\/p>\n<hr>\n<p><img loading=\"lazy\" decoding=\"async\" class=\"size-thumbnail wp-image-3120 aligncenter\" src=\"https:\/\/pb.edu.pl\/signum\/wp-content\/uploads\/sites\/128\/2024\/05\/zawadzka1-150x150.jpg\" alt=\"\" width=\"150\" height=\"150\"><\/p>\n<p style=\"text-align: center\">,,Nauczka ewentualnie Pierwiastki\u201d Monika Zawadzka \u2013 Publiczne Gimanzjum nr 18 w Bia\u0142ymstoku<\/p>\n<p>&nbsp;<\/p>\n","protected":false},"excerpt":{"rendered":"<p>Gimnazjum ,,Z \u017cycia matematyka\u201d Magdalena Harkawy \u2013 Zesp\u00f3\u0142 Szk\u00f3\u0142 nr 4 w Bielsku Podlaskim &nbsp;<\/p>\n","protected":false},"author":171,"featured_media":0,"parent":2519,"menu_order":0,"comment_status":"closed","ping_status":"closed","template":"","meta":{"_acf_changed":false,"ngg_post_thumbnail":0,"footnotes":""},"class_list":["post-3119","page","type-page","status-publish","hentry"],"acf":[],"_links":{"self":[{"href":"https:\/\/pb.edu.pl\/signum\/wp-json\/wp\/v2\/pages\/3119","targetHints":{"allow":["GET"]}}],"collection":[{"href":"https:\/\/pb.edu.pl\/signum\/wp-json\/wp\/v2\/pages"}],"about":[{"href":"https:\/\/pb.edu.pl\/signum\/wp-json\/wp\/v2\/types\/page"}],"author":[{"embeddable":true,"href":"https:\/\/pb.edu.pl\/signum\/wp-json\/wp\/v2\/users\/171"}],"replies":[{"embeddable":true,"href":"https:\/\/pb.edu.pl\/signum\/wp-json\/wp\/v2\/comments?post=3119"}],"version-history":[{"count":0,"href":"https:\/\/pb.edu.pl\/signum\/wp-json\/wp\/v2\/pages\/3119\/revisions"}],"up":[{"embeddable":true,"href":"https:\/\/pb.edu.pl\/signum\/wp-json\/wp\/v2\/pages\/2519"}],"wp:attachment":[{"href":"https:\/\/pb.edu.pl\/signum\/wp-json\/wp\/v2\/media?parent=3119"}],"curies":[{"name":"wp","href":"https:\/\/api.w.org\/{rel}","templated":true}]}}