{"id":3108,"date":"2024-05-08T10:30:12","date_gmt":"2024-05-08T08:30:12","guid":{"rendered":"https:\/\/pb.edu.pl\/signum\/?page_id=3108"},"modified":"2024-05-08T10:32:23","modified_gmt":"2024-05-08T08:32:23","slug":"nagrodzone-prace-2018","status":"publish","type":"page","link":"https:\/\/pb.edu.pl\/signum\/konkurs\/usmiechniete-rozmaitosci-matematyczne\/nagrodzone-prace-2018\/","title":{"rendered":"Nagrodzone prace 2018"},"content":{"rendered":"<h1>Gimnazjum oraz 7 klasa szko\u0142y podstawowe<\/h1>\n<h3>I miejsce&nbsp;<\/h3>\n<div id=\"gallery-1\" style=\"text-align: center\">\n<dl>\n<dt>ngg_shortcode_0_placeholder<\/dt>\n<dd id=\"gallery-1-366\">\u201e\u017bycie matematyka\u201d Julia Korolczuk \u2013 Szko\u0142a Podstawowa nr 29 w Bia\u0142ymstoku<\/dd>\n<\/dl>\n<\/div>\n<hr>\n<h3>II miejsce<\/h3>\n<div id=\"gallery-2\" style=\"text-align: center\">\n<dl>\n<dt>\n<dl>\n<dt>ngg_shortcode_1_placeholder<\/dt>\n<\/dl>\n<\/dt>\n<dd id=\"gallery-2-362\">\u201eSuper Sprawdzian\u201d Izabela Leszczy\u0144ska \u2013 Szko\u0142a Podstawowa nr 29 w Bia\u0142ymstoku<\/dd>\n<\/dl>\n<\/div>\n<hr>\n<h3>III miejsce<\/h3>\n<table style=\"border-collapse: collapse;width: 100%\">\n<tbody>\n<tr>\n<td style=\"width: 33.3333%\">\n<dl>\n<dt style=\"line-height: 1.42857\">ngg_shortcode_2_placeholder<\/dt>\n<\/dl>\n<p>Julia Dembowska \u2013 Gimnazjum im. Jana Paw\u0142a II w Ja\u015bwi\u0142ach<\/td>\n<td style=\"width: 33.3333%\">\n<dl>\n<dt style=\"line-height: 1.42857\">ngg_shortcode_3_placeholder<\/dt>\n<\/dl>\n<p>Julia Dembowska \u2013 Gimnazjum im. Jana Paw\u0142a II w Ja\u015bwi\u0142ach<\/td>\n<td style=\"width: 33.3333%\">\n<dl>\n<dt style=\"line-height: 1.42857\">ngg_shortcode_4_placeholder<\/dt>\n<\/dl>\n<p>Julia Dembowska \u2013 Gimnazjum im. Jana Paw\u0142a II w Ja\u015bwi\u0142ach<\/td>\n<\/tr>\n<\/tbody>\n<\/table>\n<hr>\n<hr>\n<h1>Szko\u0142a ponadgimnazjalna<\/h1>\n<hr>\n<hr>\n<h3>I miejsce&nbsp;<\/h3>\n<table style=\"border-collapse: collapse;width: 100%\">\n<tbody>\n<tr>\n<td style=\"width: 50%\">\n<dl>\n<dt style=\"line-height: 1.42857\">ngg_shortcode_5_placeholder<\/dt>\n<\/dl>\n<p>\u201eCos redukuje -\u201d Marek Citkowski \u2013 VI Liceum Og\u00f3lnokszta\u0142c\u0105ce w Bia\u0142ymstoku<\/td>\n<td style=\"width: 50%\">\n<dl>\n<dt style=\"line-height: 1.42857\">ngg_shortcode_6_placeholder<\/dt>\n<\/dl>\n<p>\u201eTr\u00f3jk\u0105t egipski\u201d Marek Citkowski \u2013 VI Liceum Og\u00f3lnokszta\u0142c\u0105ce w Bia\u0142ymstoku<\/td>\n<\/tr>\n<\/tbody>\n<\/table>\n<hr>\n<h3>II miejsce<\/h3>\n<table style=\"border-collapse: collapse;width: 100%;height: 106px\">\n<tbody>\n<tr style=\"height: 106px\">\n<td style=\"width: 25%;height: 106px\">\n<dl>\n<dt style=\"line-height: 1.42857\">ngg_shortcode_7_placeholder<\/dt>\n<\/dl>\n<p>\u201eDelta-man i Tangens\u201d Alicja Or\u0142owska i Dariusz Begiedza \u2013 Zesp\u00f3\u0142 Szk\u00f3\u0142 Informatycznych w S\u0142upsku<\/td>\n<td style=\"width: 25%;height: 106px\"><span style=\"font-weight: bold;text-align: center\">ngg_shortcode_8_placeholder<\/span><\/td>\n<td style=\"width: 25%;height: 106px\"><span style=\"font-weight: bold;text-align: center\">ngg_shortcode_9_placeholder<\/span><\/td>\n<td style=\"width: 25%;height: 106px\"><span style=\"font-weight: bold;text-align: center\">ngg_shortcode_10_placeholder<\/span><\/td>\n<\/tr>\n<\/tbody>\n<\/table>\n<hr>\n<h3>III miejsce<\/h3>\n<div id=\"gallery-6\" style=\"text-align: center\">\n<dl>\n<dt>\n<dl>\n<dt>ngg_shortcode_11_placeholder<\/dt>\n<\/dl>\n<\/dt>\n<dd id=\"gallery-6-351\">\u201eZakr\u0119cony Simson i jego kalkulator\u201d Agnieszka Kitkowska \u2013 Liceum Plastyczne im. St. I. Witkiewicza w S\u0142upsku<\/dd>\n<\/dl>\n<\/div>\n<hr>\n<h3>Wyr\u00f3\u017cnienie<\/h3>\n<div id=\"gallery-7\" style=\"text-align: center\">\n<dl>\n<dt>\n<dl>\n<dt>ngg_shortcode_12_placeholder<\/dt>\n<\/dl>\n<\/dt>\n<dd id=\"gallery-7-367\">\u201eMatematyka zawsze Ci\u0119 dopadnie\u201d Klaudia Sikorska \u2013 III Liceum Og\u00f3lnokszta\u0142c\u0105ce w Bia\u0142ymstoku<\/dd>\n<\/dl>\n<\/div>\n","protected":false},"excerpt":{"rendered":"<p>Gimnazjum oraz 7 klasa szko\u0142y podstawowe I miejsce&nbsp; \u201e\u017bycie matematyka\u201d Julia Korolczuk \u2013 Szko\u0142a Podstawowa<\/p>\n","protected":false},"author":171,"featured_media":0,"parent":2519,"menu_order":0,"comment_status":"closed","ping_status":"closed","template":"","meta":{"_acf_changed":false,"ngg_post_thumbnail":0,"footnotes":""},"class_list":["post-3108","page","type-page","status-publish","hentry"],"acf":[],"_links":{"self":[{"href":"https:\/\/pb.edu.pl\/signum\/wp-json\/wp\/v2\/pages\/3108","targetHints":{"allow":["GET"]}}],"collection":[{"href":"https:\/\/pb.edu.pl\/signum\/wp-json\/wp\/v2\/pages"}],"about":[{"href":"https:\/\/pb.edu.pl\/signum\/wp-json\/wp\/v2\/types\/page"}],"author":[{"embeddable":true,"href":"https:\/\/pb.edu.pl\/signum\/wp-json\/wp\/v2\/users\/171"}],"replies":[{"embeddable":true,"href":"https:\/\/pb.edu.pl\/signum\/wp-json\/wp\/v2\/comments?post=3108"}],"version-history":[{"count":0,"href":"https:\/\/pb.edu.pl\/signum\/wp-json\/wp\/v2\/pages\/3108\/revisions"}],"up":[{"embeddable":true,"href":"https:\/\/pb.edu.pl\/signum\/wp-json\/wp\/v2\/pages\/2519"}],"wp:attachment":[{"href":"https:\/\/pb.edu.pl\/signum\/wp-json\/wp\/v2\/media?parent=3108"}],"curies":[{"name":"wp","href":"https:\/\/api.w.org\/{rel}","templated":true}]}}