{"id":3063,"date":"2024-05-07T13:51:56","date_gmt":"2024-05-07T11:51:56","guid":{"rendered":"https:\/\/pb.edu.pl\/signum\/?page_id=3063"},"modified":"2024-05-08T08:49:22","modified_gmt":"2024-05-08T06:49:22","slug":"nagrodzone-prace-2022","status":"publish","type":"page","link":"https:\/\/pb.edu.pl\/signum\/konkurs\/usmiechniete-rozmaitosci-matematyczne\/nagrodzone-prace-2022\/","title":{"rendered":"Nagrodzone prace 2022"},"content":{"rendered":"<h1>Szko\u0142a podstawowa (klasy 6-8)<\/h1>\n<h3>I miejsce<\/h3>\n<h6><a title=\" \" href=\"https:\/\/pb.edu.pl\/signum\/wp-content\/uploads\/sites\/128\/nggallery\/2022-usmiechniete-rozmaitosci-matematyczne\/P005.jpg\" rel=\"\" data-image-id=\"262\" data-src=\"https:\/\/pb.edu.pl\/signum\/wp-content\/uploads\/sites\/128\/nggallery\/2022-usmiechniete-rozmaitosci-matematyczne\/P005.jpg\" data-thumbnail=\"https:\/\/pb.edu.pl\/signum\/wp-content\/uploads\/sites\/128\/nggallery\/2022-usmiechniete-rozmaitosci-matematyczne\/thumbs\/thumbs_P005.jpg\" data-title=\"P005\" data-description=\" \"><img decoding=\"async\" class=\"aligncenter\" src=\"https:\/\/pb.edu.pl\/signum\/wp-content\/uploads\/sites\/128\/nggallery\/2022-usmiechniete-rozmaitosci-matematyczne\/P005.jpg\" alt=\"P005\"><\/a><\/h6>\n<div id=\"attachment_810\">\n<p id=\"caption-attachment-810\" style=\"text-align: center\">,,Matematyczne Po\u0142owy\u201d Karol Mat\u0142ok, Szko\u0142a Podstawowa nr 3 w D\u0119bicy&nbsp;<\/p>\n<\/div>\n<hr>\n<h3>II miejsce<\/h3>\n<div id=\"attachment_812\"><a title=\" \" href=\"https:\/\/pb.edu.pl\/signum\/wp-content\/uploads\/sites\/128\/nggallery\/2022-usmiechniete-rozmaitosci-matematyczne\/P009.jpg\" rel=\"\" data-image-id=\"258\" data-src=\"https:\/\/pb.edu.pl\/signum\/wp-content\/uploads\/sites\/128\/nggallery\/2022-usmiechniete-rozmaitosci-matematyczne\/P009.jpg\" data-thumbnail=\"https:\/\/pb.edu.pl\/signum\/wp-content\/uploads\/sites\/128\/nggallery\/2022-usmiechniete-rozmaitosci-matematyczne\/thumbs\/thumbs_P009.jpg\" data-title=\"P009\" data-description=\" \"><img decoding=\"async\" class=\"aligncenter\" src=\"https:\/\/pb.edu.pl\/signum\/wp-content\/uploads\/sites\/128\/nggallery\/2022-usmiechniete-rozmaitosci-matematyczne\/P009.jpg\" alt=\"P009\"><\/a><\/p>\n<p id=\"caption-attachment-812\" style=\"text-align: center\">,,U\u0142amkowa mi\u0142o\u015b\u0107\u201d Julia Ma\u0142ysa, Szko\u0142a Podstawowa im. Kornela Makuszy\u0144skiego w Piekielniku<\/p>\n<\/div>\n<hr>\n<h3>III miejsce<\/h3>\n<div id=\"attachment_807\"><a title=\" \" href=\"https:\/\/pb.edu.pl\/signum\/wp-content\/uploads\/sites\/128\/nggallery\/2022-usmiechniete-rozmaitosci-matematyczne\/P004.jpg\" rel=\"\" data-image-id=\"255\" data-src=\"https:\/\/pb.edu.pl\/signum\/wp-content\/uploads\/sites\/128\/nggallery\/2022-usmiechniete-rozmaitosci-matematyczne\/P004.jpg\" data-thumbnail=\"https:\/\/pb.edu.pl\/signum\/wp-content\/uploads\/sites\/128\/nggallery\/2022-usmiechniete-rozmaitosci-matematyczne\/thumbs\/thumbs_P004.jpg\" data-title=\"P004\" data-description=\" \"><img decoding=\"async\" class=\"aligncenter\" src=\"https:\/\/pb.edu.pl\/signum\/wp-content\/uploads\/sites\/128\/nggallery\/2022-usmiechniete-rozmaitosci-matematyczne\/P004.jpg\" alt=\"P004\"><\/a><\/div>\n<div>\n<p id=\"caption-attachment-807\" style=\"text-align: center\">,,Przypad\u0142o\u015b\u0107 matematyczna\u201d Wiktor Sendkowski, Publiczna Szko\u0142a Podstawowa nr 4 w Radomsku<\/p>\n<\/div>\n<h1>Szko\u0142a \u015brednia<\/h1>\n<h3>I miejsce<\/h3>\n<div id=\"attachment_822\">\n<p><a title=\" \" href=\"https:\/\/pb.edu.pl\/signum\/wp-content\/uploads\/sites\/128\/nggallery\/2022s-usmiechniete-rozmaitosci-matematyczne\/S008.jpg\" rel=\"\" data-image-id=\"236\" data-src=\"https:\/\/pb.edu.pl\/signum\/wp-content\/uploads\/sites\/128\/nggallery\/2022s-usmiechniete-rozmaitosci-matematyczne\/S008.jpg\" data-thumbnail=\"https:\/\/pb.edu.pl\/signum\/wp-content\/uploads\/sites\/128\/nggallery\/2022s-usmiechniete-rozmaitosci-matematyczne\/thumbs\/thumbs_S008.jpg\" data-title=\"S008\" data-description=\" \"><img decoding=\"async\" class=\"aligncenter\" src=\"https:\/\/pb.edu.pl\/signum\/wp-content\/uploads\/sites\/128\/nggallery\/2022s-usmiechniete-rozmaitosci-matematyczne\/S008.jpg\" alt=\"S008\"><\/a><\/p>\n<p id=\"caption-attachment-822\" style=\"text-align: center\">,,Nieko\u0144cz\u0105ca si\u0119 opowie\u015b\u0107\u201d Gabriel Bagi\u0144ski, Zesp\u00f3\u0142 Szk\u00f3\u0142 Zawodowych im. Stanis\u0142awa Staszica w Wysokiem Mazowieckiem<\/p>\n<\/div>\n<hr>\n<h3>II miejsce<\/h3>\n<p>&nbsp;<\/p>\n<div id=\"attachment_835\">\n<p id=\"caption-attachment-835\"><a title=\" \" href=\"https:\/\/pb.edu.pl\/signum\/wp-content\/uploads\/sites\/128\/nggallery\/2022s-usmiechniete-rozmaitosci-matematyczne\/S019.jpg\" rel=\"\" data-image-id=\"247\" data-src=\"https:\/\/pb.edu.pl\/signum\/wp-content\/uploads\/sites\/128\/nggallery\/2022s-usmiechniete-rozmaitosci-matematyczne\/S019.jpg\" data-thumbnail=\"https:\/\/pb.edu.pl\/signum\/wp-content\/uploads\/sites\/128\/nggallery\/2022s-usmiechniete-rozmaitosci-matematyczne\/thumbs\/thumbs_S019.jpg\" data-title=\"S019\" data-description=\" \"><img decoding=\"async\" class=\"aligncenter\" src=\"https:\/\/pb.edu.pl\/signum\/wp-content\/uploads\/sites\/128\/nggallery\/2022s-usmiechniete-rozmaitosci-matematyczne\/S019.jpg\" alt=\"S019\"><\/a><\/p>\n<p style=\"text-align: center\">,,MatmaRz\u0105dzi MatmaRadzi MatmaNigdyCi\u0119NieZdradzi\u201d Karolina Zdrodowska, Zesp\u00f3\u0142 Szk\u00f3\u0142 Elektrycznych w Bia\u0142ymstoku<\/p>\n<\/div>\n<hr>\n<h3>III miejsce<\/h3>\n<div id=\"attachment_818\" style=\"text-align: center\">\n<p><a class=\"ngg-simplelightbox\" title=\" \" href=\"https:\/\/pb.edu.pl\/signum\/wp-content\/uploads\/sites\/128\/nggallery\/2022s-usmiechniete-rozmaitosci-matematyczne\/S006.jpg\" rel=\"\" data-image-id=\"235\" data-src=\"https:\/\/pb.edu.pl\/signum\/wp-content\/uploads\/sites\/128\/nggallery\/2022s-usmiechniete-rozmaitosci-matematyczne\/S006.jpg\" data-thumbnail=\"https:\/\/pb.edu.pl\/signum\/wp-content\/uploads\/sites\/128\/nggallery\/2022s-usmiechniete-rozmaitosci-matematyczne\/thumbs\/thumbs_S006.jpg\" data-title=\"S006\" data-description=\" \"><img decoding=\"async\" class=\"ngg-singlepic ngg-none aligncenter\" src=\"https:\/\/pb.edu.pl\/signum\/wp-content\/uploads\/sites\/128\/nggallery\/2022s-usmiechniete-rozmaitosci-matematyczne\/S006.jpg\" alt=\"S006\"><\/a><\/p>\n<p id=\"caption-attachment-818\">,,W poszukiwaniu miejsc zerowych\u201d Dominik Wi\u015bniewski, Zesp\u00f3\u0142 Szk\u00f3\u0142 Zawodowych im. Stanis\u0142awa Staszica w Wysokiem Mazowieckiem<\/p>\n<\/div>\n<hr>\n<h3>Wyr\u00f3\u017cnienie<\/h3>\n<div id=\"attachment_837\">\n<p><a class=\"ngg-simplelightbox\" title=\" \" href=\"https:\/\/pb.edu.pl\/signum\/wp-content\/uploads\/sites\/128\/nggallery\/2022s-usmiechniete-rozmaitosci-matematyczne\/S025.jpg\" rel=\"\" data-image-id=\"254\" data-src=\"https:\/\/pb.edu.pl\/signum\/wp-content\/uploads\/sites\/128\/nggallery\/2022s-usmiechniete-rozmaitosci-matematyczne\/S025.jpg\" data-thumbnail=\"https:\/\/pb.edu.pl\/signum\/wp-content\/uploads\/sites\/128\/nggallery\/2022s-usmiechniete-rozmaitosci-matematyczne\/thumbs\/thumbs_S025.jpg\" data-title=\"S025\" data-description=\" \"><img decoding=\"async\" class=\"ngg-singlepic ngg-none aligncenter\" src=\"https:\/\/pb.edu.pl\/signum\/wp-content\/uploads\/sites\/128\/nggallery\/2022s-usmiechniete-rozmaitosci-matematyczne\/S025.jpg\" alt=\"S025\"><\/a><\/p>\n<p id=\"caption-attachment-837\" style=\"text-align: center\">,,Niesko\u0144czono\u015b\u0107\u201d Julia Bi\u017cuta, VIII Liceum Og\u00f3lnokszta\u0142c\u0105ce w Bia\u0142ymstoku<\/p>\n<\/div>\n","protected":false},"excerpt":{"rendered":"<p>Szko\u0142a podstawowa (klasy 6-8) I miejsce ,,Matematyczne Po\u0142owy\u201d Karol Mat\u0142ok, Szko\u0142a Podstawowa nr 3 w<\/p>\n","protected":false},"author":171,"featured_media":0,"parent":2519,"menu_order":0,"comment_status":"closed","ping_status":"closed","template":"","meta":{"_acf_changed":false,"ngg_post_thumbnail":0,"footnotes":""},"class_list":["post-3063","page","type-page","status-publish","hentry"],"acf":[],"_links":{"self":[{"href":"https:\/\/pb.edu.pl\/signum\/wp-json\/wp\/v2\/pages\/3063","targetHints":{"allow":["GET"]}}],"collection":[{"href":"https:\/\/pb.edu.pl\/signum\/wp-json\/wp\/v2\/pages"}],"about":[{"href":"https:\/\/pb.edu.pl\/signum\/wp-json\/wp\/v2\/types\/page"}],"author":[{"embeddable":true,"href":"https:\/\/pb.edu.pl\/signum\/wp-json\/wp\/v2\/users\/171"}],"replies":[{"embeddable":true,"href":"https:\/\/pb.edu.pl\/signum\/wp-json\/wp\/v2\/comments?post=3063"}],"version-history":[{"count":0,"href":"https:\/\/pb.edu.pl\/signum\/wp-json\/wp\/v2\/pages\/3063\/revisions"}],"up":[{"embeddable":true,"href":"https:\/\/pb.edu.pl\/signum\/wp-json\/wp\/v2\/pages\/2519"}],"wp:attachment":[{"href":"https:\/\/pb.edu.pl\/signum\/wp-json\/wp\/v2\/media?parent=3063"}],"curies":[{"name":"wp","href":"https:\/\/api.w.org\/{rel}","templated":true}]}}