{"id":3052,"date":"2024-05-07T13:32:03","date_gmt":"2024-05-07T11:32:03","guid":{"rendered":"https:\/\/pb.edu.pl\/signum\/?page_id=3052"},"modified":"2024-06-14T09:12:27","modified_gmt":"2024-06-14T07:12:27","slug":"nadeslane-prace","status":"publish","type":"page","link":"https:\/\/pb.edu.pl\/signum\/konkurs\/usmiechniete-rozmaitosci-matematyczne\/nadeslane-prace\/","title":{"rendered":"Nades\u0142ane prace"},"content":{"rendered":"<p><a title=\"Nades\u0142ane prace 2024\" href=\"https:\/\/pb.edu.pl\/signum\/konkurs\/usmiechniete-rozmaitosci-matematyczne\/nadeslane-prace-2024\/\">Nades\u0142ane prace 2024<\/a><\/p>\n<p><a href=\"https:\/\/pb.edu.pl\/signum\/konkurs\/usmiechniete-rozmaitosci-matematyczne\/nadeslane-prace-2023\/\">Nades\u0142ane prace 2023<\/a><\/p>\n<p><a href=\"https:\/\/pb.edu.pl\/signum\/konkurs\/usmiechniete-rozmaitosci-matematyczne\/nadeslane-prace-2022\/\">Nades\u0142ane prace 2022<\/a><\/p>\n<p><a href=\"https:\/\/pb.edu.pl\/signum\/konkurs\/usmiechniete-rozmaitosci-matematyczne\/nadeslane-prace-2021\/\">Nades\u0142ane prace 2021<\/a><\/p>\n<p><a href=\"https:\/\/pb.edu.pl\/signum\/konkurs\/usmiechniete-rozmaitosci-matematyczne\/nadeslane-prace-2019\/\">Nades\u0142ane prace 2019<\/a><\/p>\n<p><a href=\"https:\/\/pb.edu.pl\/signum\/konkurs\/usmiechniete-rozmaitosci-matematyczne\/nadeslane-prace-2018\/\">Nades\u0142ane prace 2018<\/a><\/p>\n","protected":false},"excerpt":{"rendered":"<p>Nades\u0142ane prace 2024 Nades\u0142ane prace 2023 Nades\u0142ane prace 2022 Nades\u0142ane prace 2021 Nades\u0142ane prace 2019<\/p>\n","protected":false},"author":171,"featured_media":0,"parent":2519,"menu_order":0,"comment_status":"closed","ping_status":"closed","template":"","meta":{"_acf_changed":false,"ngg_post_thumbnail":0,"footnotes":""},"class_list":["post-3052","page","type-page","status-publish","hentry"],"acf":[],"_links":{"self":[{"href":"https:\/\/pb.edu.pl\/signum\/wp-json\/wp\/v2\/pages\/3052","targetHints":{"allow":["GET"]}}],"collection":[{"href":"https:\/\/pb.edu.pl\/signum\/wp-json\/wp\/v2\/pages"}],"about":[{"href":"https:\/\/pb.edu.pl\/signum\/wp-json\/wp\/v2\/types\/page"}],"author":[{"embeddable":true,"href":"https:\/\/pb.edu.pl\/signum\/wp-json\/wp\/v2\/users\/171"}],"replies":[{"embeddable":true,"href":"https:\/\/pb.edu.pl\/signum\/wp-json\/wp\/v2\/comments?post=3052"}],"version-history":[{"count":0,"href":"https:\/\/pb.edu.pl\/signum\/wp-json\/wp\/v2\/pages\/3052\/revisions"}],"up":[{"embeddable":true,"href":"https:\/\/pb.edu.pl\/signum\/wp-json\/wp\/v2\/pages\/2519"}],"wp:attachment":[{"href":"https:\/\/pb.edu.pl\/signum\/wp-json\/wp\/v2\/media?parent=3052"}],"curies":[{"name":"wp","href":"https:\/\/api.w.org\/{rel}","templated":true}]}}