{"id":2920,"date":"2024-05-07T10:01:43","date_gmt":"2024-05-07T08:01:43","guid":{"rendered":"https:\/\/pb.edu.pl\/signum\/?page_id=2920"},"modified":"2024-11-28T11:31:07","modified_gmt":"2024-11-28T10:31:07","slug":"zgloszenia","status":"publish","type":"page","link":"https:\/\/pb.edu.pl\/signum\/konkurs\/memorial-urszuli-marciniak\/zgloszenia\/","title":{"rendered":"Zg\u0142oszenia"},"content":{"rendered":"<p>Uczniowie bior\u0105 udzia\u0142 w zawodach tylko za po\u015brednictwem szk\u00f3\u0142, w kt\u00f3rych odbywa si\u0119 etap eliminacyjny. Mog\u0105 wzi\u0105\u0107 w nim udzia\u0142 tak\u017ce nauczyciele i rodzice. Szko\u0142\u0119 zg\u0142asza do zawod\u00f3w szkolny koordynator za pomoc\u0105 formularza rejestracyjnego:<\/p>\n<p><a href=\"https:\/\/pb.edu.pl\/signum\/konkurs\/memorial-urszuli-marciniak\/zgloszenia\/zgloszenie-do-memorialu-urszuli-marciniak-szkola\/\">Zg\u0142oszenie do Memoria\u0142u Urszuli Marciniak \u2013 szko\u0142a<\/a><br \/>\nPozosta\u0142e osoby doros\u0142e mog\u0105 wzi\u0105\u0107 udzia\u0142 w eliminacjach on-line, wysy\u0142aj\u0105c indywidualne zg\u0142oszenie przez formularz:<\/p>\n<p><a href=\"https:\/\/pb.edu.pl\/signum\/konkurs\/memorial-urszuli-marciniak\/zgloszenia\/zgloszenie-do-memorialu-urszuli-marciniak-zawodnik-indywidualny\/\">Zg\u0142oszenie do Memoria\u0142u Urszuli Marciniak \u2013 zawodnik indywidualny<\/a><\/p>\n","protected":false},"excerpt":{"rendered":"<p>Uczniowie bior\u0105 udzia\u0142 w zawodach tylko za po\u015brednictwem szk\u00f3\u0142, w kt\u00f3rych odbywa si\u0119 etap eliminacyjny.<\/p>\n","protected":false},"author":171,"featured_media":0,"parent":2571,"menu_order":0,"comment_status":"closed","ping_status":"closed","template":"","meta":{"_acf_changed":false,"ngg_post_thumbnail":0,"footnotes":""},"class_list":["post-2920","page","type-page","status-publish","hentry"],"acf":[],"_links":{"self":[{"href":"https:\/\/pb.edu.pl\/signum\/wp-json\/wp\/v2\/pages\/2920","targetHints":{"allow":["GET"]}}],"collection":[{"href":"https:\/\/pb.edu.pl\/signum\/wp-json\/wp\/v2\/pages"}],"about":[{"href":"https:\/\/pb.edu.pl\/signum\/wp-json\/wp\/v2\/types\/page"}],"author":[{"embeddable":true,"href":"https:\/\/pb.edu.pl\/signum\/wp-json\/wp\/v2\/users\/171"}],"replies":[{"embeddable":true,"href":"https:\/\/pb.edu.pl\/signum\/wp-json\/wp\/v2\/comments?post=2920"}],"version-history":[{"count":0,"href":"https:\/\/pb.edu.pl\/signum\/wp-json\/wp\/v2\/pages\/2920\/revisions"}],"up":[{"embeddable":true,"href":"https:\/\/pb.edu.pl\/signum\/wp-json\/wp\/v2\/pages\/2571"}],"wp:attachment":[{"href":"https:\/\/pb.edu.pl\/signum\/wp-json\/wp\/v2\/media?parent=2920"}],"curies":[{"name":"wp","href":"https:\/\/api.w.org\/{rel}","templated":true}]}}