{"id":2886,"date":"2024-05-07T08:40:30","date_gmt":"2024-05-07T06:40:30","guid":{"rendered":"https:\/\/pb.edu.pl\/signum\/?page_id=2886"},"modified":"2024-11-28T13:37:29","modified_gmt":"2024-11-28T12:37:29","slug":"finalisci-viii-mum","status":"publish","type":"page","link":"https:\/\/pb.edu.pl\/signum\/konkurs\/memorial-urszuli-marciniak\/archiwum\/mum2024\/finalisci-viii-mum\/","title":{"rendered":"Finali\u015bci VIII MUM"},"content":{"rendered":"<p>Do fina\u0142u zakwalifikowano 65 os\u00f3b. Listy finalist\u00f3w w kategoriach uczniowskich podajemy w kolejno\u015bci alfabetycznej szk\u00f3\u0142, a w obr\u0119bie szko\u0142y \u2013 w kolejno\u015bci alfabetycznej nazwisk.<\/p>\n<h3>M\u0141ODZICY<\/h3>\n<div class=\"table-responsive\">\n<table class=\"table table-bordered\">\n<thead>\n<tr>\n<th>Lp.<\/th>\n<th>Imi\u0119<\/th>\n<th>Nazwisko<\/th>\n<th>Szko\u0142a<\/th>\n<\/tr>\n<\/thead>\n<tbody>\n<tr>\n<td>1<\/td>\n<td>Kornelia<\/td>\n<td>Czaczkowska<\/td>\n<td>CUBUS Szko\u0142a Matematyki<\/td>\n<\/tr>\n<tr>\n<td>2<\/td>\n<td>Maja<\/td>\n<td>Dr\u0105gowska<\/td>\n<td>Szko\u0142a Podstawowa nr 1 im. Ks. Wac\u0142awa Rabczy\u0144skiego w Wasilkowie<\/td>\n<\/tr>\n<tr>\n<td>3<\/td>\n<td>Kamil<\/td>\n<td>Kiczkaj\u0142o<\/td>\n<td>Szko\u0142a Podstawowa nr 1 im. Ks. Wac\u0142awa Rabczy\u0144skiego w Wasilkowie<\/td>\n<\/tr>\n<tr>\n<td>4<\/td>\n<td>Milena<\/td>\n<td>Niemancewicz<\/td>\n<td>Szko\u0142a Podstawowa nr 1 im. Ks. Wac\u0142awa Rabczy\u0144skiego w Wasilkowie<\/td>\n<\/tr>\n<tr>\n<td>5<\/td>\n<td>Remigiusz<\/td>\n<td>Sawicki<\/td>\n<td>Szko\u0142a Podstawowa nr 1 im. Ks. Wac\u0142awa Rabczy\u0144skiego w Wasilkowie<\/td>\n<\/tr>\n<tr>\n<td>6<\/td>\n<td>Magdalena<\/td>\n<td>Dzie\u0142ak<\/td>\n<td>ZSK im. Matki Bo\u017cej Mi\u0142osierdzia Bia\u0142ystok<\/td>\n<\/tr>\n<tr>\n<td>7<\/td>\n<td>Micha\u0142<\/td>\n<td>G\u00f3rczy\u0144ski<\/td>\n<td>ZSK im. Matki Bo\u017cej Mi\u0142osierdzia Bia\u0142ystok<\/td>\n<\/tr>\n<tr>\n<td>8<\/td>\n<td>Stanis\u0142aw<\/td>\n<td>Kulesza<\/td>\n<td>ZSK im. Matki Bo\u017cej Mi\u0142osierdzia Bia\u0142ystok<\/td>\n<\/tr>\n<tr>\n<td>9<\/td>\n<td>Adam<\/td>\n<td>Kulesza<\/td>\n<td>ZSK im. Matki Bo\u017cej Mi\u0142osierdzia Bia\u0142ystok<\/td>\n<\/tr>\n<tr>\n<td>10<\/td>\n<td>Piotr<\/td>\n<td>Matysewicz<\/td>\n<td>ZSK im. Matki Bo\u017cej Mi\u0142osierdzia Bia\u0142ystok<\/td>\n<\/tr>\n<tr>\n<td>11<\/td>\n<td>Stefan<\/td>\n<td>Rytelewski<\/td>\n<td>ZSK im. Matki Bo\u017cej Mi\u0142osierdzia Bia\u0142ystok<\/td>\n<\/tr>\n<tr>\n<td>12<\/td>\n<td>Stanis\u0142aw<\/td>\n<td>Sadowski<\/td>\n<td>ZSK im. Matki Bo\u017cej Mi\u0142osierdzia Bia\u0142ystok<\/td>\n<\/tr>\n<tr>\n<td>13<\/td>\n<td>Magdalena<\/td>\n<td>Sawicka<\/td>\n<td>ZSK im. Matki Bo\u017cej Mi\u0142osierdzia Bia\u0142ystok<\/td>\n<\/tr>\n<tr>\n<td>14<\/td>\n<td>Emilia<\/td>\n<td>Siemienowicz<\/td>\n<td>ZSK im. Matki Bo\u017cej Mi\u0142osierdzia Bia\u0142ystok<\/td>\n<\/tr>\n<\/tbody>\n<\/table>\n<\/div>\n<h3>JUNIORZY<\/h3>\n<div class=\"table-responsive\">\n<table class=\"table table-bordered\">\n<thead>\n<tr>\n<th>Lp.<\/th>\n<th>Imi\u0119<\/th>\n<th>Nazwisko<\/th>\n<th>Szko\u0142a<\/th>\n<\/tr>\n<\/thead>\n<tbody>\n<tr>\n<td>1<\/td>\n<td>Bartosz<\/td>\n<td>Kujawa<\/td>\n<td>CUBUS Szko\u0142a Matematyki<\/td>\n<\/tr>\n<tr>\n<td>2<\/td>\n<td>Magdalena<\/td>\n<td>Matwiejczyk<\/td>\n<td>CUBUS Szko\u0142a Matematyki<\/td>\n<\/tr>\n<tr>\n<td>3<\/td>\n<td>Adam<\/td>\n<td>Po\u015bwi\u0105tny<\/td>\n<td>CUBUS Szko\u0142a Matematyki<\/td>\n<\/tr>\n<tr>\n<td>4<\/td>\n<td>Aleksandra<\/td>\n<td>Samojlik<\/td>\n<td>CUBUS Szko\u0142a Matematyki<\/td>\n<\/tr>\n<tr>\n<td>5<\/td>\n<td>Lidia<\/td>\n<td>Sokolik<\/td>\n<td>SP nr 49 Bia\u0142ystok<\/td>\n<\/tr>\n<tr>\n<td>6<\/td>\n<td>Anna<\/td>\n<td>Amonowicz<\/td>\n<td>Szko\u0142a Podstawowa nr 1 im. Ks. Wac\u0142awa Rabczy\u0144skiego w Wasilkowie<\/td>\n<\/tr>\n<tr>\n<td>7<\/td>\n<td>Aleksandra<\/td>\n<td>Bakun<\/td>\n<td>Szko\u0142a Podstawowa nr 1 im. Ks. Wac\u0142awa Rabczy\u0144skiego w Wasilkowie<\/td>\n<\/tr>\n<tr>\n<td>8<\/td>\n<td>Wiktoria<\/td>\n<td>Dakowicz<\/td>\n<td>Szko\u0142a Podstawowa nr 1 im. Ks. Wac\u0142awa Rabczy\u0144skiego w Wasilkowie<\/td>\n<\/tr>\n<tr>\n<td>9<\/td>\n<td>Aleksandra<\/td>\n<td>Halicka<\/td>\n<td>Szko\u0142a Podstawowa nr 1 im. Ks. Wac\u0142awa Rabczy\u0144skiego w Wasilkowie<\/td>\n<\/tr>\n<tr>\n<td>10<\/td>\n<td>Aleksandra<\/td>\n<td>Kurel<\/td>\n<td>Szko\u0142a Podstawowa nr 1 im. Ks. Wac\u0142awa Rabczy\u0144skiego w Wasilkowie<\/td>\n<\/tr>\n<tr>\n<td>11<\/td>\n<td>Lena<\/td>\n<td>Ku\u017ama<\/td>\n<td>Szko\u0142a Podstawowa nr 1 im. Ks. Wac\u0142awa Rabczy\u0144skiego w Wasilkowie<\/td>\n<\/tr>\n<tr>\n<td>12<\/td>\n<td>Oliwia<\/td>\n<td>Pe\u0142kowska<\/td>\n<td>Szko\u0142a Podstawowa nr 1 im. Ks. Wac\u0142awa Rabczy\u0144skiego w Wasilkowie<\/td>\n<\/tr>\n<tr>\n<td>13<\/td>\n<td>Eliza<\/td>\n<td>Pietrasz<\/td>\n<td>Szko\u0142a Podstawowa nr 1 im. Ks. Wac\u0142awa Rabczy\u0144skiego w Wasilkowie<\/td>\n<\/tr>\n<tr>\n<td>14<\/td>\n<td>Oliwia<\/td>\n<td>Radziwo\u0144ska<\/td>\n<td>Szko\u0142a Podstawowa nr 1 im. Ks. Wac\u0142awa Rabczy\u0144skiego w Wasilkowie<\/td>\n<\/tr>\n<tr>\n<td>15<\/td>\n<td>Bartosz<\/td>\n<td>Sadowski<\/td>\n<td>Szko\u0142a Podstawowa nr 1 im. Ks. Wac\u0142awa Rabczy\u0144skiego w Wasilkowie<\/td>\n<\/tr>\n<tr>\n<td>16<\/td>\n<td>Laura<\/td>\n<td>Sie\u0144ko<\/td>\n<td>Szko\u0142a Podstawowa nr 1 im. Ks. Wac\u0142awa Rabczy\u0144skiego w Wasilkowie<\/td>\n<\/tr>\n<tr>\n<td>17<\/td>\n<td>Julia<\/td>\n<td>Trochimczyk<\/td>\n<td>Szko\u0142a Podstawowa nr 1 im. Ks. Wac\u0142awa Rabczy\u0144skiego w Wasilkowie<\/td>\n<\/tr>\n<tr>\n<td>18<\/td>\n<td>Pawe\u0142<\/td>\n<td>Chwie\u015bko<\/td>\n<td>Szko\u0142a Podstawowa Zgromadzenia Si\u00f3str Misjonarek \u015awi\u0119tej Rodziny im. B\u0142. Boles\u0142awy Lament Bia\u0142ystok<\/td>\n<\/tr>\n<tr>\n<td>19<\/td>\n<td>Dominika<\/td>\n<td>Citko<\/td>\n<td>Szko\u0142a Podstawowa Zgromadzenia Si\u00f3str Misjonarek \u015awi\u0119tej Rodziny im. B\u0142. Boles\u0142awy Lament Bia\u0142ystok<\/td>\n<\/tr>\n<tr>\n<td>20<\/td>\n<td>Zofia<\/td>\n<td>Koz\u0142owska<\/td>\n<td>Szko\u0142a Podstawowa Zgromadzenia Si\u00f3str Misjonarek \u015awi\u0119tej Rodziny im. B\u0142. Boles\u0142awy Lament Bia\u0142ystok<\/td>\n<\/tr>\n<tr>\n<td>21<\/td>\n<td>Antonina<\/td>\n<td>Miko\u0142ajczuk<\/td>\n<td>Szko\u0142a Podstawowa Zgromadzenia Si\u00f3str Misjonarek \u015awi\u0119tej Rodziny im. B\u0142. Boles\u0142awy Lament Bia\u0142ystok<\/td>\n<\/tr>\n<tr>\n<td>22<\/td>\n<td>Zofia<\/td>\n<td>Sienicka<\/td>\n<td>Szko\u0142a Podstawowa Zgromadzenia Si\u00f3str Misjonarek \u015awi\u0119tej Rodziny im. B\u0142. Boles\u0142awy Lament Bia\u0142ystok<\/td>\n<\/tr>\n<tr>\n<td>23<\/td>\n<td>Jakub<\/td>\n<td>Gasperski<\/td>\n<td>ZSK im. Matki Bo\u017cej Mi\u0142osierdzia Bia\u0142ystok<\/td>\n<\/tr>\n<tr>\n<td>24<\/td>\n<td>\u0141ucja<\/td>\n<td>Jab\u0142o\u0144ska<\/td>\n<td>ZSK im. Matki Bo\u017cej Mi\u0142osierdzia Bia\u0142ystok<\/td>\n<\/tr>\n<tr>\n<td>25<\/td>\n<td>Mateusz<\/td>\n<td>Jurczuk<\/td>\n<td>ZSK im. Matki Bo\u017cej Mi\u0142osierdzia Bia\u0142ystok<\/td>\n<\/tr>\n<tr>\n<td>26<\/td>\n<td>Fabian<\/td>\n<td>Kuprjanowicz<\/td>\n<td>ZSK im. Matki Bo\u017cej Mi\u0142osierdzia Bia\u0142ystok<\/td>\n<\/tr>\n<tr>\n<td>27<\/td>\n<td>Kornel<\/td>\n<td>Kury\u015b<\/td>\n<td>ZSK im. Matki Bo\u017cej Mi\u0142osierdzia Bia\u0142ystok<\/td>\n<\/tr>\n<tr>\n<td>28<\/td>\n<td>Stanis\u0142aw<\/td>\n<td>Lul<\/td>\n<td>ZSK im. Matki Bo\u017cej Mi\u0142osierdzia Bia\u0142ystok<\/td>\n<\/tr>\n<tr>\n<td>29<\/td>\n<td>Grzegorz<\/td>\n<td>Matysewicz<\/td>\n<td>ZSK im. Matki Bo\u017cej Mi\u0142osierdzia Bia\u0142ystok<\/td>\n<\/tr>\n<tr>\n<td>30<\/td>\n<td>Hanna<\/td>\n<td>Niena\u0142towska<\/td>\n<td>ZSK im. Matki Bo\u017cej Mi\u0142osierdzia Bia\u0142ystok<\/td>\n<\/tr>\n<tr>\n<td>31<\/td>\n<td>Szymon<\/td>\n<td>Poddaniec<\/td>\n<td>ZSK im. Matki Bo\u017cej Mi\u0142osierdzia Bia\u0142ystok<\/td>\n<\/tr>\n<tr>\n<td>32<\/td>\n<td>Ignacy<\/td>\n<td>Trocki<\/td>\n<td>ZSK im. Matki Bo\u017cej Mi\u0142osierdzia Bia\u0142ystok<\/td>\n<\/tr>\n<\/tbody>\n<\/table>\n<\/div>\n<h3>LICEALI\u015aCI<\/h3>\n<div class=\"table-responsive\">\n<table class=\"table table-bordered\">\n<thead>\n<tr>\n<th>Lp.<\/th>\n<th>Imi\u0119<\/th>\n<th>Nazwisko<\/th>\n<th>Szko\u0142a<\/th>\n<\/tr>\n<\/thead>\n<tbody>\n<tr>\n<td>1<\/td>\n<td>Maria<\/td>\n<td>Aleksandruk<\/td>\n<td>II Liceum Og\u00f3lnokszta\u0142c\u0105ce im. Gustawa Gizewiusza Gi\u017cycko<\/td>\n<\/tr>\n<tr>\n<td>2<\/td>\n<td>Anna<\/td>\n<td>Do\u0142ega<\/td>\n<td>II Liceum Og\u00f3lnokszta\u0142c\u0105ce im. Gustawa Gizewiusza Gi\u017cycko<\/td>\n<\/tr>\n<tr>\n<td>3<\/td>\n<td>Aleksandra<\/td>\n<td>Ha\u0142uszko<\/td>\n<td>II Liceum Og\u00f3lnokszta\u0142c\u0105ce im. Gustawa Gizewiusza Gi\u017cycko<\/td>\n<\/tr>\n<tr>\n<td>4<\/td>\n<td>Wojciech<\/td>\n<td>Jachimowicz<\/td>\n<td>II Liceum Og\u00f3lnokszta\u0142c\u0105ce im. Gustawa Gizewiusza Gi\u017cycko<\/td>\n<\/tr>\n<tr>\n<td>5<\/td>\n<td>Emilia<\/td>\n<td>Kocia\u0142kowska<\/td>\n<td>II Liceum Og\u00f3lnokszta\u0142c\u0105ce im. Gustawa Gizewiusza Gi\u017cycko<\/td>\n<\/tr>\n<tr>\n<td>6<\/td>\n<td>Wiktoria<\/td>\n<td>Miciukiewicz<\/td>\n<td>II Liceum Og\u00f3lnokszta\u0142c\u0105ce im. Gustawa Gizewiusza Gi\u017cycko<\/td>\n<\/tr>\n<tr>\n<td>7<\/td>\n<td>Szymon<\/td>\n<td>Skwarek<\/td>\n<td>II Liceum Og\u00f3lnokszta\u0142c\u0105ce im. Gustawa Gizewiusza Gi\u017cycko<\/td>\n<\/tr>\n<tr>\n<td>8<\/td>\n<td>Igor<\/td>\n<td>Szynkiewicz<\/td>\n<td>II Liceum Og\u00f3lnokszta\u0142c\u0105ce im. Gustawa Gizewiusza Gi\u017cycko<\/td>\n<\/tr>\n<tr>\n<td>9<\/td>\n<td>Maria<\/td>\n<td>Tetla<\/td>\n<td>II Liceum Og\u00f3lnokszta\u0142c\u0105ce im. Gustawa Gizewiusza Gi\u017cycko<\/td>\n<\/tr>\n<tr>\n<td>10<\/td>\n<td>Kinga<\/td>\n<td>Zakrzewska<\/td>\n<td>II Liceum Og\u00f3lnokszta\u0142c\u0105ce im. Gustawa Gizewiusza Gi\u017cycko<\/td>\n<\/tr>\n<tr>\n<td>11<\/td>\n<td>Emilia<\/td>\n<td>Zmudzi\u0144ska<\/td>\n<td>II Liceum Og\u00f3lnokszta\u0142c\u0105ce im. Gustawa Gizewiusza Gi\u017cycko<\/td>\n<\/tr>\n<tr>\n<td>12<\/td>\n<td>Zuzanna<\/td>\n<td>Drobniuch<\/td>\n<td>ZSK im. Matki Bo\u017cej Mi\u0142osierdzia Bia\u0142ystok<\/td>\n<\/tr>\n<tr>\n<td>13<\/td>\n<td>Dominik<\/td>\n<td>Kabaci\u0144ski<\/td>\n<td>ZSK im. Matki Bo\u017cej Mi\u0142osierdzia Bia\u0142ystok<\/td>\n<\/tr>\n<tr>\n<td>14<\/td>\n<td>Pavel<\/td>\n<td>Karabicki<\/td>\n<td>ZSK im. Matki Bo\u017cej Mi\u0142osierdzia Bia\u0142ystok<\/td>\n<\/tr>\n<\/tbody>\n<\/table>\n<\/div>\n<h3>DORO\u015aLI<\/h3>\n<div class=\"table-responsive\">\n<table class=\"table table-bordered\">\n<thead>\n<tr>\n<th>Lp.<\/th>\n<th>Imi\u0119<\/th>\n<th>Nazwisko<\/th>\n<\/tr>\n<\/thead>\n<tbody>\n<tr>\n<td>1<\/td>\n<td>Borecki<\/td>\n<td>Damian<\/td>\n<\/tr>\n<tr>\n<td>2<\/td>\n<td>Domys\u0142awska<\/td>\n<td>Barbara<\/td>\n<\/tr>\n<tr>\n<td>3<\/td>\n<td>Gawe\u0142<\/td>\n<td>Wioleta<\/td>\n<\/tr>\n<tr>\n<td>4<\/td>\n<td>\u0141adna<\/td>\n<td>Ewa<\/td>\n<\/tr>\n<tr>\n<td>5<\/td>\n<td>Szymborska<\/td>\n<td>Beata<\/td>\n<\/tr>\n<\/tbody>\n<\/table>\n<\/div>\n","protected":false},"excerpt":{"rendered":"<p>Do fina\u0142u zakwalifikowano 65 os\u00f3b. Listy finalist\u00f3w w kategoriach uczniowskich podajemy w kolejno\u015bci alfabetycznej szk\u00f3\u0142,<\/p>\n","protected":false},"author":171,"featured_media":0,"parent":4977,"menu_order":0,"comment_status":"closed","ping_status":"closed","template":"","meta":{"_acf_changed":false,"ngg_post_thumbnail":0,"footnotes":""},"class_list":["post-2886","page","type-page","status-publish","hentry"],"acf":[],"_links":{"self":[{"href":"https:\/\/pb.edu.pl\/signum\/wp-json\/wp\/v2\/pages\/2886","targetHints":{"allow":["GET"]}}],"collection":[{"href":"https:\/\/pb.edu.pl\/signum\/wp-json\/wp\/v2\/pages"}],"about":[{"href":"https:\/\/pb.edu.pl\/signum\/wp-json\/wp\/v2\/types\/page"}],"author":[{"embeddable":true,"href":"https:\/\/pb.edu.pl\/signum\/wp-json\/wp\/v2\/users\/171"}],"replies":[{"embeddable":true,"href":"https:\/\/pb.edu.pl\/signum\/wp-json\/wp\/v2\/comments?post=2886"}],"version-history":[{"count":0,"href":"https:\/\/pb.edu.pl\/signum\/wp-json\/wp\/v2\/pages\/2886\/revisions"}],"up":[{"embeddable":true,"href":"https:\/\/pb.edu.pl\/signum\/wp-json\/wp\/v2\/pages\/4977"}],"wp:attachment":[{"href":"https:\/\/pb.edu.pl\/signum\/wp-json\/wp\/v2\/media?parent=2886"}],"curies":[{"name":"wp","href":"https:\/\/api.w.org\/{rel}","templated":true}]}}