{"id":2882,"date":"2024-05-07T08:35:50","date_gmt":"2024-05-07T06:35:50","guid":{"rendered":"https:\/\/pb.edu.pl\/signum\/?page_id=2882"},"modified":"2024-11-28T11:37:14","modified_gmt":"2024-11-28T10:37:14","slug":"final","status":"publish","type":"page","link":"https:\/\/pb.edu.pl\/signum\/konkurs\/memorial-urszuli-marciniak\/archiwum\/final\/","title":{"rendered":"Fina\u0142"},"content":{"rendered":"<h3>termin fina\u0142u<\/h3>\n<p>sobota 23 III, godz. 10-15<\/p>\n<h3>miejsce fina\u0142u<\/h3>\n<p>Politechnika Bia\u0142ostocka<br \/>\nWydzia\u0142 Elektryczny<br \/>\nul. Wiejska 45D, 15-351 Bia\u0142ystok<br \/>\ntel. na portierni\u0119 85&nbsp;746 94 30<br \/>\ndojazd z dworc\u00f3w PKP i PKS autobusami:<br \/>\n<strong>nr 10<\/strong>&nbsp;w kierunki Kolonia Koplany \u2013 przystanek \u201eZwierzyniecka\/Kaczorowskiego\u201d lub<br \/>\n<strong>nr 29<\/strong>&nbsp;w kierunku \u017byzna, P\u0119tla \u2013 przystanek \u201eZwierzyniecka\/Wiejska\u201d)<br \/>\nSala:&nbsp;<strong>Aula I<\/strong>&nbsp;(wszystkie kategorie)<\/p>\n<p>&nbsp;<\/p>\n<p>R\u00f3wnolegle z bia\u0142ostockimi fina\u0142ami odb\u0119d\u0105 si\u0119 zawody fina\u0142owe w Gda\u0144sku, Kielcach, Lublinie, Poznaniu, Warszawie i Wroc\u0142awiu.<\/p>\n<h3>przebieg fina\u0142u<\/h3>\n<ul>\n<li>10:00 \u2013 10:45 \u2013 I runda fina\u0142owa (Aula I)<\/li>\n<li>11:00 \u2013 11:45 \u2013 II runda fina\u0142owa (Aula I)<\/li>\n<li>12:00 \u2013 12:45 \u2013 III runda fina\u0142owa (Aula I)<\/li>\n<li>13:00-14:00 \u2013 wyk\u0142ad popularnonaukowy (Aula I i Aula III)<\/li>\n<li>14:15-15:00 \u2013 Wielki Fina\u0142 (Aula I)<\/li>\n<li>15:15 \u2013 og\u0142oszenie wynik\u00f3w i rozdanie nagr\u00f3d (Aula I)<\/li>\n<\/ul>\n<h3>zasady organizacyjne fina\u0142u<\/h3>\n<ul>\n<li>Nale\u017cy przyj\u015b\u0107 do wyznaczonej sali z 15-minutowym wyprzedzeniem. W tym samym budynku na dole s\u0105 szatnie, prosimy by tam pozostawi\u0107 zewn\u0119trzne okrycia.<\/li>\n<li>W salach zawodnicy zajmuj\u0105 miejsce wg wskaza\u0144 organizator\u00f3w.<\/li>\n<li>Nauczycieli zapraszamy do sali 029, do pomocy przy sprawdzaniu prac.<\/li>\n<li>Osoby towarzysz\u0105ce zapraszamy do zwiedzenia wystaw w budynku rozmieszczonych na kilku kondygnacjach. W pobli\u017cu jest te\u017c restauracja i hotel \u201ePod Herbem\u201d gdzie mo\u017cna co\u015b zje\u015b\u0107 lub napi\u0107 si\u0119 kawy.<\/li>\n<li>Prosimy o niet\u0142oczenie si\u0119 pod sal\u0105, gdzie znajduj\u0105 si\u0119 zawodnicy.<\/li>\n<li>Podczas konkursu nie trzeba rozwi\u0105za\u0107 wszystkich zada\u0144 w rundzie. Nale\u017cy zacz\u0105\u0107 od tych, kt\u00f3re si\u0119 zna i lubi. Za ka\u017cdy poprawnie zakodowany symbol A-D otrzymuje si\u0119 1 pkt. Dodatkowo za poprawnie zakodowane wszystkie cztery symbole z jednego zadania otrzymuje si\u0119 2-punktowy bonus, wi\u0119c za ka\u017cde zadanie mo\u017cna zdoby\u0107 6 pkt.<\/li>\n<li>Bezpo\u015brednio po III rundzie eliminacyjnej zawodnicy otrzymuj\u0105 dyplom za udzia\u0142 w finale VIII MUM oraz upominek od wydawnictwa Logi.<\/li>\n<li>Na wyk\u0142ad popularnonaukowy po rundach eliminacyjnych zapraszamy zawodnik\u00f3w i osoby towarzysz\u0105ce.\n<ul>\n<li>Aula III \u2013 Doro\u015bli i Liceum (\u201ePrawo Benforda\u201d, Artur \u0141apata)<\/li>\n<li>Aula I \u2013 M\u0142odzicy i Kadeci (\u201eZwyci\u0119ska strategia z guzikami w tle\u201d, mgr Katarzyna Topolewicz)<\/li>\n<\/ul>\n<\/li>\n<li>O kwalifikacji do fina\u0142u decyduje suma punkt\u00f3w z trzech rund eliminacyjnych. Lista os\u00f3b zakwalifikowanych do Wielkiego Fina\u0142u zostanie odczytana bezpo\u015brednio po wyk\u0142adzie w Auli I. Te osoby spotykaj\u0105 si\u0119 po przerwie w tej samej sali i zajmuj\u0105 miejsca wg wskaz\u00f3wek organizator\u00f3w.<\/li>\n<li>Uczestnicy Wielkiego Fina\u0142u otrzymuj\u0105 dyplomy Wielkich Finalist\u00f3w, a laureaci Memoria\u0142u tak\u017ce drobne nagrody rzeczowe.<\/li>\n<\/ul>\n<p>&nbsp;<\/p>\n<p>Celem zawod\u00f3w jest upami\u0119tnienie i kontynuowanie dzie\u0142a Urszuli Marciniak, kt\u00f3rym by\u0142o szerzenie i popularyzowanie logicznego my\u015blenia i podnoszenia kultury matematycznej w\u015br\u00f3d Polak\u00f3w. Uczestnikiem zawod\u00f3w mo\u017ce by\u0107 ka\u017cdy, niezale\u017cnie od wieku i nieodp\u0142atnie.<\/p>\n<p>&nbsp;<\/p>\n<p>Do zawod\u00f3w mo\u017cna si\u0119 przygotowa\u0107, rozwi\u0105zuj\u0105c zadania z zeszyt\u00f3w i stron internetowych&nbsp;<a href=\"http:\/\/www.wydawnictwologi.pl\/index.php?route=common\/home\">wydawnictwa Logi<\/a>&nbsp;oraz zadania treningowe&nbsp;<a href=\"https:\/\/www.puzzle-loop.com\/\">Puzzle Games<\/a><\/p>\n<p>&nbsp;<\/p>\n<p>R\u00f3wnolegle z podlaskimi fina\u0142ami odb\u0119d\u0105 si\u0119 zawody fina\u0142owe w Gda\u0144sku, Kielcach, Lublinie, Poznaniu, Warszawie i Wroc\u0142awiu.<\/p>\n<p>To drugie zawody tego typu organizowane na Podlasiu. Pierwszy MUM odby\u0142 si\u0119 w 2017 r. we Wroc\u0142awiu w Instytucie Matematyki Uniwersytetu Wroc\u0142awskiego, w kolejnych latach liczba miejsc, w kt\u00f3rych mo\u017cna by\u0142o wzi\u0105\u0107 udzia\u0142 w zawodach ros\u0142a. W roku 2024 memoria\u0142 rozgrywany b\u0119dzie:<\/p>\n<ul>\n<li>na&nbsp;<strong>Mazowszu<\/strong>&nbsp;(organizowany przez CLV Liceum Og\u00f3lnokszta\u0142c\u0105ce w Warszawie)<\/li>\n<li>na&nbsp;<strong>Dolnym \u015al\u0105sku<\/strong>&nbsp;(organizowany przez Fundacj\u0119 Matematyk\u00f3w Wroc\u0142awskich&nbsp;w Instytucie Matematyki Uniwersytetu Wroc\u0142awskiego)<\/li>\n<li>na&nbsp;<strong>Lubelszczy\u017anie<\/strong>&nbsp;(organizowany przez Wydzia\u0142 Matematyki, Fizyki i Informatyki UMCS)<\/li>\n<li>w&nbsp;<strong>Wielkopolsce<\/strong>(organizowany przez Wydzia\u0142 Matematyki i Informatyki UAM w Poznaniu i VIII LO w Poznaniu<\/li>\n<li>na<strong>&nbsp;Pomorzu<\/strong>&nbsp;(organizowany przez Wydzia\u0142 Matematyki, Fizyki i Informatyki Uniwersytetu Gda\u0144skiego)<\/li>\n<li>w&nbsp;<strong>\u015awi\u0119tokrzyskiem<\/strong>&nbsp;(organizowany przez \u015awi\u0119tokrzyskie Centrum Doskonalenia Nauczycieli w Kielcach)<\/li>\n<\/ul>\n","protected":false},"excerpt":{"rendered":"<p>termin fina\u0142u sobota 23 III, godz. 10-15 miejsce fina\u0142u Politechnika Bia\u0142ostocka Wydzia\u0142 Elektryczny ul. Wiejska<\/p>\n","protected":false},"author":171,"featured_media":0,"parent":4955,"menu_order":0,"comment_status":"closed","ping_status":"closed","template":"","meta":{"_acf_changed":false,"ngg_post_thumbnail":0,"footnotes":""},"class_list":["post-2882","page","type-page","status-publish","hentry"],"acf":[],"_links":{"self":[{"href":"https:\/\/pb.edu.pl\/signum\/wp-json\/wp\/v2\/pages\/2882","targetHints":{"allow":["GET"]}}],"collection":[{"href":"https:\/\/pb.edu.pl\/signum\/wp-json\/wp\/v2\/pages"}],"about":[{"href":"https:\/\/pb.edu.pl\/signum\/wp-json\/wp\/v2\/types\/page"}],"author":[{"embeddable":true,"href":"https:\/\/pb.edu.pl\/signum\/wp-json\/wp\/v2\/users\/171"}],"replies":[{"embeddable":true,"href":"https:\/\/pb.edu.pl\/signum\/wp-json\/wp\/v2\/comments?post=2882"}],"version-history":[{"count":0,"href":"https:\/\/pb.edu.pl\/signum\/wp-json\/wp\/v2\/pages\/2882\/revisions"}],"up":[{"embeddable":true,"href":"https:\/\/pb.edu.pl\/signum\/wp-json\/wp\/v2\/pages\/4955"}],"wp:attachment":[{"href":"https:\/\/pb.edu.pl\/signum\/wp-json\/wp\/v2\/media?parent=2882"}],"curies":[{"name":"wp","href":"https:\/\/api.w.org\/{rel}","templated":true}]}}