{"id":2700,"date":"2024-04-28T10:58:19","date_gmt":"2024-04-28T08:58:19","guid":{"rendered":"https:\/\/pb.edu.pl\/signum\/?page_id=2700"},"modified":"2024-04-28T10:58:19","modified_gmt":"2024-04-28T08:58:19","slug":"finalisci-2022-23","status":"publish","type":"page","link":"https:\/\/pb.edu.pl\/signum\/konkurs\/internetowa-liga-lamiglowkowa\/archiwum\/finalisci-2022-23\/","title":{"rendered":"Finali\u015bci 2022\/23"},"content":{"rendered":"<h3>Finali\u015bci Internetowej Ligi \u0141amig\u0142\u00f3wkowej:<\/h3>\n<h5>szko\u0142a podstawowa<\/h5>\n<p>Wojciech Andruczyk (Bia\u0142ystok)<br \/>\nKrzysztof Goli\u0144ski (Kozmin Wielkopolski)<br \/>\nRados\u0142aw Hampel (Piaski)<br \/>\nMichalina Jankowska (Gosty\u0144)<br \/>\nIga Jarus (Ko\u017amin Wielkopolski)<br \/>\nBlanka Kuzia (Ko\u017amin Wielkopolski)<br \/>\nHubert \u0141osiewicz (Bia\u0142ystok)<br \/>\nAntoni Motyl (Pog\u00f3rze)<br \/>\nKsawery Ross (Zabrze)<br \/>\nZofia Sienicka (Bia\u0142ystok)<br \/>\nAntoni Timofiejuk (Bia\u0142ystok)<br \/>\nMateusz Zagata (Gosty\u0144)<\/p>\n<h5>szko\u0142a ponadpodstawowa<\/h5>\n<p>Tymoteusz B\u0142aszczyk (Gosty\u0144)<br \/>\nBartosz Dariusz Czyszczo\u0144 (Krak\u00f3w)<br \/>\nKlaudia Furtek (Krosno)<br \/>\nGabriela Goli\u0144ska (Krotoszyn)<br \/>\nBart\u0142omiej Pawe\u0142 Kaczorek (Bia\u0142obrzegi)<br \/>\nAdam Kowalczyk (Pruszk\u00f3w)<br \/>\nRados\u0142aw Kulpa (My\u015blenice)<br \/>\nKamila Aleksandra Marat (Skierniewice)<br \/>\nEliza Napi\u00f3rkowska (Ostro\u0142\u0119ka)<br \/>\nJulia Pachnik (Mi\u0144sk Mazowiecki)<br \/>\nKatarzyna Rogin (Bia\u0142obrzegi)<br \/>\nBart\u0142omiej Rolak (Bia\u0142ystok)<br \/>\nAntoni J\u00f3zef Ros\u0142on (Wyszk\u00f3w)<br \/>\nJulia Sianko (Bia\u0142ystok)<br \/>\nAmelia Sitkowska (Wyszk\u00f3w)<br \/>\nPaulina Stempniak (Ko\u017amin Wielkopolski)<br \/>\nZofia Stempniak (Ko\u017amin Wielkopolski)<br \/>\nAmelia Warmachowska (Bartoszyce)<br \/>\nRobert Wojtkowiak (Jarocin)<br \/>\nJustyna Wojtkowiak (Jarocin)<\/p>\n<h3>Laureaci Internetowej Ligi \u0141amig\u0142\u00f3wkowej:<\/h3>\n<h5>szko\u0142a podstawowa<\/h5>\n<p>Zofia Sienicka (Bia\u0142ystok) &#8211; I miejsce<\/p>\n<h5>szko\u0142a ponadpodstawowa<\/h5>\n<p>Robert Wojtkowiak (Jarocin) &#8211; I miejsce<br \/>\nEliza Napi\u00f3rkowska (Ostro\u0142\u0119ka) &#8211; II miejsce<br \/>\nAmelia Sitkowska (Wyszk\u00f3w) &#8211; III miejsce<\/p>\n","protected":false},"excerpt":{"rendered":"<p>Finali\u015bci Internetowej Ligi \u0141amig\u0142\u00f3wkowej: szko\u0142a podstawowa Wojciech Andruczyk (Bia\u0142ystok) Krzysztof Goli\u0144ski (Kozmin Wielkopolski) Rados\u0142aw Hampel<\/p>\n","protected":false},"author":171,"featured_media":0,"parent":2682,"menu_order":0,"comment_status":"closed","ping_status":"closed","template":"","meta":{"_acf_changed":false,"ngg_post_thumbnail":0,"footnotes":""},"class_list":["post-2700","page","type-page","status-publish","hentry"],"acf":[],"_links":{"self":[{"href":"https:\/\/pb.edu.pl\/signum\/wp-json\/wp\/v2\/pages\/2700","targetHints":{"allow":["GET"]}}],"collection":[{"href":"https:\/\/pb.edu.pl\/signum\/wp-json\/wp\/v2\/pages"}],"about":[{"href":"https:\/\/pb.edu.pl\/signum\/wp-json\/wp\/v2\/types\/page"}],"author":[{"embeddable":true,"href":"https:\/\/pb.edu.pl\/signum\/wp-json\/wp\/v2\/users\/171"}],"replies":[{"embeddable":true,"href":"https:\/\/pb.edu.pl\/signum\/wp-json\/wp\/v2\/comments?post=2700"}],"version-history":[{"count":0,"href":"https:\/\/pb.edu.pl\/signum\/wp-json\/wp\/v2\/pages\/2700\/revisions"}],"up":[{"embeddable":true,"href":"https:\/\/pb.edu.pl\/signum\/wp-json\/wp\/v2\/pages\/2682"}],"wp:attachment":[{"href":"https:\/\/pb.edu.pl\/signum\/wp-json\/wp\/v2\/media?parent=2700"}],"curies":[{"name":"wp","href":"https:\/\/api.w.org\/{rel}","templated":true}]}}