{"id":2698,"date":"2024-04-28T10:57:31","date_gmt":"2024-04-28T08:57:31","guid":{"rendered":"https:\/\/pb.edu.pl\/signum\/?page_id=2698"},"modified":"2024-04-28T10:57:31","modified_gmt":"2024-04-28T08:57:31","slug":"finalisci-2021-22","status":"publish","type":"page","link":"https:\/\/pb.edu.pl\/signum\/konkurs\/internetowa-liga-lamiglowkowa\/archiwum\/finalisci-2021-22\/","title":{"rendered":"Finali\u015bci 2021\/22"},"content":{"rendered":"<h3>Finali\u015bci Internetowej Ligi \u0141amig\u0142\u00f3wkowej:<\/h3>\n<h5>szko\u0142a podstawowa<\/h5>\n<p>Tymoteusz B\u0142aszczyk (Gosty\u0144)<br \/>\nMonika Brdys (Ko\u017amin Wielkopolski)<br \/>\nGabriela Goli\u0144ska (Ko\u017amin Wielkopolski)<br \/>\nNatalia Goli\u0144ska (Ko\u017amin Wielkopolski)<br \/>\nIga Jarus (Ko\u017amin Wielkopolski)<br \/>\nBlanka Kuzia (Ko\u017amin Wielkopolski)<br \/>\nEliza Napi\u00f3rkowska (Ostro\u0142\u0119ka)<br \/>\nTobiasz Pieni\u0119\u017cny (Ko\u017amin Wielkopolski)<br \/>\nJakub Rekowski (Gdynia)<br \/>\nSzymon Rekowski (Gdynia)<br \/>\nZofia Anna Strzelec (Godziesze Wielkie)<br \/>\nAntoni Timofiejuk (Bia\u0142ystok)<\/p>\n<h5>szko\u0142a ponadpodstawowa<\/h5>\n<p>Aleksandra Gaw\u0142owska (Praszka)<br \/>\nSzymon Grzyb (Jaros\u0142aw)<br \/>\nWiktoria Kalisiak (Skierniewice)<br \/>\nRados\u0142aw Kulpa (My\u015blenice)<br \/>\nKamil J\u00f3\u017awik (Warszawa)<br \/>\nKamila Aleksandra Marat (Skierniewice)<br \/>\nJulia Pachnik (Mi\u0144sk Mazowiecki)<br \/>\nAmelia Katarzyna Sitkowska (Wyszk\u00f3w)<br \/>\nPaulina Stempniak (Ko\u017amin Wielkopolski)<br \/>\nZofia Stempniak (Ko\u017amin Wielkopolski)<br \/>\nKacper Tomasik (Bartoszyce)<br \/>\nJustyna Wojtkowiak (Jarocin)<br \/>\nRobert Wojtkowiak (Jarocin)<\/p>\n<h3>Laureaci Internetowej Ligi \u0141amig\u0142\u00f3wkowej:<\/h3>\n<h5>szko\u0142a podstawowa<\/h5>\n<p>Zofia Anna Strzelec (Godziesze Wielkie) &#8211; I miejsce<br \/>\nEliza Napi\u00f3rkowska (Ostro\u0142\u0119ka) &#8211; II miejsce<br \/>\nGabriela Goli\u0144ska (Ko\u017amin Wielkopolski) &#8211; III miejsce<\/p>\n<h5>szko\u0142a ponadpodstawowa<\/h5>\n<p>Kamil J\u00f3\u017awik (Warszawa) &#8211; I miejsce<br \/>\nZofia Stempniak (Ko\u017amin Wielkopolski) &#8211; II miejsce<br \/>\nKacper Tomasik (Bartoszyce) &#8211; III miejsce<br \/>\nIzabela Protas (Ostro\u0142\u0119ka) &#8211; wyr\u00f3\u017cnienie<\/p>\n<p>&nbsp;<\/p>\n","protected":false},"excerpt":{"rendered":"<p>Finali\u015bci Internetowej Ligi \u0141amig\u0142\u00f3wkowej: szko\u0142a podstawowa Tymoteusz B\u0142aszczyk (Gosty\u0144) Monika Brdys (Ko\u017amin Wielkopolski) Gabriela Goli\u0144ska<\/p>\n","protected":false},"author":171,"featured_media":0,"parent":2682,"menu_order":0,"comment_status":"closed","ping_status":"closed","template":"","meta":{"_acf_changed":false,"ngg_post_thumbnail":0,"footnotes":""},"class_list":["post-2698","page","type-page","status-publish","hentry"],"acf":[],"_links":{"self":[{"href":"https:\/\/pb.edu.pl\/signum\/wp-json\/wp\/v2\/pages\/2698","targetHints":{"allow":["GET"]}}],"collection":[{"href":"https:\/\/pb.edu.pl\/signum\/wp-json\/wp\/v2\/pages"}],"about":[{"href":"https:\/\/pb.edu.pl\/signum\/wp-json\/wp\/v2\/types\/page"}],"author":[{"embeddable":true,"href":"https:\/\/pb.edu.pl\/signum\/wp-json\/wp\/v2\/users\/171"}],"replies":[{"embeddable":true,"href":"https:\/\/pb.edu.pl\/signum\/wp-json\/wp\/v2\/comments?post=2698"}],"version-history":[{"count":0,"href":"https:\/\/pb.edu.pl\/signum\/wp-json\/wp\/v2\/pages\/2698\/revisions"}],"up":[{"embeddable":true,"href":"https:\/\/pb.edu.pl\/signum\/wp-json\/wp\/v2\/pages\/2682"}],"wp:attachment":[{"href":"https:\/\/pb.edu.pl\/signum\/wp-json\/wp\/v2\/media?parent=2698"}],"curies":[{"name":"wp","href":"https:\/\/api.w.org\/{rel}","templated":true}]}}