{"id":2692,"date":"2024-04-28T10:54:43","date_gmt":"2024-04-28T08:54:43","guid":{"rendered":"https:\/\/pb.edu.pl\/signum\/?page_id=2692"},"modified":"2024-04-28T11:06:16","modified_gmt":"2024-04-28T09:06:16","slug":"finalisci-2019-20","status":"publish","type":"page","link":"https:\/\/pb.edu.pl\/signum\/konkurs\/internetowa-liga-lamiglowkowa\/archiwum\/finalisci-2019-20\/","title":{"rendered":"Finali\u015bci 2019\/20"},"content":{"rendered":"<h3>Finali\u015bci Internetowej Ligi \u0141amig\u0142\u00f3wkowej:<\/h3>\n<p>B\u0142aszczyk Tymoteusz (Gosty\u0144)<br \/>\nBrdys Monika (Ko\u017amin Wielkopolski)<br \/>\nCiszewicz Adam (Ko\u017amin Wielkopolski)<br \/>\nD\u0105browski Bartosz (Bia\u0142ystok)<br \/>\nGawro\u0144ski Maciej (Ko\u017amin Wielkopolski)<br \/>\nGendera Tymon (Gosty\u0144)<br \/>\nGendera Martyn (Gosty\u0144)<br \/>\nGoli\u0144ska Martyna Joanna (Ko\u017amin Wielkopolski)<br \/>\nGoli\u0144ska Natalia Maria (Ko\u017amin Wielkopolski)<br \/>\nGoli\u0144ska Gabriela (Ko\u017amin Wielkopolski)<br \/>\nKulesza Paulina (Bia\u0142ystok)<br \/>\nMarat Dawid Wojciech (Skierniewice)<br \/>\nMarat Kamila Aleksandra (Skierniewice)<br \/>\nMicha\u0142owski Pawe\u0142 (Bia\u0142ystok)<br \/>\nNapi\u00f3rkowska Eliza (Ostro\u0142\u0119ka)<br \/>\nP\u0105\u015bko Marek Mateusz (Skierniewice)<br \/>\nStempniak Paulina (Ko\u017amin Wielkopolski)<br \/>\nStempniak Zofia (Ko\u017amin Wielkopolski)<br \/>\nSzymczak Agata (Ko\u017amin Wielkopolski)<br \/>\n\u015awitulski Rafa\u0142 (W\u0119gorzewo)<br \/>\nWierzbicka Agata (Gdynia)<br \/>\nWilczewska Katarzyna Kamila (Bia\u0142ystok)<br \/>\nWojda\u0142a Lena Joanna (Ko\u017amin Wielkopolski)<br \/>\nWojtkowiak Justyna (Jarocin)<br \/>\nWojtkowiak Robert (Ko\u017amin Wielkopolski)<\/p>\n<h3>Laureaci Internetowej Ligi \u0141amig\u0142\u00f3wkowej:<\/h3>\n<p>Rafa\u0142 \u015awitulski (W\u0119gorzewo) &#8211; I miejsce<br \/>\nMarek Mateusz P\u0105\u015bko (Skierniewice) &#8211; II miejsce<br \/>\nEliza Napi\u00f3rkowska (Ostro\u0142\u0119ka) &#8211; III miejsce<\/p>\n","protected":false},"excerpt":{"rendered":"<p>Finali\u015bci Internetowej Ligi \u0141amig\u0142\u00f3wkowej: B\u0142aszczyk Tymoteusz (Gosty\u0144) Brdys Monika (Ko\u017amin Wielkopolski) Ciszewicz Adam (Ko\u017amin Wielkopolski)<\/p>\n","protected":false},"author":171,"featured_media":0,"parent":2682,"menu_order":0,"comment_status":"closed","ping_status":"closed","template":"","meta":{"_acf_changed":false,"ngg_post_thumbnail":0,"footnotes":""},"class_list":["post-2692","page","type-page","status-publish","hentry"],"acf":[],"_links":{"self":[{"href":"https:\/\/pb.edu.pl\/signum\/wp-json\/wp\/v2\/pages\/2692","targetHints":{"allow":["GET"]}}],"collection":[{"href":"https:\/\/pb.edu.pl\/signum\/wp-json\/wp\/v2\/pages"}],"about":[{"href":"https:\/\/pb.edu.pl\/signum\/wp-json\/wp\/v2\/types\/page"}],"author":[{"embeddable":true,"href":"https:\/\/pb.edu.pl\/signum\/wp-json\/wp\/v2\/users\/171"}],"replies":[{"embeddable":true,"href":"https:\/\/pb.edu.pl\/signum\/wp-json\/wp\/v2\/comments?post=2692"}],"version-history":[{"count":0,"href":"https:\/\/pb.edu.pl\/signum\/wp-json\/wp\/v2\/pages\/2692\/revisions"}],"up":[{"embeddable":true,"href":"https:\/\/pb.edu.pl\/signum\/wp-json\/wp\/v2\/pages\/2682"}],"wp:attachment":[{"href":"https:\/\/pb.edu.pl\/signum\/wp-json\/wp\/v2\/media?parent=2692"}],"curies":[{"name":"wp","href":"https:\/\/api.w.org\/{rel}","templated":true}]}}