{"id":2690,"date":"2024-04-28T10:54:18","date_gmt":"2024-04-28T08:54:18","guid":{"rendered":"https:\/\/pb.edu.pl\/signum\/?page_id=2690"},"modified":"2024-04-28T11:06:31","modified_gmt":"2024-04-28T09:06:31","slug":"finalisci-2018-19","status":"publish","type":"page","link":"https:\/\/pb.edu.pl\/signum\/konkurs\/internetowa-liga-lamiglowkowa\/archiwum\/finalisci-2018-19\/","title":{"rendered":"Finali\u015bci 2018\/19"},"content":{"rendered":"<h3>Finali\u015bci Internetowej Ligi \u0141amig\u0142\u00f3wkowej:<\/h3>\n<p>Betiuk Weronika (Bia\u0142ystok)<br \/>\nDzieko\u0144ski Micha\u0142 (Bia\u0142ystok)<br \/>\nGabrylewski Gustaw (Bia\u0142ystok)<br \/>\nGawro\u0144ski Maciej (Ko\u017amin Wielkopolski)<br \/>\nGoli\u0144ska Martyna Joanna (Ko\u017amin Wielkopolski)<br \/>\nKo\u0142ak Laura (Gosty\u0144)<br \/>\nKonarczak Hubert (Lutogniew)<br \/>\nKrawiecki Antoni (Sk\u00f3rzewo)<br \/>\nLisek Antoni Maciej (Ko\u017amin Wielkopolski)<br \/>\nMicha\u0142owski Pawe\u0142 (Bia\u0142ystok)<br \/>\nMozga Kacper (Skierniewice)<br \/>\nNowakowski Jan Stefan (Zielonki-Parcela)<br \/>\nPodjuk Patryk (Gosty\u0144)<br \/>\nRak Piotr (Lutogniew)<br \/>\nRatajczyk Weronika (Ko\u017amin Wielkopolski)<br \/>\nStempniak Paulina (Ko\u017amin Wielkopolski)<br \/>\nStempniak Zofia (Ko\u017amin Wielkopolski)<br \/>\nSzymura Kinga (Ko\u017amin Wielkopolski)<br \/>\nUlka Gabriela (Ko\u017amin Wielkopolski)<br \/>\nUlka Jan (Ko\u017amin Wielkopolski)<br \/>\nWojtkowiak Justyna (Ko\u017amin Wielkopolski)<br \/>\nWojtkowiak Piotr (Ko\u017amin Wielkopolski)<br \/>\nWojtkowiak Robert (Ko\u017amin Wielkopolski)<br \/>\n\u017bamojda Julia (Bia\u0142ystok)<\/p>\n<h3>Laureaci Internetowej Ligi \u0141amig\u0142\u00f3wkowej:<\/h3>\n<p>Krawiecki Antoni (Sk\u00f3rzewo) &#8211; I miejsce<br \/>\nUlka Gabriela (Ko\u017amin Wielkopolski)- &#8211; II miejsce<br \/>\nUlka Jan (Ko\u017amin Wielkopolski) &#8211; III miejsce<\/p>\n","protected":false},"excerpt":{"rendered":"<p>Finali\u015bci Internetowej Ligi \u0141amig\u0142\u00f3wkowej: Betiuk Weronika (Bia\u0142ystok) Dzieko\u0144ski Micha\u0142 (Bia\u0142ystok) Gabrylewski Gustaw (Bia\u0142ystok) Gawro\u0144ski Maciej<\/p>\n","protected":false},"author":171,"featured_media":0,"parent":2682,"menu_order":0,"comment_status":"closed","ping_status":"closed","template":"","meta":{"_acf_changed":false,"ngg_post_thumbnail":0,"footnotes":""},"class_list":["post-2690","page","type-page","status-publish","hentry"],"acf":[],"_links":{"self":[{"href":"https:\/\/pb.edu.pl\/signum\/wp-json\/wp\/v2\/pages\/2690","targetHints":{"allow":["GET"]}}],"collection":[{"href":"https:\/\/pb.edu.pl\/signum\/wp-json\/wp\/v2\/pages"}],"about":[{"href":"https:\/\/pb.edu.pl\/signum\/wp-json\/wp\/v2\/types\/page"}],"author":[{"embeddable":true,"href":"https:\/\/pb.edu.pl\/signum\/wp-json\/wp\/v2\/users\/171"}],"replies":[{"embeddable":true,"href":"https:\/\/pb.edu.pl\/signum\/wp-json\/wp\/v2\/comments?post=2690"}],"version-history":[{"count":0,"href":"https:\/\/pb.edu.pl\/signum\/wp-json\/wp\/v2\/pages\/2690\/revisions"}],"up":[{"embeddable":true,"href":"https:\/\/pb.edu.pl\/signum\/wp-json\/wp\/v2\/pages\/2682"}],"wp:attachment":[{"href":"https:\/\/pb.edu.pl\/signum\/wp-json\/wp\/v2\/media?parent=2690"}],"curies":[{"name":"wp","href":"https:\/\/api.w.org\/{rel}","templated":true}]}}