{"id":2687,"date":"2024-04-28T10:53:50","date_gmt":"2024-04-28T08:53:50","guid":{"rendered":"https:\/\/pb.edu.pl\/signum\/?page_id=2687"},"modified":"2024-04-28T11:06:47","modified_gmt":"2024-04-28T09:06:47","slug":"finalisci-2017-18","status":"publish","type":"page","link":"https:\/\/pb.edu.pl\/signum\/konkurs\/internetowa-liga-lamiglowkowa\/archiwum\/finalisci-2017-18\/","title":{"rendered":"Finali\u015bci 2017\/18"},"content":{"rendered":"<h3>Finali\u015bci Internetowej Ligi \u0141amig\u0142\u00f3wkowej:<\/h3>\n<p>Gawro\u0144ski Maciej (Ko\u017amin Wielkopolski)<br \/>\nNowakowski Jan Stefan (Zielonki-Parcela)<br \/>\nSoczewka Anna (\u0141osice)<br \/>\nStempniak Paulina (Ko\u017amin Wielkopolski)<br \/>\nStempniak Zofia (Ko\u017amin Wielkopolski)<br \/>\nWojtkowiak Justyna (Ko\u017amin Wielkopolski)<br \/>\nWojtkowiak Robert (Ko\u017amin Wielkopolski)<\/p>\n<h3>Laureaci Internetowej Ligi \u0141amig\u0142\u00f3wkowej:<\/h3>\n<p>Soczewka Anna (\u0141osice) &#8211; I miejsce<br \/>\nWojtkowiak Robert (Ko\u017amin Wielkopolski) &#8211; II miejsce<br \/>\nStempniak Zofia (Ko\u017amin Wielkopolski) &#8211; III miejsce<\/p>\n","protected":false},"excerpt":{"rendered":"<p>Finali\u015bci Internetowej Ligi \u0141amig\u0142\u00f3wkowej: Gawro\u0144ski Maciej (Ko\u017amin Wielkopolski) Nowakowski Jan Stefan (Zielonki-Parcela) Soczewka Anna (\u0141osice)<\/p>\n","protected":false},"author":171,"featured_media":0,"parent":2682,"menu_order":0,"comment_status":"closed","ping_status":"closed","template":"","meta":{"_acf_changed":false,"ngg_post_thumbnail":0,"footnotes":""},"class_list":["post-2687","page","type-page","status-publish","hentry"],"acf":[],"_links":{"self":[{"href":"https:\/\/pb.edu.pl\/signum\/wp-json\/wp\/v2\/pages\/2687","targetHints":{"allow":["GET"]}}],"collection":[{"href":"https:\/\/pb.edu.pl\/signum\/wp-json\/wp\/v2\/pages"}],"about":[{"href":"https:\/\/pb.edu.pl\/signum\/wp-json\/wp\/v2\/types\/page"}],"author":[{"embeddable":true,"href":"https:\/\/pb.edu.pl\/signum\/wp-json\/wp\/v2\/users\/171"}],"replies":[{"embeddable":true,"href":"https:\/\/pb.edu.pl\/signum\/wp-json\/wp\/v2\/comments?post=2687"}],"version-history":[{"count":0,"href":"https:\/\/pb.edu.pl\/signum\/wp-json\/wp\/v2\/pages\/2687\/revisions"}],"up":[{"embeddable":true,"href":"https:\/\/pb.edu.pl\/signum\/wp-json\/wp\/v2\/pages\/2682"}],"wp:attachment":[{"href":"https:\/\/pb.edu.pl\/signum\/wp-json\/wp\/v2\/media?parent=2687"}],"curies":[{"name":"wp","href":"https:\/\/api.w.org\/{rel}","templated":true}]}}