{"id":2685,"date":"2024-04-28T10:53:22","date_gmt":"2024-04-28T08:53:22","guid":{"rendered":"https:\/\/pb.edu.pl\/signum\/?page_id=2685"},"modified":"2024-04-28T11:07:02","modified_gmt":"2024-04-28T09:07:02","slug":"finalisci-2016-17","status":"publish","type":"page","link":"https:\/\/pb.edu.pl\/signum\/konkurs\/internetowa-liga-lamiglowkowa\/archiwum\/finalisci-2016-17\/","title":{"rendered":"Finali\u015bci 2016\/17"},"content":{"rendered":"<h3>W\u015br\u00f3d finalist\u00f3w Internetowej Ligi \u0141amig\u0142\u00f3wkowej znale\u017ali si\u0119:<\/h3>\n<p>Cie\u015blik Rados\u0142aw (Ostro\u0142\u0119ka)<br \/>\nDzieko\u0144ski Micha\u0142 (Bia\u0142ystok)<br \/>\nIwanicki Jakub (S\u0142upsk)<br \/>\n\u0141api\u0144ska Magdalena (\u0141apy)<br \/>\nWojtkowiak Justyna (Ko\u017amin Wielkopolski)<br \/>\nWojtkowiak Robert (Ko\u017amin Wielkopolski)<\/p>\n<h3>I miejsce zaj\u0105\u0142:<\/h3>\n<p>Micha\u0142 Dzieko\u0144ski (Publiczne Gimnazjum nr 6, Bia\u0142ystok)<\/p>\n","protected":false},"excerpt":{"rendered":"<p>W\u015br\u00f3d finalist\u00f3w Internetowej Ligi \u0141amig\u0142\u00f3wkowej znale\u017ali si\u0119: Cie\u015blik Rados\u0142aw (Ostro\u0142\u0119ka) Dzieko\u0144ski Micha\u0142 (Bia\u0142ystok) Iwanicki Jakub<\/p>\n","protected":false},"author":171,"featured_media":0,"parent":2682,"menu_order":0,"comment_status":"closed","ping_status":"closed","template":"","meta":{"_acf_changed":false,"ngg_post_thumbnail":0,"footnotes":""},"class_list":["post-2685","page","type-page","status-publish","hentry"],"acf":[],"_links":{"self":[{"href":"https:\/\/pb.edu.pl\/signum\/wp-json\/wp\/v2\/pages\/2685","targetHints":{"allow":["GET"]}}],"collection":[{"href":"https:\/\/pb.edu.pl\/signum\/wp-json\/wp\/v2\/pages"}],"about":[{"href":"https:\/\/pb.edu.pl\/signum\/wp-json\/wp\/v2\/types\/page"}],"author":[{"embeddable":true,"href":"https:\/\/pb.edu.pl\/signum\/wp-json\/wp\/v2\/users\/171"}],"replies":[{"embeddable":true,"href":"https:\/\/pb.edu.pl\/signum\/wp-json\/wp\/v2\/comments?post=2685"}],"version-history":[{"count":0,"href":"https:\/\/pb.edu.pl\/signum\/wp-json\/wp\/v2\/pages\/2685\/revisions"}],"up":[{"embeddable":true,"href":"https:\/\/pb.edu.pl\/signum\/wp-json\/wp\/v2\/pages\/2682"}],"wp:attachment":[{"href":"https:\/\/pb.edu.pl\/signum\/wp-json\/wp\/v2\/media?parent=2685"}],"curies":[{"name":"wp","href":"https:\/\/api.w.org\/{rel}","templated":true}]}}