{"id":2663,"date":"2024-04-28T08:57:37","date_gmt":"2024-04-28T06:57:37","guid":{"rendered":"https:\/\/pb.edu.pl\/signum\/?page_id=2663"},"modified":"2025-10-20T22:55:51","modified_gmt":"2025-10-20T20:55:51","slug":"formularz-zgloszeniowy-osoby-pelnoletniej","status":"publish","type":"page","link":"https:\/\/pb.edu.pl\/signum\/konkurs\/matematyka-w-obiektywie\/formularz-zgloszeniowy\/formularz-zgloszeniowy-osoby-pelnoletniej\/","title":{"rendered":"Formularz zg\u0142oszeniowy osoby pe\u0142noletniej"},"content":{"rendered":"<p>Przyjmowanie zg\u0142osze\u0144 zosta\u0142o zako\u0144czone.<\/p>\n","protected":false},"excerpt":{"rendered":"<p>Przyjmowanie zg\u0142osze\u0144 zosta\u0142o zako\u0144czone.<\/p>\n","protected":false},"author":171,"featured_media":0,"parent":2532,"menu_order":0,"comment_status":"closed","ping_status":"closed","template":"","meta":{"_acf_changed":false,"ngg_post_thumbnail":0,"footnotes":""},"class_list":["post-2663","page","type-page","status-publish","hentry"],"acf":[],"_links":{"self":[{"href":"https:\/\/pb.edu.pl\/signum\/wp-json\/wp\/v2\/pages\/2663","targetHints":{"allow":["GET"]}}],"collection":[{"href":"https:\/\/pb.edu.pl\/signum\/wp-json\/wp\/v2\/pages"}],"about":[{"href":"https:\/\/pb.edu.pl\/signum\/wp-json\/wp\/v2\/types\/page"}],"author":[{"embeddable":true,"href":"https:\/\/pb.edu.pl\/signum\/wp-json\/wp\/v2\/users\/171"}],"replies":[{"embeddable":true,"href":"https:\/\/pb.edu.pl\/signum\/wp-json\/wp\/v2\/comments?post=2663"}],"version-history":[{"count":0,"href":"https:\/\/pb.edu.pl\/signum\/wp-json\/wp\/v2\/pages\/2663\/revisions"}],"up":[{"embeddable":true,"href":"https:\/\/pb.edu.pl\/signum\/wp-json\/wp\/v2\/pages\/2532"}],"wp:attachment":[{"href":"https:\/\/pb.edu.pl\/signum\/wp-json\/wp\/v2\/media?parent=2663"}],"curies":[{"name":"wp","href":"https:\/\/api.w.org\/{rel}","templated":true}]}}