{"id":2658,"date":"2024-04-28T08:30:06","date_gmt":"2024-04-28T06:30:06","guid":{"rendered":"https:\/\/pb.edu.pl\/signum\/?page_id=2658"},"modified":"2025-11-04T16:20:44","modified_gmt":"2025-11-04T15:20:44","slug":"internetowa-liga-lamiglowkowa","status":"publish","type":"page","link":"https:\/\/pb.edu.pl\/signum\/konkurs\/internetowa-liga-lamiglowkowa\/","title":{"rendered":"Konkurs ,,Internetowa Liga \u0141amig\u0142\u00f3wkowa&#8221;"},"content":{"rendered":"<p>to dobra matematyczna zabawa i trening \u201eszarych kom\u00f3rek\u201d.<\/p>\n<p>Konkurs polega na rozwi\u0105zywaniu zada\u0144 &#8211; \u0142amig\u0142\u00f3wek publikowanych w odst\u0119pach tygodniowych.<\/p>\n<ul>\n<li>Jest to dziesi\u0105ta edycja konkursu, kt\u00f3ry polega na rozwi\u0105zywaniu zada\u0144 &#8211; \u0142amig\u0142\u00f3wek publikowanych w odst\u0119pach tygodniowych.<\/li>\n<li>Uczestnikiem konkursu mo\u017ce by\u0107 ka\u017cdy, jednak w finale mo\u017ce bra\u0107 udzia\u0142 tylko m\u0142odzie\u017c ucz\u0105ca si\u0119, wraz z osobami, dla kt\u00f3rych rok szkolny 2025\/26 by\u0142 ostatnim rokiem edukacji szkolnej.<\/li>\n<li>Do konkursu mo\u017cna do\u0142\u0105czy\u0107 w dowolnym momencie \ud83d\ude42<\/li>\n<li>W ka\u017cdym tygodniu b\u0119dzie publikowany ranking uczestnik\u00f3w.<\/li>\n<li>Zg\u0142oszenia nale\u017cy dokona\u0107 wype\u0142niaj\u0105c dost\u0119pny na stronie <a href=\"https:\/\/signum.pb.edu.pl\/index.php\/konkursy-1\/15-konkursy\/liga-internetowa\/100-lamiglowka\">signum.pb.edu.pl<\/a> (w menu po prawej) formularz zg\u0142oszeniowy <strong>(d<\/strong><b>otyczy r\u00f3wnie\u017c uczestnik\u00f3w poprzednich<\/b>&nbsp;<strong>edycji)&nbsp;<\/strong>oraz rejestruj\u0105c si\u0119 na platformie internetowej Moodle<strong>&nbsp;(d<b>otyczy r\u00f3wnie\u017c uczestnik\u00f3w poprzednich&nbsp;edycji<\/b>)<\/strong>. Dost\u0119p do \u0142amig\u0142\u00f3wek na platformie Moodle&nbsp;<strong>(dotyczy wszystkich uczestnik\u00f3w)&nbsp;<\/strong>b\u0119dzie mo\u017cliwy po przes\u0142aniu przez nas do rodzica\/opiekuna prawnego (uczestnika pelnoletniego) powiadomienia o przyj\u0119ciu do konkursu.&nbsp;Potrzebne informacje znajd\u0105 Pa\u0144stwo w regulaminie.<\/li>\n<\/ul>\n","protected":false},"excerpt":{"rendered":"<p>to dobra matematyczna zabawa i trening \u201eszarych kom\u00f3rek\u201d. Konkurs polega na rozwi\u0105zywaniu zada\u0144 &#8211; \u0142amig\u0142\u00f3wek<\/p>\n","protected":false},"author":171,"featured_media":0,"parent":2233,"menu_order":0,"comment_status":"closed","ping_status":"closed","template":"","meta":{"_acf_changed":false,"ngg_post_thumbnail":0,"footnotes":""},"class_list":["post-2658","page","type-page","status-publish","hentry"],"acf":[],"_links":{"self":[{"href":"https:\/\/pb.edu.pl\/signum\/wp-json\/wp\/v2\/pages\/2658","targetHints":{"allow":["GET"]}}],"collection":[{"href":"https:\/\/pb.edu.pl\/signum\/wp-json\/wp\/v2\/pages"}],"about":[{"href":"https:\/\/pb.edu.pl\/signum\/wp-json\/wp\/v2\/types\/page"}],"author":[{"embeddable":true,"href":"https:\/\/pb.edu.pl\/signum\/wp-json\/wp\/v2\/users\/171"}],"replies":[{"embeddable":true,"href":"https:\/\/pb.edu.pl\/signum\/wp-json\/wp\/v2\/comments?post=2658"}],"version-history":[{"count":0,"href":"https:\/\/pb.edu.pl\/signum\/wp-json\/wp\/v2\/pages\/2658\/revisions"}],"up":[{"embeddable":true,"href":"https:\/\/pb.edu.pl\/signum\/wp-json\/wp\/v2\/pages\/2233"}],"wp:attachment":[{"href":"https:\/\/pb.edu.pl\/signum\/wp-json\/wp\/v2\/media?parent=2658"}],"curies":[{"name":"wp","href":"https:\/\/api.w.org\/{rel}","templated":true}]}}