{"id":2656,"date":"2024-04-28T08:29:23","date_gmt":"2024-04-28T06:29:23","guid":{"rendered":"https:\/\/pb.edu.pl\/signum\/?page_id=2656"},"modified":"2026-02-10T15:56:51","modified_gmt":"2026-02-10T14:56:51","slug":"matematyka-stosowana","status":"publish","type":"page","link":"https:\/\/pb.edu.pl\/signum\/konkurs\/matematyka-stosowana\/","title":{"rendered":"Konkurs ,,Matematyka stosowana&#8221;"},"content":{"rendered":"<p>Konkurs \u201eMatematyka stosowana\u201d jest konkursem o indeks na dowolny kierunek studi\u00f3w dziennych prowadzony na Politechnice Bia\u0142ostockiej. W roku szkolnym 2025\/2026 odb\u0119dzie si\u0119 XI edycja tego konkursu. Organizatorem jest Centrum Popularyzacji Matematyki SIGNUM dzia\u0142aj\u0105ce przy Wydziale Informatyki PB. W przeprowadzeniu konkursu uczestnicz\u0105 wszystkie Wydzia\u0142y Politechniki Bia\u0142ostockiej oraz Studium J\u0119zyk\u00f3w Obcych.<\/p>\n<p>&nbsp;<\/p>\n<p style=\"text-align: center\"><span style=\"color: #ff0000\">Rejestracja uczestnik\u00f3w ko\u0144czy si\u0119 22. lutego 2026 r.<\/span><\/p>\n<div id=\"prezentacja-2020pjc\" class=\"frs-slideshow-container\">\n<div id=\"prezentacja-2020pjc-slideshow\" class=\"frs-wrapper frs-skin-default frs-responsive-full\">\n<div class=\"frs-slideshow-content\">\n<div class=\"frs-slide-img-wrapper\">&nbsp;<\/div>\n<\/div>\n<\/div>\n<\/div>\nngg_shortcode_0_placeholder\n","protected":false},"excerpt":{"rendered":"<p>Konkurs \u201eMatematyka stosowana\u201d jest konkursem o indeks na dowolny kierunek studi\u00f3w dziennych prowadzony na Politechnice<\/p>\n","protected":false},"author":171,"featured_media":0,"parent":2233,"menu_order":0,"comment_status":"closed","ping_status":"closed","template":"","meta":{"_acf_changed":false,"ngg_post_thumbnail":0,"footnotes":""},"class_list":["post-2656","page","type-page","status-publish","hentry"],"acf":[],"_links":{"self":[{"href":"https:\/\/pb.edu.pl\/signum\/wp-json\/wp\/v2\/pages\/2656","targetHints":{"allow":["GET"]}}],"collection":[{"href":"https:\/\/pb.edu.pl\/signum\/wp-json\/wp\/v2\/pages"}],"about":[{"href":"https:\/\/pb.edu.pl\/signum\/wp-json\/wp\/v2\/types\/page"}],"author":[{"embeddable":true,"href":"https:\/\/pb.edu.pl\/signum\/wp-json\/wp\/v2\/users\/171"}],"replies":[{"embeddable":true,"href":"https:\/\/pb.edu.pl\/signum\/wp-json\/wp\/v2\/comments?post=2656"}],"version-history":[{"count":2,"href":"https:\/\/pb.edu.pl\/signum\/wp-json\/wp\/v2\/pages\/2656\/revisions"}],"predecessor-version":[{"id":5330,"href":"https:\/\/pb.edu.pl\/signum\/wp-json\/wp\/v2\/pages\/2656\/revisions\/5330"}],"up":[{"embeddable":true,"href":"https:\/\/pb.edu.pl\/signum\/wp-json\/wp\/v2\/pages\/2233"}],"wp:attachment":[{"href":"https:\/\/pb.edu.pl\/signum\/wp-json\/wp\/v2\/media?parent=2656"}],"curies":[{"name":"wp","href":"https:\/\/api.w.org\/{rel}","templated":true}]}}