{"id":2650,"date":"2024-04-28T08:19:02","date_gmt":"2024-04-28T06:19:02","guid":{"rendered":"https:\/\/pb.edu.pl\/signum\/?page_id=2650"},"modified":"2024-06-16T11:44:22","modified_gmt":"2024-06-16T09:44:22","slug":"z-matematyka-do-rymu","status":"publish","type":"page","link":"https:\/\/pb.edu.pl\/signum\/konkurs\/z-matematyka-do-rymu\/","title":{"rendered":"Konkurs matematyczno-humanistyczny \u201eZ matematyk\u0105 do rymu&#8221;"},"content":{"rendered":"<p align=\"justify\">Centrum Popularyzacji Matematyki &#8222;<i>SIGNUM<\/i>&#8222;<\/p>\n<p>og\u0142asza&nbsp;<strong>X edycj\u0119<\/strong>&nbsp;konkursu matematyczno-humanistycznego<\/p>\n<div>\n<p>&nbsp;<\/p>\n<p align=\"center\">pt.&nbsp;<i><b>\u201eZ matematyk\u0105 do rymu&#8221;<\/b><\/i><b>.<\/b><\/p>\n<p align=\"justify\">Konkurs polega na zapisaniu mow\u0105 wi\u0105zan\u0105 tre\u015bci zadania matematycznego, twierdzenia, definicji lub rozwa\u017ca\u0144 o matematyce.<\/p>\n<p>&nbsp;<\/p>\n<p align=\"justify\"><i><b>Przyk\u0142ad:<br \/>\n<\/b><\/i><i><b><br \/>\nMatemocje<\/b><\/i><\/p>\n<div>\n<div>Promienie emocji<br \/>\nSkupione w ognisku<br \/>\nOdbite od maski<br \/>\n\u0141uku paraboli<\/div>\n<div>&nbsp;<\/div>\n<div>Liczby spe\u0142niaj\u0105ce<br \/>\nR\u00f3wnanie szcz\u0119\u015bcia<br \/>\nZbyt niewymierne<br \/>\nBy je okre\u015bli\u0107<\/div>\n<div>&nbsp;<\/div>\n<div>Okr\u0105g o \u015brodku<br \/>\nW punkcie rozterki<br \/>\nObejmuj\u0119 wewn\u0119trzn\u0105<br \/>\nM\u0105 oboj\u0119tno\u015b\u0107<\/div>\n<div>&nbsp;<\/div>\n<div>W uk\u0142adzie r\u00f3wna\u0144<br \/>\nNieoznaczonym<br \/>\nJednoznacznych rozwi\u0105za\u0144<br \/>\nSi\u0119 doszukuj\u0119<\/div>\n<div>&nbsp;<\/div>\n<div>B\u0142\u0105dz\u0119 po ciemku<br \/>\nSzukaj\u0105c pierwiastka<br \/>\nZ minus jedynki<br \/>\nNierzeczywistej<\/div>\n<div>&nbsp;<\/div>\n<p>&nbsp;<i><b><em>(Aleksandra Bia\u0142a \u2013 I miejsce w IX edycji konkursu w kategorii: m\u0142odzie\u017c do matury)<\/em><\/b><\/i><\/p>\n<p><strong>Konkurs realizowany przy wsparciu:<\/strong><\/p>\n<p><img loading=\"lazy\" decoding=\"async\" class=\"aligncenter size-full wp-image-2540\" src=\"https:\/\/pb.edu.pl\/signum\/wp-content\/uploads\/sites\/128\/2024\/04\/logo_BS_Juchnowiec.jpg\" alt=\"\" width=\"627\" height=\"85\" srcset=\"https:\/\/pb.edu.pl\/signum\/wp-content\/uploads\/sites\/128\/2024\/04\/logo_BS_Juchnowiec.jpg 627w, https:\/\/pb.edu.pl\/signum\/wp-content\/uploads\/sites\/128\/2024\/04\/logo_BS_Juchnowiec-300x41.jpg 300w\" sizes=\"auto, (max-width: 627px) 100vw, 627px\" \/><\/p>\n<\/div>\n<\/div>\n","protected":false},"excerpt":{"rendered":"<p>Centrum Popularyzacji Matematyki &#8222;SIGNUM&#8222; og\u0142asza&nbsp;X edycj\u0119&nbsp;konkursu matematyczno-humanistycznego &nbsp; pt.&nbsp;\u201eZ matematyk\u0105 do rymu&#8221;. Konkurs polega na<\/p>\n","protected":false},"author":171,"featured_media":0,"parent":2233,"menu_order":0,"comment_status":"closed","ping_status":"closed","template":"","meta":{"_acf_changed":false,"ngg_post_thumbnail":0,"footnotes":""},"class_list":["post-2650","page","type-page","status-publish","hentry"],"acf":[],"_links":{"self":[{"href":"https:\/\/pb.edu.pl\/signum\/wp-json\/wp\/v2\/pages\/2650","targetHints":{"allow":["GET"]}}],"collection":[{"href":"https:\/\/pb.edu.pl\/signum\/wp-json\/wp\/v2\/pages"}],"about":[{"href":"https:\/\/pb.edu.pl\/signum\/wp-json\/wp\/v2\/types\/page"}],"author":[{"embeddable":true,"href":"https:\/\/pb.edu.pl\/signum\/wp-json\/wp\/v2\/users\/171"}],"replies":[{"embeddable":true,"href":"https:\/\/pb.edu.pl\/signum\/wp-json\/wp\/v2\/comments?post=2650"}],"version-history":[{"count":0,"href":"https:\/\/pb.edu.pl\/signum\/wp-json\/wp\/v2\/pages\/2650\/revisions"}],"up":[{"embeddable":true,"href":"https:\/\/pb.edu.pl\/signum\/wp-json\/wp\/v2\/pages\/2233"}],"wp:attachment":[{"href":"https:\/\/pb.edu.pl\/signum\/wp-json\/wp\/v2\/media?parent=2650"}],"curies":[{"name":"wp","href":"https:\/\/api.w.org\/{rel}","templated":true}]}}