{"id":2628,"date":"2024-04-26T14:25:27","date_gmt":"2024-04-26T12:25:27","guid":{"rendered":"https:\/\/pb.edu.pl\/signum\/?page_id=2628"},"modified":"2024-05-08T08:51:09","modified_gmt":"2024-05-08T06:51:09","slug":"nagrodzone-prace-2023","status":"publish","type":"page","link":"https:\/\/pb.edu.pl\/signum\/konkurs\/usmiechniete-rozmaitosci-matematyczne\/nagrodzone-prace-2023\/","title":{"rendered":"Nagrodzone prace 2023"},"content":{"rendered":"<h1>Szko\u0142a podstawowa (klasy 6-8)<\/h1>\n<h3 style=\"text-align: left\">I miejsce<\/h3>\n<h6 style=\"text-align: center\"><a class=\"ngg-simplelightbox\" title=\" \" href=\"https:\/\/pb.edu.pl\/signum\/wp-content\/uploads\/sites\/128\/nggallery\/2023p-usmiechniete-rozmaitosci-matematyczne\/P002.jpg\" rel=\"\" data-image-id=\"203\" data-src=\"https:\/\/pb.edu.pl\/signum\/wp-content\/uploads\/sites\/128\/nggallery\/2023p-usmiechniete-rozmaitosci-matematyczne\/P002.jpg\" data-thumbnail=\"https:\/\/pb.edu.pl\/signum\/wp-content\/uploads\/sites\/128\/nggallery\/2023p-usmiechniete-rozmaitosci-matematyczne\/thumbs\/thumbs_P002.jpg\" data-title=\"Matematyczna dieta\" data-description=\" \"><br \/>\n<img decoding=\"async\" class=\"ngg-singlepic ngg-none aligncenter\" src=\"https:\/\/pb.edu.pl\/signum\/wp-content\/uploads\/sites\/128\/nggallery\/2023p-usmiechniete-rozmaitosci-matematyczne\/P002.jpg\" alt=\"Matematyczna dieta\"><\/a><\/h6>\n<p style=\"text-align: center\">\u201eMatematyczna dieta\u201d Hubert Podkowa-G\u00f3rski, Szko\u0142a Podstawowa im. Jana Kochanowskiego w Piekoszowie<\/p>\n<hr>\n<h3 style=\"text-align: left\">II miejsce<\/h3>\n<p style=\"text-align: center\"><a class=\"ngg-simplelightbox\" title=\" \" href=\"https:\/\/pb.edu.pl\/signum\/wp-content\/uploads\/sites\/128\/nggallery\/2023p-usmiechniete-rozmaitosci-matematyczne\/P001.jpg\" rel=\"\" data-image-id=\"197\" data-src=\"https:\/\/pb.edu.pl\/signum\/wp-content\/uploads\/sites\/128\/nggallery\/2023p-usmiechniete-rozmaitosci-matematyczne\/P001.jpg\" data-thumbnail=\"https:\/\/pb.edu.pl\/signum\/wp-content\/uploads\/sites\/128\/nggallery\/2023p-usmiechniete-rozmaitosci-matematyczne\/thumbs\/thumbs_P001.jpg\" data-title=\"Inny punkt widzenia\" data-description=\" \"><br \/>\n<img decoding=\"async\" class=\"ngg-singlepic ngg-none aligncenter\" src=\"https:\/\/pb.edu.pl\/signum\/wp-content\/uploads\/sites\/128\/nggallery\/2023p-usmiechniete-rozmaitosci-matematyczne\/P001.jpg\" alt=\"Inny punkt widzenia\"><\/a><\/p>\n<p style=\"text-align: center\">\u201eInny punkt widzenia\u201d Nikola \u0141osi\u0144ska, Zesp\u00f3\u0142 Szk\u00f3\u0142 w Dobrzejewicach<\/p>\n<hr>\n<h3 style=\"text-align: left\">III miejsce<a class=\"ngg-simplelightbox\" title=\" \" href=\"https:\/\/pb.edu.pl\/signum\/wp-content\/uploads\/sites\/128\/nggallery\/2023p-usmiechniete-rozmaitosci-matematyczne\/P011.jpg\" rel=\"\" data-image-id=\"208\" data-src=\"https:\/\/pb.edu.pl\/signum\/wp-content\/uploads\/sites\/128\/nggallery\/2023p-usmiechniete-rozmaitosci-matematyczne\/P011.jpg\" data-thumbnail=\"https:\/\/pb.edu.pl\/signum\/wp-content\/uploads\/sites\/128\/nggallery\/2023p-usmiechniete-rozmaitosci-matematyczne\/thumbs\/thumbs_P011.jpg\" data-title=\" Ulubione danie matematyka\" data-description=\" \"><br \/>\n<img decoding=\"async\" class=\"ngg-singlepic ngg-none aligncenter\" src=\"https:\/\/pb.edu.pl\/signum\/wp-content\/uploads\/sites\/128\/nggallery\/2023p-usmiechniete-rozmaitosci-matematyczne\/P011.jpg\" alt=\" Ulubione danie matematyka\"><\/a><\/h3>\n<p style=\"text-align: center\">\u201eUlubione danie matematyka\u201d Karolina Wies\u0142awska, Szko\u0142a Podstawowa im. Stefana Kardyna\u0142a Wyszy\u0144skiego w Korycinie<\/p>\n<h1>Szko\u0142a \u015brednia<\/h1>\n<h3>I miejsce<\/h3>\n<p><a class=\"ngg-simplelightbox\" title=\" \" href=\"https:\/\/pb.edu.pl\/signum\/wp-content\/uploads\/sites\/128\/nggallery\/2023s-usmiechniete-rozmaitosci-matematyczne\/S017.jpg\" rel=\"\" data-image-id=\"227\" data-src=\"https:\/\/pb.edu.pl\/signum\/wp-content\/uploads\/sites\/128\/nggallery\/2023s-usmiechniete-rozmaitosci-matematyczne\/S017.jpg\" data-thumbnail=\"https:\/\/pb.edu.pl\/signum\/wp-content\/uploads\/sites\/128\/nggallery\/2023s-usmiechniete-rozmaitosci-matematyczne\/thumbs\/thumbs_S017.jpg\" data-title=\"Funkcja kwadratowa\" data-description=\" \"><img decoding=\"async\" class=\"ngg-singlepic ngg-center\" src=\"https:\/\/pb.edu.pl\/signum\/wp-content\/uploads\/sites\/128\/nggallery\/2023s-usmiechniete-rozmaitosci-matematyczne\/S017.jpg\" alt=\"Funkcja kwadratowa\"><\/a><\/p>\n<p style=\"text-align: center\">\u201eFunkcja kwadratowa\u201d Julia Sianko, Akademickie Liceum Og\u00f3lnokszta\u0142c\u0105ce PB w Bia\u0142ymstoku<\/p>\n<hr>\n<h3>II miejsce<\/h3>\n<p><a class=\"ngg-simplelightbox\" title=\" \" href=\"https:\/\/pb.edu.pl\/signum\/wp-content\/uploads\/sites\/128\/nggallery\/2023s-usmiechniete-rozmaitosci-matematyczne\/S014.jpg\" rel=\"\" data-image-id=\"223\" data-src=\"https:\/\/pb.edu.pl\/signum\/wp-content\/uploads\/sites\/128\/nggallery\/2023s-usmiechniete-rozmaitosci-matematyczne\/S014.jpg\" data-thumbnail=\"https:\/\/pb.edu.pl\/signum\/wp-content\/uploads\/sites\/128\/nggallery\/2023s-usmiechniete-rozmaitosci-matematyczne\/thumbs\/thumbs_S014.jpg\" data-title=\"Rybak Matematyk\" data-description=\" \"><img decoding=\"async\" class=\"ngg-singlepic ngg-center\" src=\"https:\/\/pb.edu.pl\/signum\/wp-content\/uploads\/sites\/128\/nggallery\/2023s-usmiechniete-rozmaitosci-matematyczne\/S014.jpg\" alt=\"Rybak Matematyk\"><\/a><\/p>\n<p style=\"text-align: center\">\u201eRybak Matematyk\u201d \u0141ukasz Buzun, Zesp\u00f3\u0142 Szk\u00f3\u0142 Elektrycznych im. prof. Janusza Groszkowskiego w Bia\u0142ymstoku<\/p>\n<hr>\n<h3>III miejsce<\/h3>\n<p><a class=\"ngg-simplelightbox\" title=\" \" href=\"https:\/\/pb.edu.pl\/signum\/wp-content\/uploads\/sites\/128\/nggallery\/2023s-usmiechniete-rozmaitosci-matematyczne\/S009.jpg\" rel=\"\" data-image-id=\"229\" data-src=\"https:\/\/pb.edu.pl\/signum\/wp-content\/uploads\/sites\/128\/nggallery\/2023s-usmiechniete-rozmaitosci-matematyczne\/S009.jpg\" data-thumbnail=\"https:\/\/pb.edu.pl\/signum\/wp-content\/uploads\/sites\/128\/nggallery\/2023s-usmiechniete-rozmaitosci-matematyczne\/thumbs\/thumbs_S009.jpg\" data-title=\"Wracaj\u0105ca gwiazda\" data-description=\" \"><img decoding=\"async\" class=\"ngg-singlepic ngg-center\" src=\"https:\/\/pb.edu.pl\/signum\/wp-content\/uploads\/sites\/128\/nggallery\/2023s-usmiechniete-rozmaitosci-matematyczne\/S009.jpg\" alt=\"Wracaj\u0105ca gwiazda\"><\/a><\/p>\n<p id=\"caption-attachment-973\" style=\"text-align: center\">\u201eWracaj\u0105ca gwiazda\u201d Hanna Rydzewska, Zesp\u00f3\u0142 Szk\u00f3\u0142 Informatycznych w S\u0142upsku<\/p>\n","protected":false},"excerpt":{"rendered":"<p>Szko\u0142a podstawowa (klasy 6-8) I miejsce \u201eMatematyczna dieta\u201d Hubert Podkowa-G\u00f3rski, Szko\u0142a Podstawowa im. Jana Kochanowskiego<\/p>\n","protected":false},"author":171,"featured_media":0,"parent":2519,"menu_order":0,"comment_status":"closed","ping_status":"closed","template":"","meta":{"_acf_changed":false,"ngg_post_thumbnail":0,"footnotes":""},"class_list":["post-2628","page","type-page","status-publish","hentry"],"acf":[],"_links":{"self":[{"href":"https:\/\/pb.edu.pl\/signum\/wp-json\/wp\/v2\/pages\/2628","targetHints":{"allow":["GET"]}}],"collection":[{"href":"https:\/\/pb.edu.pl\/signum\/wp-json\/wp\/v2\/pages"}],"about":[{"href":"https:\/\/pb.edu.pl\/signum\/wp-json\/wp\/v2\/types\/page"}],"author":[{"embeddable":true,"href":"https:\/\/pb.edu.pl\/signum\/wp-json\/wp\/v2\/users\/171"}],"replies":[{"embeddable":true,"href":"https:\/\/pb.edu.pl\/signum\/wp-json\/wp\/v2\/comments?post=2628"}],"version-history":[{"count":0,"href":"https:\/\/pb.edu.pl\/signum\/wp-json\/wp\/v2\/pages\/2628\/revisions"}],"up":[{"embeddable":true,"href":"https:\/\/pb.edu.pl\/signum\/wp-json\/wp\/v2\/pages\/2519"}],"wp:attachment":[{"href":"https:\/\/pb.edu.pl\/signum\/wp-json\/wp\/v2\/media?parent=2628"}],"curies":[{"name":"wp","href":"https:\/\/api.w.org\/{rel}","templated":true}]}}