{"id":2522,"date":"2024-04-26T09:23:23","date_gmt":"2024-04-26T07:23:23","guid":{"rendered":"https:\/\/pb.edu.pl\/signum\/?page_id=2522"},"modified":"2025-10-20T22:56:23","modified_gmt":"2025-10-20T20:56:23","slug":"formularz-zgloszeniowy-dziecka-ponizej-18-lat","status":"publish","type":"page","link":"https:\/\/pb.edu.pl\/signum\/konkurs\/matematyka-w-obiektywie\/formularz-zgloszeniowy\/formularz-zgloszeniowy-dziecka-ponizej-18-lat\/","title":{"rendered":"Formularz zg\u0142oszeniowy &#8211; dziecka poni\u017cej 18 lat"},"content":{"rendered":"<p>Przyjmowanie zg\u0142osze\u0144 zosta\u0142o zako\u0144czone.<\/p>\n","protected":false},"excerpt":{"rendered":"<p>Przyjmowanie zg\u0142osze\u0144 zosta\u0142o zako\u0144czone.<\/p>\n","protected":false},"author":171,"featured_media":0,"parent":2532,"menu_order":0,"comment_status":"closed","ping_status":"closed","template":"","meta":{"_acf_changed":false,"ngg_post_thumbnail":0,"footnotes":""},"class_list":["post-2522","page","type-page","status-publish","hentry"],"acf":[],"_links":{"self":[{"href":"https:\/\/pb.edu.pl\/signum\/wp-json\/wp\/v2\/pages\/2522","targetHints":{"allow":["GET"]}}],"collection":[{"href":"https:\/\/pb.edu.pl\/signum\/wp-json\/wp\/v2\/pages"}],"about":[{"href":"https:\/\/pb.edu.pl\/signum\/wp-json\/wp\/v2\/types\/page"}],"author":[{"embeddable":true,"href":"https:\/\/pb.edu.pl\/signum\/wp-json\/wp\/v2\/users\/171"}],"replies":[{"embeddable":true,"href":"https:\/\/pb.edu.pl\/signum\/wp-json\/wp\/v2\/comments?post=2522"}],"version-history":[{"count":0,"href":"https:\/\/pb.edu.pl\/signum\/wp-json\/wp\/v2\/pages\/2522\/revisions"}],"up":[{"embeddable":true,"href":"https:\/\/pb.edu.pl\/signum\/wp-json\/wp\/v2\/pages\/2532"}],"wp:attachment":[{"href":"https:\/\/pb.edu.pl\/signum\/wp-json\/wp\/v2\/media?parent=2522"}],"curies":[{"name":"wp","href":"https:\/\/api.w.org\/{rel}","templated":true}]}}