{"id":2519,"date":"2024-04-26T08:37:55","date_gmt":"2024-04-26T06:37:55","guid":{"rendered":"https:\/\/pb.edu.pl\/signum\/?page_id=2519"},"modified":"2024-06-21T08:31:13","modified_gmt":"2024-06-21T06:31:13","slug":"usmiechniete-rozmaitosci-matematyczne","status":"publish","type":"page","link":"https:\/\/pb.edu.pl\/signum\/konkurs\/usmiechniete-rozmaitosci-matematyczne\/","title":{"rendered":"Konkurs plastyczny ,,U\u015bmiechni\u0119te rozmaito\u015bci matematyczne&#8221;"},"content":{"rendered":"<p style=\"text-align: center\"><strong>Konkurs plastyczny \u201eU\u015bmiechni\u0119te rozmaito\u015bci matematyczne\u201d<\/strong><\/p>\n<p style=\"text-align: center\">czyli<\/p>\n<p style=\"text-align: center\"><strong>matematyka<\/strong><\/p>\n<p><img loading=\"lazy\" decoding=\"async\" class=\"aligncenter wp-image-4716\" src=\"https:\/\/pb.edu.pl\/signum\/wp-content\/uploads\/sites\/128\/2024\/06\/seprator.jpg\" alt=\"\" width=\"20\" height=\"20\"><\/p>\n<p style=\"text-align: center\"><strong>humor i satyra<\/strong><\/p>\n<p style=\"text-align: center\"><strong><img loading=\"lazy\" decoding=\"async\" class=\"aligncenter wp-image-4716\" src=\"https:\/\/pb.edu.pl\/signum\/wp-content\/uploads\/sites\/128\/2024\/06\/seprator.jpg\" alt=\"\" width=\"20\" height=\"20\"><\/strong><strong>rysunek, malarstwo i grafika<\/strong><\/p>\n<p><img loading=\"lazy\" decoding=\"async\" class=\"aligncenter wp-image-4716\" src=\"https:\/\/pb.edu.pl\/signum\/wp-content\/uploads\/sites\/128\/2024\/06\/seprator.jpg\" alt=\"\" width=\"20\" height=\"20\"><\/p>\n<hr>\n<p><img loading=\"lazy\" decoding=\"async\" class=\"aligncenter size-full wp-image-2540\" src=\"https:\/\/pb.edu.pl\/signum\/wp-content\/uploads\/sites\/128\/2024\/04\/logo_BS_Juchnowiec.jpg\" alt=\"\" width=\"627\" height=\"85\" srcset=\"https:\/\/pb.edu.pl\/signum\/wp-content\/uploads\/sites\/128\/2024\/04\/logo_BS_Juchnowiec.jpg 627w, https:\/\/pb.edu.pl\/signum\/wp-content\/uploads\/sites\/128\/2024\/04\/logo_BS_Juchnowiec-300x41.jpg 300w\" sizes=\"auto, (max-width: 627px) 100vw, 627px\" \/><\/p>\n","protected":false},"excerpt":{"rendered":"<p>Konkurs plastyczny \u201eU\u015bmiechni\u0119te rozmaito\u015bci matematyczne\u201d czyli matematyka humor i satyra rysunek, malarstwo i grafika<\/p>\n","protected":false},"author":171,"featured_media":0,"parent":2233,"menu_order":0,"comment_status":"closed","ping_status":"closed","template":"","meta":{"_acf_changed":false,"ngg_post_thumbnail":0,"footnotes":""},"class_list":["post-2519","page","type-page","status-publish","hentry"],"acf":[],"_links":{"self":[{"href":"https:\/\/pb.edu.pl\/signum\/wp-json\/wp\/v2\/pages\/2519","targetHints":{"allow":["GET"]}}],"collection":[{"href":"https:\/\/pb.edu.pl\/signum\/wp-json\/wp\/v2\/pages"}],"about":[{"href":"https:\/\/pb.edu.pl\/signum\/wp-json\/wp\/v2\/types\/page"}],"author":[{"embeddable":true,"href":"https:\/\/pb.edu.pl\/signum\/wp-json\/wp\/v2\/users\/171"}],"replies":[{"embeddable":true,"href":"https:\/\/pb.edu.pl\/signum\/wp-json\/wp\/v2\/comments?post=2519"}],"version-history":[{"count":0,"href":"https:\/\/pb.edu.pl\/signum\/wp-json\/wp\/v2\/pages\/2519\/revisions"}],"up":[{"embeddable":true,"href":"https:\/\/pb.edu.pl\/signum\/wp-json\/wp\/v2\/pages\/2233"}],"wp:attachment":[{"href":"https:\/\/pb.edu.pl\/signum\/wp-json\/wp\/v2\/media?parent=2519"}],"curies":[{"name":"wp","href":"https:\/\/api.w.org\/{rel}","templated":true}]}}