{"id":2506,"date":"2024-04-24T15:36:22","date_gmt":"2024-04-24T13:36:22","guid":{"rendered":"https:\/\/pb.edu.pl\/signum\/?page_id=2506"},"modified":"2024-04-26T10:48:12","modified_gmt":"2024-04-26T08:48:12","slug":"2023-laureaci-konkursu-plastyczno-matematycznego","status":"publish","type":"page","link":"https:\/\/pb.edu.pl\/signum\/konkurs\/matematyka-jak-malowanie\/2023-laureaci-konkursu-plastyczno-matematycznego\/","title":{"rendered":"2023 &#8211; Laureaci konkursu plastyczno-matematycznego"},"content":{"rendered":"<table style=\"border-collapse: collapse;width: 100%;height: 66px\">\n<tbody>\n<tr style=\"height: 22px\">\n<td style=\"width: 50%;height: 22px;text-align: center\">\n<h1>I miejsce<\/h1>\n<\/td>\n<td style=\"width: 50%;height: 22px\"><a class=\"ngg-simplelightbox\" title=\" \" href=\"https:\/\/pb.edu.pl\/signum\/wp-content\/uploads\/sites\/128\/nggallery\/2023-matematyka-jak-malowanie\/011.jpg\" data-image-id=\"194\" data-src=\"https:\/\/pb.edu.pl\/signum\/wp-content\/uploads\/sites\/128\/nggallery\/2023-matematyka-jak-malowanie\/011.jpg\" data-thumbnail=\"https:\/\/pb.edu.pl\/signum\/wp-content\/uploads\/sites\/128\/nggallery\/2023-matematyka-jak-malowanie\/thumbs\/thumbs_011.jpg\" data-title=\"011\" data-description=\" \"><img loading=\"lazy\" decoding=\"async\" class=\"ngg-singlepic ngg-none alignnone\" title=\" I miejsce - \u201eMatematyczny Artyzm\u201d, Micha\u0142 Baran, Szko\u0142a Podstawowa nr 53 w Szczecinie, opiekun: Alicja J\u0119drzejak\" src=\"https:\/\/pb.edu.pl\/signum\/wp-content\/uploads\/sites\/128\/nggallery\/2023-matematyka-jak-malowanie\/011.jpg\" alt=\" I miejsce - \u201eMatematyczny Artyzm\u201d, Micha\u0142 Baran, Szko\u0142a Podstawowa nr 53 w Szczecinie, opiekun: Alicja J\u0119drzejak \" width=\"800\" height=\"600\"><\/a><\/td>\n<\/tr>\n<tr style=\"height: 22px\">\n<td style=\"width: 50%;height: 22px;text-align: center\">\n<h1>II miejsce<\/h1>\n<\/td>\n<td style=\"width: 50%;height: 22px\"><a class=\"ngg-simplelightbox\" title=\" \" href=\"https:\/\/pb.edu.pl\/signum\/wp-content\/uploads\/sites\/128\/nggallery\/2023-matematyka-jak-malowanie\/010.jpg\" rel=\"\" data-image-id=\"187\" data-src=\"https:\/\/pb.edu.pl\/signum\/wp-content\/uploads\/sites\/128\/nggallery\/2023-matematyka-jak-malowanie\/010.jpg\" data-thumbnail=\"https:\/\/pb.edu.pl\/signum\/wp-content\/uploads\/sites\/128\/nggallery\/2023-matematyka-jak-malowanie\/thumbs\/thumbs_010.jpg\" data-title=\"010\" data-description=\" \"><img decoding=\"async\" class=\"ngg-singlepic ngg-none\" src=\"https:\/\/pb.edu.pl\/signum\/wp-content\/uploads\/sites\/128\/nggallery\/2023-matematyka-jak-malowanie\/010.jpg\" alt=\"010\"><\/a><\/td>\n<\/tr>\n<tr style=\"height: 22px\">\n<td style=\"width: 50%;height: 22px;text-align: center\">\n<h1>III miejsce<\/h1>\n<\/td>\n<td style=\"width: 50%;height: 22px\"><a class=\"ngg-simplelightbox\" title=\" \" href=\"https:\/\/pb.edu.pl\/signum\/wp-content\/uploads\/sites\/128\/nggallery\/2023-matematyka-jak-malowanie\/001.jpg\" rel=\"\" data-image-id=\"192\" data-src=\"https:\/\/pb.edu.pl\/signum\/wp-content\/uploads\/sites\/128\/nggallery\/2023-matematyka-jak-malowanie\/001.jpg\" data-thumbnail=\"https:\/\/pb.edu.pl\/signum\/wp-content\/uploads\/sites\/128\/nggallery\/2023-matematyka-jak-malowanie\/thumbs\/thumbs_001.jpg\" data-title=\"001\" data-description=\" \"><img decoding=\"async\" class=\"ngg-singlepic ngg-none\" src=\"https:\/\/pb.edu.pl\/signum\/wp-content\/uploads\/sites\/128\/nggallery\/2023-matematyka-jak-malowanie\/001.jpg\" alt=\"001\"><\/a><\/td>\n<\/tr>\n<\/tbody>\n<\/table>\n","protected":false},"excerpt":{"rendered":"<p>I miejsce II miejsce III miejsce<\/p>\n","protected":false},"author":171,"featured_media":0,"parent":2272,"menu_order":0,"comment_status":"closed","ping_status":"closed","template":"","meta":{"_acf_changed":false,"ngg_post_thumbnail":0,"footnotes":""},"class_list":["post-2506","page","type-page","status-publish","hentry"],"acf":[],"_links":{"self":[{"href":"https:\/\/pb.edu.pl\/signum\/wp-json\/wp\/v2\/pages\/2506","targetHints":{"allow":["GET"]}}],"collection":[{"href":"https:\/\/pb.edu.pl\/signum\/wp-json\/wp\/v2\/pages"}],"about":[{"href":"https:\/\/pb.edu.pl\/signum\/wp-json\/wp\/v2\/types\/page"}],"author":[{"embeddable":true,"href":"https:\/\/pb.edu.pl\/signum\/wp-json\/wp\/v2\/users\/171"}],"replies":[{"embeddable":true,"href":"https:\/\/pb.edu.pl\/signum\/wp-json\/wp\/v2\/comments?post=2506"}],"version-history":[{"count":0,"href":"https:\/\/pb.edu.pl\/signum\/wp-json\/wp\/v2\/pages\/2506\/revisions"}],"up":[{"embeddable":true,"href":"https:\/\/pb.edu.pl\/signum\/wp-json\/wp\/v2\/pages\/2272"}],"wp:attachment":[{"href":"https:\/\/pb.edu.pl\/signum\/wp-json\/wp\/v2\/media?parent=2506"}],"curies":[{"name":"wp","href":"https:\/\/api.w.org\/{rel}","templated":true}]}}