{"id":2233,"date":"2024-04-19T11:49:54","date_gmt":"2024-04-19T09:49:54","guid":{"rendered":"https:\/\/pb.edu.pl\/signum\/?page_id=2233"},"modified":"2026-02-12T12:46:11","modified_gmt":"2026-02-12T11:46:11","slug":"konkurs","status":"publish","type":"page","link":"https:\/\/pb.edu.pl\/signum\/konkurs\/","title":{"rendered":"Konkursy"},"content":{"rendered":"<div class=\"row\">\n<div class=\"col-sm-3\">\n<div class=\"boxlink animated zoomIn \">\n<a href=\"https:\/\/pb.edu.pl\/signum\/konkurs\/memorial-urszuli-marciniak\/\" class=\"no-icon\"><\/p>\n<div class=\"boxlink-title\" style=\"height: 130px\">Memoria\u0142 Urszuli Marcinak<\/div>\n<div class=\"boxlink-content\"><img decoding=\"async\" class=\"aligncenter wp-image-534 size-full\" src=\"https:\/\/pb.edu.pl\/signum\/wp-content\/uploads\/sites\/128\/2024\/04\/MUM_logi.jpg\" alt=\"\"><\/div>\n<\/div>\n<\/div>\n<div class=\"col-sm-3\">\n<div class=\"boxlink animated zoomIn \"><a href=\"https:\/\/pb.edu.pl\/signum\/konkurs\/matematyka-jak-malowanie\/\" class=\"no-icon\"><\/p>\n<div class=\"boxlink-title\" style=\"height: 130px\">Konkurs plastyczno-matematyczny<\/div>\n<div class=\"boxlink-content\"><img decoding=\"async\" class=\"aligncenter wp-image-534 size-full\" src=\"https:\/\/pb.edu.pl\/signum\/wp-content\/uploads\/sites\/128\/2024\/04\/jak_malowanie.jpg\" alt=\"\"><\/div>\n<\/div>\n<\/div>\n<div class=\"col-sm-3\">\n<div class=\"boxlink animated zoomIn \">\n<a href=\"https:\/\/pb.edu.pl\/signum\/konkurs\/usmiechniete-rozmaitosci-matematyczne\/\" class=\"no-icon\"><\/p>\n<div class=\"boxlink-title\" style=\"height: 130px\">Konkurs plastyczny<\/div>\n<div class=\"boxlink-content\"><img decoding=\"async\" class=\"aligncenter wp-image-534 size-full\" src=\"https:\/\/pb.edu.pl\/signum\/wp-content\/uploads\/sites\/128\/2024\/04\/Usmiech.jpg\" alt=\"\"><\/div>\n<\/div>\n<\/div>\n<div class=\"col-sm-3\">\n<div class=\"boxlink animated zoomIn \">\n<a href=\"https:\/\/pb.edu.pl\/signum\/konkurs\/matematyka-w-obiektywie\/\" class=\"no-icon\"><\/p>\n<div class=\"boxlink-title\" style=\"height: 130px\">Konkurs fotograficzny<\/div>\n<div class=\"boxlink-content\"><img decoding=\"async\" class=\"aligncenter wp-image-534 size-full\" src=\"https:\/\/pb.edu.pl\/signum\/wp-content\/uploads\/sites\/128\/2024\/04\/mat_w_obiekt.jpg\" alt=\"\"><\/div>\n<\/div>\n<\/div>\n<\/div>\n<div class=\"row\">\n<div class=\"col-sm-3\">\n<div class=\"boxlink animated zoomIn \">\n<a href=\"https:\/\/pb.edu.pl\/signum\/konkurs\/internetowa-liga-lamiglowkowa\/\" class=\"no-icon\"><\/p>\n<div class=\"boxlink-title\" style=\"height: 130px\">Konkurs \u0142amig\u0142\u00f3wkowy<\/div>\n<div class=\"boxlink-content\"><img decoding=\"async\" class=\"aligncenter wp-image-534 size-full\" src=\"https:\/\/pb.edu.pl\/signum\/wp-content\/uploads\/sites\/128\/2024\/04\/2022_liga.jpg\" alt=\"\"><\/div>\n<\/div>\n<\/div>\n<div class=\"col-sm-3\">\n<div class=\"boxlink animated zoomIn \">\n<a href=\"https:\/\/pb.edu.pl\/signum\/konkurs\/matematyka-stosowana\/\" class=\"no-icon\"><\/p>\n<div class=\"boxlink-title\" style=\"height: 130px\">Konkurs ,,Matematyka stosowana&#8221;<\/div>\n<div class=\"boxlink-content\"><img decoding=\"async\" class=\"aligncenter wp-image-534 size-full\" src=\"https:\/\/pb.edu.pl\/signum\/wp-content\/uploads\/sites\/128\/2026\/02\/mat_stos_2026.jpg\" alt=\"\"><\/div>\n<\/div>\n<\/div>\n<div class=\"col-sm-3\">\n<div class=\"boxlink animated zoomIn \">\n<a href=\"https:\/\/konkurs.wi.pb.edu.pl\/\" class=\"no-icon\"><\/p>\n<div class=\"boxlink-title\" style=\"height: 130px\">Konkurs Matematyczny PB<\/div>\n<div class=\"boxlink-content\"><img decoding=\"async\" class=\"aligncenter wp-image-534 size-full\" src=\"https:\/\/pb.edu.pl\/signum\/wp-content\/uploads\/sites\/128\/2024\/04\/konk_mat_PB.jpg\" alt=\"\"><\/div>\n<\/div>\n<\/div>\n<div class=\"col-sm-3\">\n<div class=\"boxlink animated zoomIn \">\n<a href=\"https:\/\/pb.edu.pl\/signum\/konkurs\/z-matematyka-do-rymu\/\" class=\"no-icon\"><\/p>\n<div class=\"boxlink-title\" style=\"height: 130px\">Konkurs matematyczno-humanistyczny<\/div>\n<div class=\"boxlink-content\"><img decoding=\"async\" class=\"aligncenter wp-image-534 size-full\" src=\"https:\/\/pb.edu.pl\/signum\/wp-content\/uploads\/sites\/128\/2024\/04\/mat_rym2.jpg\" alt=\"\"><\/div>\n<\/div>\n<\/div>\n<\/div>\n","protected":false},"excerpt":{"rendered":"<p>Memoria\u0142 Urszuli Marcinak Konkurs plastyczno-matematyczny Konkurs plastyczny Konkurs fotograficzny Konkurs \u0142amig\u0142\u00f3wkowy Konkurs ,,Matematyka stosowana&#8221; Konkurs<\/p>\n","protected":false},"author":171,"featured_media":0,"parent":0,"menu_order":0,"comment_status":"closed","ping_status":"closed","template":"","meta":{"_acf_changed":false,"ngg_post_thumbnail":0,"footnotes":""},"class_list":["post-2233","page","type-page","status-publish","hentry"],"acf":[],"_links":{"self":[{"href":"https:\/\/pb.edu.pl\/signum\/wp-json\/wp\/v2\/pages\/2233","targetHints":{"allow":["GET"]}}],"collection":[{"href":"https:\/\/pb.edu.pl\/signum\/wp-json\/wp\/v2\/pages"}],"about":[{"href":"https:\/\/pb.edu.pl\/signum\/wp-json\/wp\/v2\/types\/page"}],"author":[{"embeddable":true,"href":"https:\/\/pb.edu.pl\/signum\/wp-json\/wp\/v2\/users\/171"}],"replies":[{"embeddable":true,"href":"https:\/\/pb.edu.pl\/signum\/wp-json\/wp\/v2\/comments?post=2233"}],"version-history":[{"count":4,"href":"https:\/\/pb.edu.pl\/signum\/wp-json\/wp\/v2\/pages\/2233\/revisions"}],"predecessor-version":[{"id":5393,"href":"https:\/\/pb.edu.pl\/signum\/wp-json\/wp\/v2\/pages\/2233\/revisions\/5393"}],"wp:attachment":[{"href":"https:\/\/pb.edu.pl\/signum\/wp-json\/wp\/v2\/media?parent=2233"}],"curies":[{"name":"wp","href":"https:\/\/api.w.org\/{rel}","templated":true}]}}