{"id":2203,"date":"2024-04-19T10:51:43","date_gmt":"2024-04-19T08:51:43","guid":{"rendered":"https:\/\/pb.edu.pl\/signum\/?page_id=2203"},"modified":"2025-11-04T16:22:19","modified_gmt":"2025-11-04T15:22:19","slug":"warsztaty-origami","status":"publish","type":"page","link":"https:\/\/pb.edu.pl\/signum\/warsztaty\/warsztaty-origami\/","title":{"rendered":"Warsztaty origami"},"content":{"rendered":"<div class=\"h2\">Co to jest origami?<\/div>\n<p>Origami to sztuka sk\u0142adania papieru pochodz\u0105ca z Chin, a rozwini\u0119ta w Japonii i dlatego uwa\u017ca si\u0119 j\u0105 za tradycyjn\u0105 sztuk\u0119 japo\u0144sk\u0105. Wed\u0142ug klasycznych regu\u0142 origami punktem wyj\u015bcia jest kwadratowa kartka papieru, kt\u00f3rej nie wolno ci\u0105\u0107 czy klei\u0107, a z kt\u00f3rej poprzez zginanie tworzone s\u0105 przestrzenne figury.<\/p>\n<div class=\"h2\">Dla kogo s\u0105 warsztaty?<\/div>\n<p>Na warsztaty zapraszamy wszystkich, kt\u00f3rzy chc\u0105 dowiedzie\u0107 si\u0119 jak budowa\u0107 kusudamy, czy bry\u0142y modu\u0142owe, jak sk\u0142ada\u0107 kwiaty, gwiazdki, serduszka lub kalejdoskopy. Warsztaty rozwijaj\u0105 wyobra\u017ani\u0119 przestrzenn\u0105 i pokazuj\u0105 zwi\u0105zki origami z matematyk\u0105. Zatem na tych zaj\u0119ciach mo\u017cna te\u017c nauczy\u0107 si\u0119 sk\u0142ada\u0107 figury lub bry\u0142y geometryczne, na przyk\u0142ad \u201esze\u015bcian bez sze\u015bcianu\u201d lub \u201eczworo\u015bcian bez czworo\u015bcianu\u201d.<\/p>\n<p>Warsztaty s\u0105 bezp\u0142atne.<br \/>\nTrzeba jedynie przynie\u015b\u0107 ze sob\u0105 na zaj\u0119cia kolorowy papier, np. ksero A4, no\u017cyczki i klej.<\/p>\n","protected":false},"excerpt":{"rendered":"<p>Co to jest origami? Origami to sztuka sk\u0142adania papieru pochodz\u0105ca z Chin, a rozwini\u0119ta w<\/p>\n","protected":false},"author":171,"featured_media":0,"parent":2147,"menu_order":0,"comment_status":"closed","ping_status":"closed","template":"","meta":{"_acf_changed":false,"ngg_post_thumbnail":0,"footnotes":""},"class_list":["post-2203","page","type-page","status-publish","hentry"],"acf":[],"_links":{"self":[{"href":"https:\/\/pb.edu.pl\/signum\/wp-json\/wp\/v2\/pages\/2203","targetHints":{"allow":["GET"]}}],"collection":[{"href":"https:\/\/pb.edu.pl\/signum\/wp-json\/wp\/v2\/pages"}],"about":[{"href":"https:\/\/pb.edu.pl\/signum\/wp-json\/wp\/v2\/types\/page"}],"author":[{"embeddable":true,"href":"https:\/\/pb.edu.pl\/signum\/wp-json\/wp\/v2\/users\/171"}],"replies":[{"embeddable":true,"href":"https:\/\/pb.edu.pl\/signum\/wp-json\/wp\/v2\/comments?post=2203"}],"version-history":[{"count":0,"href":"https:\/\/pb.edu.pl\/signum\/wp-json\/wp\/v2\/pages\/2203\/revisions"}],"up":[{"embeddable":true,"href":"https:\/\/pb.edu.pl\/signum\/wp-json\/wp\/v2\/pages\/2147"}],"wp:attachment":[{"href":"https:\/\/pb.edu.pl\/signum\/wp-json\/wp\/v2\/media?parent=2203"}],"curies":[{"name":"wp","href":"https:\/\/api.w.org\/{rel}","templated":true}]}}