{"id":2201,"date":"2024-04-19T10:50:42","date_gmt":"2024-04-19T08:50:42","guid":{"rendered":"https:\/\/pb.edu.pl\/signum\/?page_id=2201"},"modified":"2024-04-19T10:50:55","modified_gmt":"2024-04-19T08:50:55","slug":"warsztaty-z-gier-logicznych","status":"publish","type":"page","link":"https:\/\/pb.edu.pl\/signum\/warsztaty\/warsztaty-z-gier-logicznych\/","title":{"rendered":"Warsztaty z gier logicznych"},"content":{"rendered":"<p align=\"JUSTIFY\">Zaj\u0119cia s\u0105 kierowane do os\u00f3b pracuj\u0105cych, a w szczeg\u00f3lno\u015bci nauczycieli (nie tylko matematyki).<br \/>\nNa warsztaty zapraszamy wszystkich tych, kt\u00f3rzy lubi\u0105 gry, chc\u0105 pozna\u0107 nowe gry, przypomnie\u0107 stare, chc\u0105 je wykorzysta\u0107 w pracy lub zagra\u0107 z przyjaci\u00f3\u0142mi lub rodzin\u0105.<br \/>\nDo udzia\u0142u zapraszamy osoby zainteresowane grami karcianymi, grami na planszy, grami na papierze, grami kombinacyjnymi oraz grami losowymi i strategicznymi.<\/p>\n<p align=\"center\"><span style=\"font-size: 14pt;color: #ff0000\">Zaj\u0119cia zawieszone w semestrze zimowym<\/span><\/p>\n","protected":false},"excerpt":{"rendered":"<p>Zaj\u0119cia s\u0105 kierowane do os\u00f3b pracuj\u0105cych, a w szczeg\u00f3lno\u015bci nauczycieli (nie tylko matematyki). Na warsztaty<\/p>\n","protected":false},"author":171,"featured_media":0,"parent":2147,"menu_order":0,"comment_status":"closed","ping_status":"closed","template":"","meta":{"_acf_changed":false,"ngg_post_thumbnail":0,"footnotes":""},"class_list":["post-2201","page","type-page","status-publish","hentry"],"acf":[],"_links":{"self":[{"href":"https:\/\/pb.edu.pl\/signum\/wp-json\/wp\/v2\/pages\/2201","targetHints":{"allow":["GET"]}}],"collection":[{"href":"https:\/\/pb.edu.pl\/signum\/wp-json\/wp\/v2\/pages"}],"about":[{"href":"https:\/\/pb.edu.pl\/signum\/wp-json\/wp\/v2\/types\/page"}],"author":[{"embeddable":true,"href":"https:\/\/pb.edu.pl\/signum\/wp-json\/wp\/v2\/users\/171"}],"replies":[{"embeddable":true,"href":"https:\/\/pb.edu.pl\/signum\/wp-json\/wp\/v2\/comments?post=2201"}],"version-history":[{"count":0,"href":"https:\/\/pb.edu.pl\/signum\/wp-json\/wp\/v2\/pages\/2201\/revisions"}],"up":[{"embeddable":true,"href":"https:\/\/pb.edu.pl\/signum\/wp-json\/wp\/v2\/pages\/2147"}],"wp:attachment":[{"href":"https:\/\/pb.edu.pl\/signum\/wp-json\/wp\/v2\/media?parent=2201"}],"curies":[{"name":"wp","href":"https:\/\/api.w.org\/{rel}","templated":true}]}}