{"id":2194,"date":"2024-04-19T10:33:01","date_gmt":"2024-04-19T08:33:01","guid":{"rendered":"https:\/\/pb.edu.pl\/signum\/?page_id=2194"},"modified":"2024-04-19T10:49:29","modified_gmt":"2024-04-19T08:49:29","slug":"kolko-logicznego-myslenia-szkola-ponadpodstawowa","status":"publish","type":"page","link":"https:\/\/pb.edu.pl\/signum\/warsztaty\/kolko-logicznego-myslenia-szkola-ponadpodstawowa\/","title":{"rendered":"K\u00f3\u0142ko logicznego my\u015blenia (szko\u0142a ponadpodstawowa)"},"content":{"rendered":"<p align=\"JUSTIFY\">Zaj\u0119cia s\u0105 kierowane do m\u0142odzie\u017cy szk\u00f3\u0142 ponadgimnazjalnych. Nie jest to przygotowanie do olimpiad, konkurs\u00f3w matematycznych itp. Zaj\u0119cia maj\u0105 na celu pobudzenie uczestnik\u00f3w do logicznego my\u015blenia poprzez rozwi\u0105zywanie lub uk\u0142adanie zagadek, \u0142amig\u0142\u00f3wek, rebus\u00f3w i gry.<\/p>\n<div class=\"table-responsive\">\n<table class=\"table table-striped table borderless aligncenter\" style=\"height: auto;width: 100%;border-style: none\">\n<tbody>\n<tr style=\"height: 87px\">\n<td style=\"height: 87px\"><img decoding=\"async\" src=\"https:\/\/pb.edu.pl\/signum\/wp-content\/uploads\/sites\/128\/2024\/04\/mBank_logo_fundacja.jpg\"><\/td>\n<td style=\"height: 87px\">Projekt dofinansowa\u0142a Fundacja mBanku.<\/td>\n<\/tr>\n<\/tbody>\n<\/table>\n<\/div>\n","protected":false},"excerpt":{"rendered":"<p>Zaj\u0119cia s\u0105 kierowane do m\u0142odzie\u017cy szk\u00f3\u0142 ponadgimnazjalnych. Nie jest to przygotowanie do olimpiad, konkurs\u00f3w matematycznych<\/p>\n","protected":false},"author":171,"featured_media":0,"parent":2147,"menu_order":0,"comment_status":"closed","ping_status":"closed","template":"","meta":{"_acf_changed":false,"ngg_post_thumbnail":0,"footnotes":""},"class_list":["post-2194","page","type-page","status-publish","hentry"],"acf":[],"_links":{"self":[{"href":"https:\/\/pb.edu.pl\/signum\/wp-json\/wp\/v2\/pages\/2194","targetHints":{"allow":["GET"]}}],"collection":[{"href":"https:\/\/pb.edu.pl\/signum\/wp-json\/wp\/v2\/pages"}],"about":[{"href":"https:\/\/pb.edu.pl\/signum\/wp-json\/wp\/v2\/types\/page"}],"author":[{"embeddable":true,"href":"https:\/\/pb.edu.pl\/signum\/wp-json\/wp\/v2\/users\/171"}],"replies":[{"embeddable":true,"href":"https:\/\/pb.edu.pl\/signum\/wp-json\/wp\/v2\/comments?post=2194"}],"version-history":[{"count":0,"href":"https:\/\/pb.edu.pl\/signum\/wp-json\/wp\/v2\/pages\/2194\/revisions"}],"up":[{"embeddable":true,"href":"https:\/\/pb.edu.pl\/signum\/wp-json\/wp\/v2\/pages\/2147"}],"wp:attachment":[{"href":"https:\/\/pb.edu.pl\/signum\/wp-json\/wp\/v2\/media?parent=2194"}],"curies":[{"name":"wp","href":"https:\/\/api.w.org\/{rel}","templated":true}]}}