{"id":2147,"date":"2024-04-19T09:32:10","date_gmt":"2024-04-19T07:32:10","guid":{"rendered":"https:\/\/pb.edu.pl\/signum\/?page_id=2147"},"modified":"2024-06-14T14:26:00","modified_gmt":"2024-06-14T12:26:00","slug":"warsztaty","status":"publish","type":"page","link":"https:\/\/pb.edu.pl\/signum\/warsztaty\/","title":{"rendered":"Warsztaty"},"content":{"rendered":"<div class=\"row\">\n<div class=\"col-sm-3\">\n<div class=\"boxlink animated zoomIn \">\n<a href=\"https:\/\/pb.edu.pl\/signum\/warsztaty\/olimpijskie-warsztaty-matematyczne\/\" class=\"no-icon\"><\/p>\n<div class=\"boxlink-title\" style=\"height: 100px\">Olimpijskie warsztaty matematyczne<\/div>\n<div class=\"boxlink-content\"><img decoding=\"async\" class=\"aligncenter wp-image-534 size-full\" src=\"https:\/\/pb.edu.pl\/signum\/wp-content\/uploads\/sites\/128\/2024\/04\/olimpijskie-warsztaty-matematyczne_340x200.jpg\" alt=\"\"><\/div>\n<\/div>\n<\/div>\n<div class=\"col-sm-3\">\n<div class=\"boxlink animated zoomIn \">\n<a href=\"https:\/\/pb.edu.pl\/signum\/warsztaty\/kolko-logicznego-myslenia-szkola-podstawowa\/\" class=\"no-icon\"><\/p>\n<div class=\"boxlink-title\" style=\"height: 100px\">K\u00f3\u0142ko logicznego my\u015blenia<span> szko\u0142a podstawowa<\/span><\/div>\n<div class=\"boxlink-content\"><img decoding=\"async\" class=\"aligncenter wp-image-534 size-full\" src=\"https:\/\/pb.edu.pl\/signum\/wp-content\/uploads\/sites\/128\/2024\/04\/kolko_podstawowka_2022.png\" alt=\"\"><\/div>\n<\/div>\n<\/div>\n<div class=\"col-sm-3\">\n<div class=\"boxlink animated zoomIn \">\n<a href=\"https:\/\/pb.edu.pl\/signum\/warsztaty\/kolko-logicznego-myslenia-szkola-ponadpodstawowa\/\" class=\"no-icon\"><\/p>\n<div class=\"boxlink-title\" style=\"height: 100px\">K\u00f3\u0142ko logicznego my\u015blenia<span> szko\u0142a ponadpodstawowa<\/span><\/div>\n<div class=\"boxlink-content\"><img decoding=\"async\" class=\"aligncenter wp-image-534 size-full\" src=\"https:\/\/pb.edu.pl\/signum\/wp-content\/uploads\/sites\/128\/2024\/04\/kolko_srednia_szkola.jpg\" alt=\"\"><\/div>\n<\/div>\n<\/div>\n<div class=\"col-sm-3\">\n<div class=\"boxlink animated zoomIn \">\n<a href=\"https:\/\/pb.edu.pl\/signum\/warsztaty\/warsztaty-z-gier-logicznych\/\" class=\"no-icon\"><\/p>\n<div class=\"boxlink-title\" style=\"height: 100px\">Warsztaty z gier logicznych<\/div>\n<div class=\"boxlink-content\"><img decoding=\"async\" class=\"aligncenter wp-image-534 size-full\" src=\"https:\/\/pb.edu.pl\/signum\/wp-content\/uploads\/sites\/128\/2024\/04\/gry_logiczne3.jpg\" alt=\"\"><\/div>\n<\/div>\n<\/div>\n<\/div>\n<div class=\"row\">\n<div class=\"col-sm-3\">\n<div class=\"boxlink animated zoomIn \">\n<a href=\"https:\/\/pb.edu.pl\/signum\/warsztaty\/warsztaty-origami\/\" class=\"no-icon\"><\/p>\n<div class=\"boxlink-title\" style=\"height: 100px\">Warsztaty origami<\/div>\n<div class=\"boxlink-content\"><img decoding=\"async\" class=\"aligncenter wp-image-534 size-full\" src=\"https:\/\/pb.edu.pl\/signum\/wp-content\/uploads\/sites\/128\/2024\/04\/2022_origami.jpg\" alt=\"\"><\/div>\n<\/div>\n<\/div>\n<\/div>\n","protected":false},"excerpt":{"rendered":"<p>Olimpijskie warsztaty matematyczne K\u00f3\u0142ko logicznego my\u015blenia szko\u0142a podstawowa K\u00f3\u0142ko logicznego my\u015blenia szko\u0142a ponadpodstawowa Warsztaty z<\/p>\n","protected":false},"author":171,"featured_media":0,"parent":0,"menu_order":0,"comment_status":"closed","ping_status":"closed","template":"","meta":{"_acf_changed":false,"ngg_post_thumbnail":0,"footnotes":""},"class_list":["post-2147","page","type-page","status-publish","hentry"],"acf":[],"_links":{"self":[{"href":"https:\/\/pb.edu.pl\/signum\/wp-json\/wp\/v2\/pages\/2147","targetHints":{"allow":["GET"]}}],"collection":[{"href":"https:\/\/pb.edu.pl\/signum\/wp-json\/wp\/v2\/pages"}],"about":[{"href":"https:\/\/pb.edu.pl\/signum\/wp-json\/wp\/v2\/types\/page"}],"author":[{"embeddable":true,"href":"https:\/\/pb.edu.pl\/signum\/wp-json\/wp\/v2\/users\/171"}],"replies":[{"embeddable":true,"href":"https:\/\/pb.edu.pl\/signum\/wp-json\/wp\/v2\/comments?post=2147"}],"version-history":[{"count":0,"href":"https:\/\/pb.edu.pl\/signum\/wp-json\/wp\/v2\/pages\/2147\/revisions"}],"wp:attachment":[{"href":"https:\/\/pb.edu.pl\/signum\/wp-json\/wp\/v2\/media?parent=2147"}],"curies":[{"name":"wp","href":"https:\/\/api.w.org\/{rel}","templated":true}]}}