{"id":2146,"date":"2024-04-19T09:32:22","date_gmt":"2024-04-19T07:32:22","guid":{"rendered":"https:\/\/pb.edu.pl\/signum\/?page_id=2146"},"modified":"2025-10-27T22:15:38","modified_gmt":"2025-10-27T21:15:38","slug":"kolko-logicznego-myslenia-szkola-podstawowa","status":"publish","type":"page","link":"https:\/\/pb.edu.pl\/signum\/warsztaty\/kolko-logicznego-myslenia-szkola-podstawowa\/","title":{"rendered":"K\u00f3\u0142ko logicznego my\u015blenia (szko\u0142a podstawowa)"},"content":{"rendered":"<p align=\"JUSTIFY\"><strong>Aktualnie na k\u00f3\u0142ko nie s\u0105 prowadzone zapisy.<\/strong><\/p>\n<p align=\"JUSTIFY\">Zaj\u0119cia s\u0105 kierowane do dzieci klas 4-6 ze szk\u00f3\u0142 podstawowych. Nie jest to przygotowanie do olimpiad, konkurs\u00f3w matematycznych itp. Zaj\u0119cia maj\u0105 na celu pobudzenie dzieci do logicznego my\u015blenia poprzez rozwi\u0105zywanie lub uk\u0142adanie zagadek, \u0142amig\u0142\u00f3wek, rebus\u00f3w i gry.<\/p>\n<p>Zapraszamy na kolejn\u0105 edycj\u0119 \u201e<strong>K\u00f3\u0142ko logicznego-my\u015blenia (szko\u0142a podstawowa)<\/strong>\u201d.<br \/>\nZaj\u0119cia odbywaj\u0105 si\u0119 co tydzie\u0144 w <strong>poniedzia\u0142ki<\/strong> o godzinach 17.00 lub 18.15 oraz \u015brody o godzinie 18.15 zdalnie na platformie MS Teams i trwaj\u0105 60 minut.<\/p>\n<p align=\"CENTER\">K\u00f3\u0142ko prowadzi<br \/>\nPani&nbsp;<strong>Alicja Gawro\u0144ska<\/strong><\/p>\n","protected":false},"excerpt":{"rendered":"<p>Aktualnie na k\u00f3\u0142ko nie s\u0105 prowadzone zapisy. Zaj\u0119cia s\u0105 kierowane do dzieci klas 4-6 ze<\/p>\n","protected":false},"author":171,"featured_media":0,"parent":2147,"menu_order":0,"comment_status":"closed","ping_status":"closed","template":"","meta":{"_acf_changed":false,"ngg_post_thumbnail":0,"footnotes":""},"class_list":["post-2146","page","type-page","status-publish","hentry"],"acf":[],"_links":{"self":[{"href":"https:\/\/pb.edu.pl\/signum\/wp-json\/wp\/v2\/pages\/2146","targetHints":{"allow":["GET"]}}],"collection":[{"href":"https:\/\/pb.edu.pl\/signum\/wp-json\/wp\/v2\/pages"}],"about":[{"href":"https:\/\/pb.edu.pl\/signum\/wp-json\/wp\/v2\/types\/page"}],"author":[{"embeddable":true,"href":"https:\/\/pb.edu.pl\/signum\/wp-json\/wp\/v2\/users\/171"}],"replies":[{"embeddable":true,"href":"https:\/\/pb.edu.pl\/signum\/wp-json\/wp\/v2\/comments?post=2146"}],"version-history":[{"count":0,"href":"https:\/\/pb.edu.pl\/signum\/wp-json\/wp\/v2\/pages\/2146\/revisions"}],"up":[{"embeddable":true,"href":"https:\/\/pb.edu.pl\/signum\/wp-json\/wp\/v2\/pages\/2147"}],"wp:attachment":[{"href":"https:\/\/pb.edu.pl\/signum\/wp-json\/wp\/v2\/media?parent=2146"}],"curies":[{"name":"wp","href":"https:\/\/api.w.org\/{rel}","templated":true}]}}