{"id":1083,"date":"2023-06-27T19:59:35","date_gmt":"2023-06-27T17:59:35","guid":{"rendered":"https:\/\/pb.edu.pl\/signum\/?page_id=1083"},"modified":"2024-04-24T12:58:16","modified_gmt":"2024-04-24T10:58:16","slug":"kontakt","status":"publish","type":"page","link":"https:\/\/pb.edu.pl\/signum\/kontakt\/","title":{"rendered":"Kontakt"},"content":{"rendered":"<p><span class=\"contact-street\">Centrum Popularyzacji Matematyki \u201eSignum\u201d<br \/>\nWydzia\u0142 Informatyki Politechniki Bia\u0142ostockiej<br \/>\nul. Wiejska 45 A<br \/>\n15-351 Bia\u0142ystok<br \/>\n<\/span><span class=\"contact-emailto\"><span id=\"cloak3082284e80701288c26da4e7d0b5845d\"><a href=\"mailto:signum@pb.edu.pl\">signum@pb.edu.pl<\/a><\/span><\/span><\/p>\n","protected":false},"excerpt":{"rendered":"<p>Centrum Popularyzacji Matematyki \u201eSignum\u201d Wydzia\u0142 Informatyki Politechniki Bia\u0142ostockiej ul. Wiejska 45 A 15-351 Bia\u0142ystok signum@pb.edu.pl<\/p>\n","protected":false},"author":2,"featured_media":0,"parent":0,"menu_order":4,"comment_status":"closed","ping_status":"closed","template":"","meta":{"_acf_changed":false,"ngg_post_thumbnail":0,"footnotes":""},"class_list":["post-1083","page","type-page","status-publish","hentry"],"acf":[],"_links":{"self":[{"href":"https:\/\/pb.edu.pl\/signum\/wp-json\/wp\/v2\/pages\/1083","targetHints":{"allow":["GET"]}}],"collection":[{"href":"https:\/\/pb.edu.pl\/signum\/wp-json\/wp\/v2\/pages"}],"about":[{"href":"https:\/\/pb.edu.pl\/signum\/wp-json\/wp\/v2\/types\/page"}],"author":[{"embeddable":true,"href":"https:\/\/pb.edu.pl\/signum\/wp-json\/wp\/v2\/users\/2"}],"replies":[{"embeddable":true,"href":"https:\/\/pb.edu.pl\/signum\/wp-json\/wp\/v2\/comments?post=1083"}],"version-history":[{"count":0,"href":"https:\/\/pb.edu.pl\/signum\/wp-json\/wp\/v2\/pages\/1083\/revisions"}],"wp:attachment":[{"href":"https:\/\/pb.edu.pl\/signum\/wp-json\/wp\/v2\/media?parent=1083"}],"curies":[{"name":"wp","href":"https:\/\/api.w.org\/{rel}","templated":true}]}}