{"id":1581,"date":"2023-03-29T16:56:56","date_gmt":"2023-03-29T14:56:56","guid":{"rendered":"https:\/\/pb.edu.pl\/science-kultura\/?page_id=1581"},"modified":"2024-08-27T21:29:59","modified_gmt":"2024-08-27T19:29:59","slug":"aktualnosci","status":"publish","type":"page","link":"https:\/\/pb.edu.pl\/science-kultura\/aktualnosci\/","title":{"rendered":"Aktualno\u015bci"},"content":{"rendered":"\t\t<div class=\"box news-box \">\n\t\t<div class=\"row\">\n\t\t\t\n\t\t\t\n\t\t\t\t\n\t\t\t\t\t\t\t\t\t\t<div class=\"col-sm-3\">\n\t\t\t\t\t\t\t\n<article class=\"format-standard\">\n    <span class=\"date text-right\"><i class=\"fal fa-calendar-alt\"><\/i> 14-06-2024<\/span>\n    <a href=\"https:\/\/pb.edu.pl\/science-kultura\/uczniowie-z-akademickiego-liceum-ogolnoksztalcacego-wzieli-udzial-w-science-challenge\/\">\n      <div class=\"article-image\">\n              <\/div>\n      <h3>Uczniowie z Akademickiego Liceum Og\u00f3lnokszta\u0142c\u0105cego wzi\u0119li udzia\u0142 w Science Challenge<\/h3>\n      Uczniowie z Akademickiego Liceum Og\u00f3lnokszta\u0142c\u0105cego Politechniki Bia\u0142ostockiej 13 czerwca 2024 wzi\u0119li    <\/a>\n<\/article>\t\t\t\t\t\t<\/div>\n\t\t\t\t\t\t\t\t\t\t\t<div class=\"col-sm-3\">\n\t\t\t\t\t\t\t\n<article class=\"format-standard\">\n    <span class=\"date text-right\"><i class=\"fal fa-calendar-alt\"><\/i> 07-06-2024<\/span>\n    <a href=\"https:\/\/pb.edu.pl\/science-kultura\/zwyciezcy-w-studenckim-science-challenge-2-0\/\">\n      <div class=\"article-image\">\n              <\/div>\n      <h3>Zwyci\u0119zcy w studenckim Science Challenge 2.0<\/h3>\n      &nbsp; &nbsp; Brawo! Studenci Politechniki Bia\u0142ostockiej po raz drugi zdecydowali si\u0119    <\/a>\n<\/article>\t\t\t\t\t\t<\/div>\n\t\t\t\t\t\t\t\t\t\t\t<div class=\"col-sm-3\">\n\t\t\t\t\t\t\t\n<article class=\"format-standard\">\n    <span class=\"date text-right\"><i class=\"fal fa-calendar-alt\"><\/i> 28-05-2024<\/span>\n    <a href=\"https:\/\/pb.edu.pl\/science-kultura\/alo-science-challenge\/\">\n      <div class=\"article-image\">\n              <\/div>\n      <h3>ALO Science Challenge<\/h3>\n      Podejmij wyzwanie!\r\nSprawd\u017a si\u0119 i zgarnij nagrody!    <\/a>\n<\/article>\t\t\t\t\t\t<\/div>\n\t\t\t\t\t\t\t\t\t\t\t<div class=\"col-sm-3\">\n\t\t\t\t\t\t\t\n<article class=\"format-standard\">\n    <span class=\"date text-right\"><i class=\"fal fa-calendar-alt\"><\/i> 27-05-2024<\/span>\n    <a href=\"https:\/\/pb.edu.pl\/science-kultura\/infotech-science-challenge-2-0\/\">\n      <div class=\"article-image\">\n              <\/div>\n      <h3>INFOTECH Science Challenge 2.0<\/h3>\n      &nbsp; Czy jeste\u015b pasjonatem informatyki? Czy chcesz podzieli\u0107 si\u0119 swoj\u0105 wiedz\u0105    <\/a>\n<\/article>\t\t\t\t\t\t<\/div>\n\t\t\t\t\t\t\t\t\t\t\t<div class=\"col-sm-3\">\n\t\t\t\t\t\t\t\n<article class=\"format-standard\">\n    <span class=\"date text-right\"><i class=\"fal fa-calendar-alt\"><\/i> 24-05-2024<\/span>\n    <a href=\"https:\/\/pb.edu.pl\/science-kultura\/uczniowie-infotech-w-konkursie-science-challenge\/\">\n      <div class=\"article-image\">\n              <\/div>\n      <h3>Uczniowie INFOTECH w konkursie Science Challenge<\/h3>\n      Brawa dla odwa\u017cnych!    <\/a>\n<\/article>\t\t\t\t\t\t<\/div>\n\t\t\t\t\t\t\t\t\t\t\t<div class=\"col-sm-3\">\n\t\t\t\t\t\t\t\n<article class=\"format-standard\">\n    <span class=\"date text-right\"><i class=\"fal fa-calendar-alt\"><\/i> 24-05-2024<\/span>\n    <a href=\"https:\/\/pb.edu.pl\/science-kultura\/8-kawiarnia-naukowa-cyberzagrozenia-nia-powaznie\/\">\n      <div class=\"article-image\">\n              <\/div>\n      <h3>#8 Kawiarnia naukowa - Cyberzagro\u017cenia nia powa\u017cnie<\/h3>\n      Jak nie da\u0107 si\u0119 oszuka\u0107?    <\/a>\n<\/article>\t\t\t\t\t\t<\/div>\n\t\t\t\t\t\t\t\t\t\t\t<div class=\"col-sm-3\">\n\t\t\t\t\t\t\t\n<article class=\"format-standard\">\n    <span class=\"date text-right\"><i class=\"fal fa-calendar-alt\"><\/i> 22-05-2024<\/span>\n    <a href=\"https:\/\/pb.edu.pl\/science-kultura\/drugi-studencki-science-challenge\/\">\n      <div class=\"article-image\">\n              <\/div>\n      <h3>Drugi studencki Science Challenge<\/h3>\n      Podnosimy stawk\u0119!    <\/a>\n<\/article>\t\t\t\t\t\t<\/div>\n\t\t\t\t\t\t\t\t\t\t\t<div class=\"col-sm-3\">\n\t\t\t\t\t\t\t\n<article class=\"format-standard\">\n    <span class=\"date text-right\"><i class=\"fal fa-calendar-alt\"><\/i> 16-05-2024<\/span>\n    <a href=\"https:\/\/pb.edu.pl\/science-kultura\/infotech-science-challenge\/\">\n      <div class=\"article-image\">\n              <\/div>\n      <h3>INFOTECH Science Challenge<\/h3>\n      Konkurs dla uczni\u00f3w Infotech!    <\/a>\n<\/article>\t\t\t\t\t\t<\/div>\n\t\t\t\t\t\t\t\t\t\t\t<div class=\"col-sm-3\">\n\t\t\t\t\t\t\t\n<article class=\"format-standard\">\n    <span class=\"date text-right\"><i class=\"fal fa-calendar-alt\"><\/i> 10-05-2024<\/span>\n    <a href=\"https:\/\/pb.edu.pl\/science-kultura\/studenci-wydzialu-informatyki-podjeli-wyzwanie\/\">\n      <div class=\"article-image\">\n              <\/div>\n      <h3>Studenci Wydzia\u0142u Informatyki podj\u0119li wyzwanie!<\/h3>\n      nagrody w Science Challenge rozdane.    <\/a>\n<\/article>\t\t\t\t\t\t<\/div>\n\t\t\t\t\t\t\t\t\t\t\t<div class=\"col-sm-3\">\n\t\t\t\t\t\t\t\n<article class=\"format-standard\">\n    <span class=\"date text-right\"><i class=\"fal fa-calendar-alt\"><\/i> 25-04-2024<\/span>\n    <a href=\"https:\/\/pb.edu.pl\/science-kultura\/science-challenge\/\">\n      <div class=\"article-image\">\n              <\/div>\n      <h3>Pierwszy studencki Science Challenge<\/h3>\n      We\u017a udzia\u0142 w konkursie i wygraj nagrody!    <\/a>\n<\/article>\t\t\t\t\t\t<\/div>\n\t\t\t\t\t\t\t\t\t\t\t<div class=\"col-sm-3\">\n\t\t\t\t\t\t\t\n<article class=\"format-standard\">\n    <span class=\"date text-right\"><i class=\"fal fa-calendar-alt\"><\/i> 15-04-2024<\/span>\n    <a href=\"https:\/\/pb.edu.pl\/science-kultura\/7-kawiarnia-naukowa-dezinformacja-jak-zyc-w-cyfrowym-labiryncie\/\">\n      <div class=\"article-image\">\n              <\/div>\n      <h3>#7 Kawiarnia naukowa - Dezinformacja - jak \u017cy\u0107 w cyfrowym labiryncie<\/h3>\n      \u201cLepiej mie\u0107 zero informacji, ni\u017c by\u0107 zdezinformowanym...\"    <\/a>\n<\/article>\t\t\t\t\t\t<\/div>\n\t\t\t\t\t\t\t\t\t\t\t<div class=\"col-sm-3\">\n\t\t\t\t\t\t\t\n<article class=\"format-standard\">\n    <span class=\"date text-right\"><i class=\"fal fa-calendar-alt\"><\/i> 20-03-2024<\/span>\n    <a href=\"https:\/\/pb.edu.pl\/science-kultura\/6-kawiarnia-naukowa-pi-ekno-ai\/\">\n      <div class=\"article-image\">\n              <\/div>\n      <h3>#6 Kawiarnia naukowa - PI-\u0119kno AI<\/h3>\n      14 marca 2024 \u015bwi\u0119towali\u015bmy Mi\u0119dzynarodowy Dzie\u0144 liczby \u03c0!    <\/a>\n<\/article>\t\t\t\t\t\t<\/div>\n\t\t\t\t\t\n\t\t\t\t\n\t\t\t\t\t<\/div>\n\t\t\n\t<nav class=\"navigation pagination\" aria-label=\"Stronicowanie wpis\u00f3w\">\n\t\t<h2 class=\"screen-reader-text\">Stronicowanie wpis\u00f3w<\/h2>\n\t\t<div class=\"nav-links\"><span aria-current=\"page\" class=\"page-numbers current\">1<\/span>\n<a class=\"page-numbers\" href=\"https:\/\/pb.edu.pl\/science-kultura\/wp-json\/wp\/v2\/pages\/1581\/page\/2\/\">2<\/a>\n<a class=\"next page-numbers\" href=\"https:\/\/pb.edu.pl\/science-kultura\/wp-json\/wp\/v2\/pages\/1581\/page\/2\/\">Nast\u0119pne<\/a><\/div>\n\t<\/nav>\t\t\t<\/div>\n\n","protected":false},"excerpt":{"rendered":"","protected":false},"author":2,"featured_media":0,"parent":0,"menu_order":0,"comment_status":"closed","ping_status":"closed","template":"","meta":{"_acf_changed":false,"ngg_post_thumbnail":0,"footnotes":""},"class_list":["post-1581","page","type-page","status-publish","hentry"],"acf":[],"_links":{"self":[{"href":"https:\/\/pb.edu.pl\/science-kultura\/wp-json\/wp\/v2\/pages\/1581","targetHints":{"allow":["GET"]}}],"collection":[{"href":"https:\/\/pb.edu.pl\/science-kultura\/wp-json\/wp\/v2\/pages"}],"about":[{"href":"https:\/\/pb.edu.pl\/science-kultura\/wp-json\/wp\/v2\/types\/page"}],"author":[{"embeddable":true,"href":"https:\/\/pb.edu.pl\/science-kultura\/wp-json\/wp\/v2\/users\/2"}],"replies":[{"embeddable":true,"href":"https:\/\/pb.edu.pl\/science-kultura\/wp-json\/wp\/v2\/comments?post=1581"}],"version-history":[{"count":0,"href":"https:\/\/pb.edu.pl\/science-kultura\/wp-json\/wp\/v2\/pages\/1581\/revisions"}],"wp:attachment":[{"href":"https:\/\/pb.edu.pl\/science-kultura\/wp-json\/wp\/v2\/media?parent=1581"}],"curies":[{"name":"wp","href":"https:\/\/api.w.org\/{rel}","templated":true}]}}