{"id":1480,"date":"2023-03-03T00:57:32","date_gmt":"2023-03-02T23:57:32","guid":{"rendered":"https:\/\/pb.edu.pl\/science-kultura\/?page_id=1480"},"modified":"2023-04-24T21:20:12","modified_gmt":"2023-04-24T19:20:12","slug":"turnieje-sportowe","status":"publish","type":"page","link":"https:\/\/pb.edu.pl\/science-kultura\/dzialania\/turnieje-sportowe\/","title":{"rendered":"Turnieje sportowe"},"content":{"rendered":"<p><strong>Turnieje sportowe<\/strong> \u2013 zawody szachowe, turniej gier e-sportowych, turniej gry GO.<\/p>\n<hr>\n\t\t<div class=\"box news-box \">\n\t\t<div class=\"row\">\n\t\t\t\n\t\t\t\n\t\t\t\t\n\t\t\t\t\t\t\t\t\t\t<div class=\"col-sm-4\">\n\t\t\t\t\t\t\t\n<article class=\"format-standard\">\n    <span class=\"date text-right\"><i class=\"fal fa-calendar-alt\"><\/i> 12-02-2024<\/span>\n    <a href=\"https:\/\/pb.edu.pl\/science-kultura\/go\/\">\n      <div class=\"article-image\">\n              <\/div>\n      <h3>Za nami pierwszy Turniej GO<\/h3>\n      Wygra\u0142 Jan Fr\u0105czak, gracz poziomu 3 dan z Warszawy.    <\/a>\n<\/article>\t\t\t\t\t\t<\/div>\n\t\t\t\t\t\t\t\t\t\t\t<div class=\"col-sm-4\">\n\t\t\t\t\t\t\t\n<article class=\"format-standard\">\n    <span class=\"date text-right\"><i class=\"fal fa-calendar-alt\"><\/i> 15-01-2024<\/span>\n    <a href=\"https:\/\/pb.edu.pl\/science-kultura\/turniej-go\/\">\n      <div class=\"article-image\">\n              <\/div>\n      <h3>Turniej GO na Politechnice Bia\u0142ostockiej<\/h3>\n      Przyjd\u017a i zagraj! \r\nDo zdobycia nagrody o \u0142\u0105cznej warto\u015bci 3500 z\u0142.    <\/a>\n<\/article>\t\t\t\t\t\t<\/div>\n\t\t\t\t\t\t\t\t\t\t\t<div class=\"col-sm-4\">\n\t\t\t\t\t\t\t\n<article class=\"format-standard\">\n    <span class=\"date text-right\"><i class=\"fal fa-calendar-alt\"><\/i> 06-05-2023<\/span>\n    <a href=\"https:\/\/pb.edu.pl\/science-kultura\/szachy\/\">\n      <div class=\"article-image\">\n              <\/div>\n      <h3>Turniej Szachowy o Puchar Rektor Politechniki Bia\u0142ostockiej<\/h3>\n      Blisko 80 os\u00f3b uczestniczy\u0142o w Turnieju Szachowym o Puchar Rektor Politechniki    <\/a>\n<\/article>\t\t\t\t\t\t<\/div>\n\t\t\t\t\t\t\t\t\t\t\t<div class=\"col-sm-4\">\n\t\t\t\t\t\t\t\n<article class=\"format-standard\">\n    <span class=\"date text-right\"><i class=\"fal fa-calendar-alt\"><\/i> 13-04-2023<\/span>\n    <a href=\"https:\/\/pb.edu.pl\/science-kultura\/mistrzostwa-e-sportowe\/\">\n      <div class=\"article-image\">\n              <\/div>\n      <h3>Bia\u0142ostockie E-sportowe Mistrzostwa Uczelni<\/h3>\n      Mo\u017cliwo\u015b\u0107 wsp\u00f3lnej gry na Uczelni, zdrowa rywalizacja, warto\u015bciowe nagrody.    <\/a>\n<\/article>\t\t\t\t\t\t<\/div>\n\t\t\t\t\t\n\t\t\t\t\n\t\t\t\t\t<\/div>\n\t\t\t\t\t<\/div>\n\n","protected":false},"excerpt":{"rendered":"<p>Turnieje sportowe \u2013 zawody szachowe, turniej gier e-sportowych, turniej gry GO.<\/p>\n","protected":false},"author":2,"featured_media":0,"parent":30,"menu_order":3,"comment_status":"closed","ping_status":"closed","template":"","meta":{"_acf_changed":false,"ngg_post_thumbnail":0,"footnotes":""},"class_list":["post-1480","page","type-page","status-publish","hentry"],"acf":[],"_links":{"self":[{"href":"https:\/\/pb.edu.pl\/science-kultura\/wp-json\/wp\/v2\/pages\/1480","targetHints":{"allow":["GET"]}}],"collection":[{"href":"https:\/\/pb.edu.pl\/science-kultura\/wp-json\/wp\/v2\/pages"}],"about":[{"href":"https:\/\/pb.edu.pl\/science-kultura\/wp-json\/wp\/v2\/types\/page"}],"author":[{"embeddable":true,"href":"https:\/\/pb.edu.pl\/science-kultura\/wp-json\/wp\/v2\/users\/2"}],"replies":[{"embeddable":true,"href":"https:\/\/pb.edu.pl\/science-kultura\/wp-json\/wp\/v2\/comments?post=1480"}],"version-history":[{"count":0,"href":"https:\/\/pb.edu.pl\/science-kultura\/wp-json\/wp\/v2\/pages\/1480\/revisions"}],"up":[{"embeddable":true,"href":"https:\/\/pb.edu.pl\/science-kultura\/wp-json\/wp\/v2\/pages\/30"}],"wp:attachment":[{"href":"https:\/\/pb.edu.pl\/science-kultura\/wp-json\/wp\/v2\/media?parent=1480"}],"curies":[{"name":"wp","href":"https:\/\/api.w.org\/{rel}","templated":true}]}}