{"id":1478,"date":"2023-03-03T00:56:18","date_gmt":"2023-03-02T23:56:18","guid":{"rendered":"https:\/\/pb.edu.pl\/science-kultura\/?page_id=1478"},"modified":"2024-07-18T14:11:34","modified_gmt":"2024-07-18T12:11:34","slug":"science-tedx","status":"publish","type":"page","link":"https:\/\/pb.edu.pl\/science-kultura\/dzialania\/science-tedx\/","title":{"rendered":"Science Challenge"},"content":{"rendered":"<p>Science Challenge to wyzwania naukowe, kt\u00f3re s\u0105 organizowane na r\u00f3\u017cnych poziomach, od lokalnych konkurs\u00f3w szkolnych po mi\u0119dzynarodowe zawody. Te wyzwania maj\u0105 na celu zach\u0119cenie uczestnik\u00f3w do rozwijania swoich umiej\u0119tno\u015bci naukowych, my\u015blenia krytycznego i kreatywno\u015bci, rozwijaj\u0105 umiej\u0119tno\u015bci w r\u00f3\u017cnych dziedzinach naukowych, promuj\u0105 wsp\u00f3\u0142prac\u0119 i zdrow\u0105 rywalizacj\u0119.<\/p>\n<p><img loading=\"lazy\" decoding=\"async\" class=\"wp-image-1890 aligncenter\" src=\"https:\/\/pb.edu.pl\/science-kultura\/wp-content\/uploads\/sites\/98\/2024\/07\/na-www-grafika.png\" alt=\"\" width=\"664\" height=\"354\"><\/p>\n<p>&nbsp;<\/p>\n<hr>\n\t\t<div class=\"box news-box \">\n\t\t<div class=\"row\">\n\t\t\t\n\t\t\t\n\t\t\t\t\n\t\t\t\t\t\t\t\t\t\t<div class=\"col-sm-4\">\n\t\t\t\t\t\t\t\n<article class=\"format-standard\">\n    <span class=\"date text-right\"><i class=\"fal fa-calendar-alt\"><\/i> 14-06-2024<\/span>\n    <a href=\"https:\/\/pb.edu.pl\/science-kultura\/uczniowie-z-akademickiego-liceum-ogolnoksztalcacego-wzieli-udzial-w-science-challenge\/\">\n      <div class=\"article-image\">\n              <\/div>\n      <h3>Uczniowie z Akademickiego Liceum Og\u00f3lnokszta\u0142c\u0105cego wzi\u0119li udzia\u0142 w Science Challenge<\/h3>\n      Uczniowie z Akademickiego Liceum Og\u00f3lnokszta\u0142c\u0105cego Politechniki Bia\u0142ostockiej 13 czerwca 2024 wzi\u0119li    <\/a>\n<\/article>\t\t\t\t\t\t<\/div>\n\t\t\t\t\t\t\t\t\t\t\t<div class=\"col-sm-4\">\n\t\t\t\t\t\t\t\n<article class=\"format-standard\">\n    <span class=\"date text-right\"><i class=\"fal fa-calendar-alt\"><\/i> 07-06-2024<\/span>\n    <a href=\"https:\/\/pb.edu.pl\/science-kultura\/zwyciezcy-w-studenckim-science-challenge-2-0\/\">\n      <div class=\"article-image\">\n              <\/div>\n      <h3>Zwyci\u0119zcy w studenckim Science Challenge 2.0<\/h3>\n      &nbsp; &nbsp; Brawo! Studenci Politechniki Bia\u0142ostockiej po raz drugi zdecydowali si\u0119    <\/a>\n<\/article>\t\t\t\t\t\t<\/div>\n\t\t\t\t\t\t\t\t\t\t\t<div class=\"col-sm-4\">\n\t\t\t\t\t\t\t\n<article class=\"format-standard\">\n    <span class=\"date text-right\"><i class=\"fal fa-calendar-alt\"><\/i> 28-05-2024<\/span>\n    <a href=\"https:\/\/pb.edu.pl\/science-kultura\/alo-science-challenge\/\">\n      <div class=\"article-image\">\n              <\/div>\n      <h3>ALO Science Challenge<\/h3>\n      Podejmij wyzwanie!\r\nSprawd\u017a si\u0119 i zgarnij nagrody!    <\/a>\n<\/article>\t\t\t\t\t\t<\/div>\n\t\t\t\t\t\t\t\t\t\t\t<div class=\"col-sm-4\">\n\t\t\t\t\t\t\t\n<article class=\"format-standard\">\n    <span class=\"date text-right\"><i class=\"fal fa-calendar-alt\"><\/i> 27-05-2024<\/span>\n    <a href=\"https:\/\/pb.edu.pl\/science-kultura\/infotech-science-challenge-2-0\/\">\n      <div class=\"article-image\">\n              <\/div>\n      <h3>INFOTECH Science Challenge 2.0<\/h3>\n      &nbsp; Czy jeste\u015b pasjonatem informatyki? Czy chcesz podzieli\u0107 si\u0119 swoj\u0105 wiedz\u0105    <\/a>\n<\/article>\t\t\t\t\t\t<\/div>\n\t\t\t\t\t\t\t\t\t\t\t<div class=\"col-sm-4\">\n\t\t\t\t\t\t\t\n<article class=\"format-standard\">\n    <span class=\"date text-right\"><i class=\"fal fa-calendar-alt\"><\/i> 24-05-2024<\/span>\n    <a href=\"https:\/\/pb.edu.pl\/science-kultura\/uczniowie-infotech-w-konkursie-science-challenge\/\">\n      <div class=\"article-image\">\n              <\/div>\n      <h3>Uczniowie INFOTECH w konkursie Science Challenge<\/h3>\n      Brawa dla odwa\u017cnych!    <\/a>\n<\/article>\t\t\t\t\t\t<\/div>\n\t\t\t\t\t\t\t\t\t\t\t<div class=\"col-sm-4\">\n\t\t\t\t\t\t\t\n<article class=\"format-standard\">\n    <span class=\"date text-right\"><i class=\"fal fa-calendar-alt\"><\/i> 22-05-2024<\/span>\n    <a href=\"https:\/\/pb.edu.pl\/science-kultura\/drugi-studencki-science-challenge\/\">\n      <div class=\"article-image\">\n              <\/div>\n      <h3>Drugi studencki Science Challenge<\/h3>\n      Podnosimy stawk\u0119!    <\/a>\n<\/article>\t\t\t\t\t\t<\/div>\n\t\t\t\t\t\t\t\t\t\t\t<div class=\"col-sm-4\">\n\t\t\t\t\t\t\t\n<article class=\"format-standard\">\n    <span class=\"date text-right\"><i class=\"fal fa-calendar-alt\"><\/i> 16-05-2024<\/span>\n    <a href=\"https:\/\/pb.edu.pl\/science-kultura\/infotech-science-challenge\/\">\n      <div class=\"article-image\">\n              <\/div>\n      <h3>INFOTECH Science Challenge<\/h3>\n      Konkurs dla uczni\u00f3w Infotech!    <\/a>\n<\/article>\t\t\t\t\t\t<\/div>\n\t\t\t\t\t\t\t\t\t\t\t<div class=\"col-sm-4\">\n\t\t\t\t\t\t\t\n<article class=\"format-standard\">\n    <span class=\"date text-right\"><i class=\"fal fa-calendar-alt\"><\/i> 10-05-2024<\/span>\n    <a href=\"https:\/\/pb.edu.pl\/science-kultura\/studenci-wydzialu-informatyki-podjeli-wyzwanie\/\">\n      <div class=\"article-image\">\n              <\/div>\n      <h3>Studenci Wydzia\u0142u Informatyki podj\u0119li wyzwanie!<\/h3>\n      nagrody w Science Challenge rozdane.    <\/a>\n<\/article>\t\t\t\t\t\t<\/div>\n\t\t\t\t\t\t\t\t\t\t\t<div class=\"col-sm-4\">\n\t\t\t\t\t\t\t\n<article class=\"format-standard\">\n    <span class=\"date text-right\"><i class=\"fal fa-calendar-alt\"><\/i> 25-04-2024<\/span>\n    <a href=\"https:\/\/pb.edu.pl\/science-kultura\/science-challenge\/\">\n      <div class=\"article-image\">\n              <\/div>\n      <h3>Pierwszy studencki Science Challenge<\/h3>\n      We\u017a udzia\u0142 w konkursie i wygraj nagrody!    <\/a>\n<\/article>\t\t\t\t\t\t<\/div>\n\t\t\t\t\t\n\t\t\t\t\n\t\t\t\t\t<\/div>\n\t\t\t\t\t<\/div>\n\n","protected":false},"excerpt":{"rendered":"<p>Science Challenge to wyzwania naukowe, kt\u00f3re s\u0105 organizowane na r\u00f3\u017cnych poziomach, od lokalnych konkurs\u00f3w szkolnych<\/p>\n","protected":false},"author":2,"featured_media":0,"parent":30,"menu_order":2,"comment_status":"closed","ping_status":"closed","template":"","meta":{"_acf_changed":false,"ngg_post_thumbnail":0,"footnotes":""},"class_list":["post-1478","page","type-page","status-publish","hentry"],"acf":[],"_links":{"self":[{"href":"https:\/\/pb.edu.pl\/science-kultura\/wp-json\/wp\/v2\/pages\/1478","targetHints":{"allow":["GET"]}}],"collection":[{"href":"https:\/\/pb.edu.pl\/science-kultura\/wp-json\/wp\/v2\/pages"}],"about":[{"href":"https:\/\/pb.edu.pl\/science-kultura\/wp-json\/wp\/v2\/types\/page"}],"author":[{"embeddable":true,"href":"https:\/\/pb.edu.pl\/science-kultura\/wp-json\/wp\/v2\/users\/2"}],"replies":[{"embeddable":true,"href":"https:\/\/pb.edu.pl\/science-kultura\/wp-json\/wp\/v2\/comments?post=1478"}],"version-history":[{"count":0,"href":"https:\/\/pb.edu.pl\/science-kultura\/wp-json\/wp\/v2\/pages\/1478\/revisions"}],"up":[{"embeddable":true,"href":"https:\/\/pb.edu.pl\/science-kultura\/wp-json\/wp\/v2\/pages\/30"}],"wp:attachment":[{"href":"https:\/\/pb.edu.pl\/science-kultura\/wp-json\/wp\/v2\/media?parent=1478"}],"curies":[{"name":"wp","href":"https:\/\/api.w.org\/{rel}","templated":true}]}}