{"id":1474,"date":"2023-03-03T00:51:51","date_gmt":"2023-03-02T23:51:51","guid":{"rendered":"https:\/\/pb.edu.pl\/science-kultura\/?page_id=1474"},"modified":"2024-07-15T11:29:57","modified_gmt":"2024-07-15T09:29:57","slug":"kawiarnie-naukowe","status":"publish","type":"page","link":"https:\/\/pb.edu.pl\/science-kultura\/dzialania\/kawiarnie-naukowe\/","title":{"rendered":"Kawiarnie naukowe"},"content":{"rendered":"<p>Kawiarnie naukowe to inicjatywa maj\u0105ca na celu popularyzacj\u0119 nauki i promowanie wiedzy w swobodnej, przyst\u0119pnej formie. Ich g\u0142\u00f3wne za\u0142o\u017cenia to:<\/p>\n<ol>\n<li><strong>Przyst\u0119pno\u015b\u0107 i dost\u0119pno\u015b\u0107 wiedzy<\/strong>, gdy\u017c organizowane s\u0105 w miejscach publicznych, takich jak kawiarnie, puby czy biblioteki, gdzie ludzie mog\u0105 swobodnie przyj\u015b\u0107, wypi\u0107 kaw\u0119 lub herbat\u0119 i pos\u0142ucha\u0107 wyk\u0142ad\u00f3w na r\u00f3\u017cnorodne tematy naukowe.<\/li>\n<li><strong>Interakcja i dialog<\/strong>: Spotkania w kawiarniach naukowych maj\u0105 charakter interaktywny. Uczestnicy mog\u0105 zadawa\u0107 pytania, dyskutowa\u0107 z prelegentami i innymi uczestnikami, co sprzyja wymianie my\u015bli i pogl\u0105d\u00f3w.<\/li>\n<li><strong>Przyst\u0119pny j\u0119zyk<\/strong>: Prelekcje w kawiarniach naukowych s\u0105 prowadzone w przyst\u0119pny spos\u00f3b, bez nadmiernego u\u017cywania skomplikowanego \u017cargonu naukowego, co sprawia, \u017ce s\u0105 zrozumia\u0142e dla szerokiej publiczno\u015bci, niezale\u017cnie od jej wykszta\u0142cenia.<\/li>\n<li><strong>R\u00f3\u017cnorodno\u015b\u0107 temat\u00f3w<\/strong>: Tematyka spotka\u0144 jest bardzo szeroka, obejmuje r\u00f3\u017cne dziedziny nauki \u2013 od biologii, przez fizyk\u0119, po socjologi\u0119 i sztuk\u0119. Dzi\u0119ki temu ka\u017cdy mo\u017ce znale\u017a\u0107 co\u015b interesuj\u0105cego dla siebie.<\/li>\n<li><strong>Promocja naukowc\u00f3w i ich pracy<\/strong>: Kawiarnie naukowe umo\u017cliwiaj\u0105 naukowcom prezentowanie swoich bada\u0144 i osi\u0105gni\u0119\u0107 w przyjaznym i nieformalnym \u015brodowisku, co mo\u017ce przyczyni\u0107 si\u0119 do lepszego zrozumienia ich pracy przez spo\u0142ecze\u0144stwo.<\/li>\n<\/ol>\nngg_shortcode_0_placeholder\n<hr>\n\t\t<div class=\"box news-box \">\n\t\t<div class=\"row\">\n\t\t\t\n\t\t\t\n\t\t\t\t\n\t\t\t\t\t\t\t\t\t\t<div class=\"col-sm-4\">\n\t\t\t\t\t\t\t\n<article class=\"format-standard\">\n    <span class=\"date text-right\"><i class=\"fal fa-calendar-alt\"><\/i> 24-05-2024<\/span>\n    <a href=\"https:\/\/pb.edu.pl\/science-kultura\/8-kawiarnia-naukowa-cyberzagrozenia-nia-powaznie\/\">\n      <div class=\"article-image\">\n              <\/div>\n      <h3>#8 Kawiarnia naukowa - Cyberzagro\u017cenia nia powa\u017cnie<\/h3>\n      Jak nie da\u0107 si\u0119 oszuka\u0107?    <\/a>\n<\/article>\t\t\t\t\t\t<\/div>\n\t\t\t\t\t\t\t\t\t\t\t<div class=\"col-sm-4\">\n\t\t\t\t\t\t\t\n<article class=\"format-standard\">\n    <span class=\"date text-right\"><i class=\"fal fa-calendar-alt\"><\/i> 15-04-2024<\/span>\n    <a href=\"https:\/\/pb.edu.pl\/science-kultura\/7-kawiarnia-naukowa-dezinformacja-jak-zyc-w-cyfrowym-labiryncie\/\">\n      <div class=\"article-image\">\n              <\/div>\n      <h3>#7 Kawiarnia naukowa - Dezinformacja - jak \u017cy\u0107 w cyfrowym labiryncie<\/h3>\n      \u201cLepiej mie\u0107 zero informacji, ni\u017c by\u0107 zdezinformowanym...\"    <\/a>\n<\/article>\t\t\t\t\t\t<\/div>\n\t\t\t\t\t\t\t\t\t\t\t<div class=\"col-sm-4\">\n\t\t\t\t\t\t\t\n<article class=\"format-standard\">\n    <span class=\"date text-right\"><i class=\"fal fa-calendar-alt\"><\/i> 20-03-2024<\/span>\n    <a href=\"https:\/\/pb.edu.pl\/science-kultura\/6-kawiarnia-naukowa-pi-ekno-ai\/\">\n      <div class=\"article-image\">\n              <\/div>\n      <h3>#6 Kawiarnia naukowa - PI-\u0119kno AI<\/h3>\n      14 marca 2024 \u015bwi\u0119towali\u015bmy Mi\u0119dzynarodowy Dzie\u0144 liczby \u03c0!    <\/a>\n<\/article>\t\t\t\t\t\t<\/div>\n\t\t\t\t\t\t\t\t\t\t\t<div class=\"col-sm-4\">\n\t\t\t\t\t\t\t\n<article class=\"format-standard\">\n    <span class=\"date text-right\"><i class=\"fal fa-calendar-alt\"><\/i> 05-03-2024<\/span>\n    <a href=\"https:\/\/pb.edu.pl\/science-kultura\/5-kawiarnia-naukowa-kiedy-vr-spotyka-rzeczywistosc\/\">\n      <div class=\"article-image\">\n              <\/div>\n      <h3>#5 Kawiarnia naukowa - kiedy VR spotyka rzeczywisto\u015b\u0107<\/h3>\n      VR: Oczekiwania. Realia. Przysz\u0142o\u015b\u0107.    <\/a>\n<\/article>\t\t\t\t\t\t<\/div>\n\t\t\t\t\t\t\t\t\t\t\t<div class=\"col-sm-4\">\n\t\t\t\t\t\t\t\n<article class=\"format-standard\">\n    <span class=\"date text-right\"><i class=\"fal fa-calendar-alt\"><\/i> 26-01-2024<\/span>\n    <a href=\"https:\/\/pb.edu.pl\/science-kultura\/kawiarnia-naukowa-naturalnie-o-sztucznej-inteligencji\/\">\n      <div class=\"article-image\">\n              <\/div>\n      <h3>#4 Kawiarnia naukowa - naturalnie, o sztucznej inteligencji<\/h3>\n      To by\u0142o kolejne spotkanie dla wszystkich pasjonat\u00f3w technologii i nauki.    <\/a>\n<\/article>\t\t\t\t\t\t<\/div>\n\t\t\t\t\t\t\t\t\t\t\t<div class=\"col-sm-4\">\n\t\t\t\t\t\t\t\n<article class=\"format-standard\">\n    <span class=\"date text-right\"><i class=\"fal fa-calendar-alt\"><\/i> 02-01-2024<\/span>\n    <a href=\"https:\/\/pb.edu.pl\/science-kultura\/3-kawiarnia-naukowa-laczac-swiaty-spotkanie-z-technologia-internetu-rzeczy\/\">\n      <div class=\"article-image\">\n              <\/div>\n      <h3>#3 Kawiarnia naukowa - \u0141\u0105cz\u0105c \u015bwiaty: spotkanie z technologi\u0105 internetu rzeczy<\/h3>\n      Za nami kolejne ciekawe prelekcje, tym razem na temat internetu rzeczy.    <\/a>\n<\/article>\t\t\t\t\t\t<\/div>\n\t\t\t\t\t\t\t\t\t\t\t<div class=\"col-sm-4\">\n\t\t\t\t\t\t\t\n<article class=\"format-standard\">\n    <span class=\"date text-right\"><i class=\"fal fa-calendar-alt\"><\/i> 18-05-2023<\/span>\n    <a href=\"https:\/\/pb.edu.pl\/science-kultura\/2-kawiarnia-naukowa-cyfrowe-oczy-jak-unikac-nadmiernego-sledzenia-w-internecie\/\">\n      <div class=\"article-image\">\n              <\/div>\n      <h3>#2 Kawiarnia naukowa \u2013 Cyfrowe oczy \u2013 Jak unika\u0107 nadmiernego \u015bledzenia w Internecie<\/h3>\n      Zapraszamy 30 maja, godzina 18:00\r\nw Kawiarni Fama\r\nwst\u0119p wolny    <\/a>\n<\/article>\t\t\t\t\t\t<\/div>\n\t\t\t\t\t\t\t\t\t\t\t<div class=\"col-sm-4\">\n\t\t\t\t\t\t\t\n<article class=\"format-standard\">\n    <span class=\"date text-right\"><i class=\"fal fa-calendar-alt\"><\/i> 29-03-2023<\/span>\n    <a href=\"https:\/\/pb.edu.pl\/science-kultura\/1-kawiarnia-naukowa-science-kultura-za-nami\/\">\n      <div class=\"article-image\">\n              <\/div>\n      <h3>Za nami #1 Kawiarnia naukowa<\/h3>\n      O szyfrowaniu i bezpiecze\u0144stwie w internecie.    <\/a>\n<\/article>\t\t\t\t\t\t<\/div>\n\t\t\t\t\t\t\t\t\t\t\t<div class=\"col-sm-4\">\n\t\t\t\t\t\t\t\n<article class=\"format-standard\">\n    <span class=\"date text-right\"><i class=\"fal fa-calendar-alt\"><\/i> 10-03-2023<\/span>\n    <a href=\"https:\/\/pb.edu.pl\/science-kultura\/kawiarnia-naukowa-od-kryptologii-do-cyberbezpieczenstwa\/\">\n      <div class=\"article-image\">\n              <\/div>\n      <h3>Kawiarnia naukowa &#8211; od kryptologii do cyberbezpiecze\u0144stwa<\/h3>\n      Zapraszamy 29 marca, godzina 18:00 Kawiarnia Fama, ul. Legionowa 5.    <\/a>\n<\/article>\t\t\t\t\t\t<\/div>\n\t\t\t\t\t\n\t\t\t\t\n\t\t\t\t\t<\/div>\n\t\t\t\t\t<\/div>\n\n","protected":false},"excerpt":{"rendered":"<p>Kawiarnie naukowe to inicjatywa maj\u0105ca na celu popularyzacj\u0119 nauki i promowanie wiedzy w swobodnej, przyst\u0119pnej<\/p>\n","protected":false},"author":2,"featured_media":0,"parent":30,"menu_order":1,"comment_status":"closed","ping_status":"closed","template":"","meta":{"_acf_changed":false,"ngg_post_thumbnail":0,"footnotes":""},"class_list":["post-1474","page","type-page","status-publish","hentry"],"acf":[],"_links":{"self":[{"href":"https:\/\/pb.edu.pl\/science-kultura\/wp-json\/wp\/v2\/pages\/1474","targetHints":{"allow":["GET"]}}],"collection":[{"href":"https:\/\/pb.edu.pl\/science-kultura\/wp-json\/wp\/v2\/pages"}],"about":[{"href":"https:\/\/pb.edu.pl\/science-kultura\/wp-json\/wp\/v2\/types\/page"}],"author":[{"embeddable":true,"href":"https:\/\/pb.edu.pl\/science-kultura\/wp-json\/wp\/v2\/users\/2"}],"replies":[{"embeddable":true,"href":"https:\/\/pb.edu.pl\/science-kultura\/wp-json\/wp\/v2\/comments?post=1474"}],"version-history":[{"count":0,"href":"https:\/\/pb.edu.pl\/science-kultura\/wp-json\/wp\/v2\/pages\/1474\/revisions"}],"up":[{"embeddable":true,"href":"https:\/\/pb.edu.pl\/science-kultura\/wp-json\/wp\/v2\/pages\/30"}],"wp:attachment":[{"href":"https:\/\/pb.edu.pl\/science-kultura\/wp-json\/wp\/v2\/media?parent=1474"}],"curies":[{"name":"wp","href":"https:\/\/api.w.org\/{rel}","templated":true}]}}