{"id":13,"date":"2020-05-18T14:40:41","date_gmt":"2020-05-18T12:40:41","guid":{"rendered":"https:\/\/pb.edu.pl\/science-kultura\/?page_id=13"},"modified":"2024-07-18T14:04:36","modified_gmt":"2024-07-18T12:04:36","slug":"home","status":"publish","type":"page","link":"https:\/\/pb.edu.pl\/science-kultura\/","title":{"rendered":""},"content":{"rendered":"<div class=\"img-full\">\n<p><img decoding=\"async\" src=\"https:\/\/pb.edu.pl\/science-kultura\/wp-content\/uploads\/sites\/98\/2023\/03\/baner-prawa.jpg\" alt=\"otwarta ksi\u0105\u017cka na laptopie\"><\/p>\n<div class=\"img-full-text\">\n<div class=\"img-full-header\"><img loading=\"lazy\" decoding=\"async\" class=\"logo\" src=\"https:\/\/pb.edu.pl\/science-kultura\/wp-content\/uploads\/sites\/98\/2023\/03\/logo-science-kultura-bialy-800-448.png\" alt=\"logo\" width=\"800\" height=\"448\"><\/div>\n<\/div>\n<\/div>\n<p>&nbsp;<\/p>\n<h2 style=\"font-size: 3rem\"><a style=\"text-decoration: none\" title=\"poka\u017c wszystkie\" href=\"\/science-kultura\/aktualnosci\/\">Aktualno\u015bci <i class=\"fa fa-caret-right\" aria-hidden=\"true\"><\/i><\/a><\/h2>\n\t\t<div class=\"box news-box \">\n\t\t<div class=\"row\">\n\t\t\t\n\t\t\t\n\t\t\t\t\n\t\t\t\t\t\t\t\t\t\t<div class=\"col-sm-3\">\n\t\t\t\t\t\t\t\n<article class=\"format-standard\">\n    <span class=\"date text-right\"><i class=\"fal fa-calendar-alt\"><\/i> 14-06-2024<\/span>\n    <a href=\"https:\/\/pb.edu.pl\/science-kultura\/uczniowie-z-akademickiego-liceum-ogolnoksztalcacego-wzieli-udzial-w-science-challenge\/\">\n      <div class=\"article-image\">\n              <\/div>\n      <h3>Uczniowie z Akademickiego Liceum Og\u00f3lnokszta\u0142c\u0105cego wzi\u0119li udzia\u0142 w Science Challenge<\/h3>\n      Uczniowie z Akademickiego Liceum Og\u00f3lnokszta\u0142c\u0105cego Politechniki Bia\u0142ostockiej 13 czerwca 2024 wzi\u0119li    <\/a>\n<\/article>\t\t\t\t\t\t<\/div>\n\t\t\t\t\t\t\t\t\t\t\t<div class=\"col-sm-3\">\n\t\t\t\t\t\t\t\n<article class=\"format-standard\">\n    <span class=\"date text-right\"><i class=\"fal fa-calendar-alt\"><\/i> 07-06-2024<\/span>\n    <a href=\"https:\/\/pb.edu.pl\/science-kultura\/zwyciezcy-w-studenckim-science-challenge-2-0\/\">\n      <div class=\"article-image\">\n              <\/div>\n      <h3>Zwyci\u0119zcy w studenckim Science Challenge 2.0<\/h3>\n      &nbsp; &nbsp; Brawo! Studenci Politechniki Bia\u0142ostockiej po raz drugi zdecydowali si\u0119    <\/a>\n<\/article>\t\t\t\t\t\t<\/div>\n\t\t\t\t\t\t\t\t\t\t\t<div class=\"col-sm-3\">\n\t\t\t\t\t\t\t\n<article class=\"format-standard\">\n    <span class=\"date text-right\"><i class=\"fal fa-calendar-alt\"><\/i> 28-05-2024<\/span>\n    <a href=\"https:\/\/pb.edu.pl\/science-kultura\/alo-science-challenge\/\">\n      <div class=\"article-image\">\n              <\/div>\n      <h3>ALO Science Challenge<\/h3>\n      Podejmij wyzwanie!\r\nSprawd\u017a si\u0119 i zgarnij nagrody!    <\/a>\n<\/article>\t\t\t\t\t\t<\/div>\n\t\t\t\t\t\t\t\t\t\t\t<div class=\"col-sm-3\">\n\t\t\t\t\t\t\t\n<article class=\"format-standard\">\n    <span class=\"date text-right\"><i class=\"fal fa-calendar-alt\"><\/i> 27-05-2024<\/span>\n    <a href=\"https:\/\/pb.edu.pl\/science-kultura\/infotech-science-challenge-2-0\/\">\n      <div class=\"article-image\">\n              <\/div>\n      <h3>INFOTECH Science Challenge 2.0<\/h3>\n      &nbsp; Czy jeste\u015b pasjonatem informatyki? Czy chcesz podzieli\u0107 si\u0119 swoj\u0105 wiedz\u0105    <\/a>\n<\/article>\t\t\t\t\t\t<\/div>\n\t\t\t\t\t\n\t\t\t\t\n\t\t\t\t\t<\/div>\n\t\t\t\t\t<\/div>\n\n&nbsp;<\/p>\n<div class=\"row\">\n<div class=\"col-sm-4 text-center\"><a class=\"button\" style=\"width: 100%;padding: 0px 5px 10px 5px\" title=\"\" href=\"\/science-kultura\/o-projekcie\/\"><img loading=\"lazy\" decoding=\"async\" class=\"aligncenter size-full wp-image-1521\" src=\"https:\/\/pb.edu.pl\/science-kultura\/wp-content\/uploads\/sites\/98\/2023\/03\/box-o-projekcie.jpg\" alt=\"M\u0142odzie\u017c przy stole pracuje nad projektem\" width=\"800\" height=\"533\" srcset=\"https:\/\/pb.edu.pl\/science-kultura\/wp-content\/uploads\/sites\/98\/2023\/03\/box-o-projekcie.jpg 800w, https:\/\/pb.edu.pl\/science-kultura\/wp-content\/uploads\/sites\/98\/2023\/03\/box-o-projekcie-300x200.jpg 300w, https:\/\/pb.edu.pl\/science-kultura\/wp-content\/uploads\/sites\/98\/2023\/03\/box-o-projekcie-768x512.jpg 768w, https:\/\/pb.edu.pl\/science-kultura\/wp-content\/uploads\/sites\/98\/2023\/03\/box-o-projekcie-480x320.jpg 480w\" sizes=\"auto, (max-width: 800px) 100vw, 800px\" \/><span class=\"lead\">O projekcie<\/span><\/a><\/div>\n<div class=\"col-sm-4 text-center\" data-wp-editing=\"1\"><a class=\"button\" style=\"width: 100%;padding: 0px 5px 10px 5px\" title=\"\" href=\"\/science-kultura\/dzialania\"><img loading=\"lazy\" decoding=\"async\" class=\"aligncenter size-full wp-image-1525\" src=\"https:\/\/pb.edu.pl\/science-kultura\/wp-content\/uploads\/sites\/98\/2023\/03\/box-dzialania.jpg\" alt=\"m\u0142ody m\u0119\u017cczyzna podczas przemowy\" width=\"800\" height=\"533\" srcset=\"https:\/\/pb.edu.pl\/science-kultura\/wp-content\/uploads\/sites\/98\/2023\/03\/box-dzialania.jpg 800w, https:\/\/pb.edu.pl\/science-kultura\/wp-content\/uploads\/sites\/98\/2023\/03\/box-dzialania-300x200.jpg 300w, https:\/\/pb.edu.pl\/science-kultura\/wp-content\/uploads\/sites\/98\/2023\/03\/box-dzialania-768x512.jpg 768w, https:\/\/pb.edu.pl\/science-kultura\/wp-content\/uploads\/sites\/98\/2023\/03\/box-dzialania-480x320.jpg 480w\" sizes=\"auto, (max-width: 800px) 100vw, 800px\" \/><span class=\"lead\">Dzia\u0142ania<\/span><\/a><\/div>\n<div class=\"col-sm-4 text-center\"><a class=\"button\" style=\"width: 100%;padding: 0px 5px 10px 5px\" title=\"Dane teleadresowe\" href=\"\/science-kultura\/kontakt\/\"><img loading=\"lazy\" decoding=\"async\" class=\"aligncenter size-full wp-image-1527\" src=\"https:\/\/pb.edu.pl\/science-kultura\/wp-content\/uploads\/sites\/98\/2023\/03\/box-kontakt.jpg\" alt=\"kostki zikonami @, telefonu oraz poczty\" width=\"800\" height=\"533\" srcset=\"https:\/\/pb.edu.pl\/science-kultura\/wp-content\/uploads\/sites\/98\/2023\/03\/box-kontakt.jpg 800w, https:\/\/pb.edu.pl\/science-kultura\/wp-content\/uploads\/sites\/98\/2023\/03\/box-kontakt-300x200.jpg 300w, https:\/\/pb.edu.pl\/science-kultura\/wp-content\/uploads\/sites\/98\/2023\/03\/box-kontakt-768x512.jpg 768w, https:\/\/pb.edu.pl\/science-kultura\/wp-content\/uploads\/sites\/98\/2023\/03\/box-kontakt-480x320.jpg 480w\" sizes=\"auto, (max-width: 800px) 100vw, 800px\" \/><span class=\"lead\">Kontakt<\/span><\/a><\/div>\n<\/div>\n<p>&nbsp;<\/p>\n<div class=\"row ministerstwo\">\n<div class=\"col-sm-2 text-center\"><img loading=\"lazy\" decoding=\"async\" class=\"wp-image-1535 aligncenter\" src=\"https:\/\/pb.edu.pl\/science-kultura\/wp-content\/uploads\/sites\/98\/2023\/03\/znaki_strona_www.png\" alt=\"\" width=\"180\" height=\"60\" srcset=\"https:\/\/pb.edu.pl\/science-kultura\/wp-content\/uploads\/sites\/98\/2023\/03\/znaki_strona_www.png 1751w, https:\/\/pb.edu.pl\/science-kultura\/wp-content\/uploads\/sites\/98\/2023\/03\/znaki_strona_www-300x100.png 300w, https:\/\/pb.edu.pl\/science-kultura\/wp-content\/uploads\/sites\/98\/2023\/03\/znaki_strona_www-1024x341.png 1024w, https:\/\/pb.edu.pl\/science-kultura\/wp-content\/uploads\/sites\/98\/2023\/03\/znaki_strona_www-768x256.png 768w, https:\/\/pb.edu.pl\/science-kultura\/wp-content\/uploads\/sites\/98\/2023\/03\/znaki_strona_www-1536x511.png 1536w\" sizes=\"auto, (max-width: 180px) 100vw, 180px\" \/><\/div>\n<p><img loading=\"lazy\" decoding=\"async\" class=\"wp-image-1884 alignleft\" src=\"https:\/\/pb.edu.pl\/science-kultura\/wp-content\/uploads\/sites\/98\/2024\/07\/01_znak_siatka_podstawowy_kolor_biale_tlo.png\" alt=\"\" width=\"209\" height=\"65\" srcset=\"https:\/\/pb.edu.pl\/science-kultura\/wp-content\/uploads\/sites\/98\/2024\/07\/01_znak_siatka_podstawowy_kolor_biale_tlo.png 1388w, https:\/\/pb.edu.pl\/science-kultura\/wp-content\/uploads\/sites\/98\/2024\/07\/01_znak_siatka_podstawowy_kolor_biale_tlo-300x93.png 300w, https:\/\/pb.edu.pl\/science-kultura\/wp-content\/uploads\/sites\/98\/2024\/07\/01_znak_siatka_podstawowy_kolor_biale_tlo-1024x319.png 1024w, https:\/\/pb.edu.pl\/science-kultura\/wp-content\/uploads\/sites\/98\/2024\/07\/01_znak_siatka_podstawowy_kolor_biale_tlo-768x239.png 768w\" sizes=\"auto, (max-width: 209px) 100vw, 209px\" \/><img loading=\"lazy\" decoding=\"async\" class=\"wp-image-1887 alignleft\" src=\"https:\/\/pb.edu.pl\/science-kultura\/wp-content\/uploads\/sites\/98\/2024\/07\/mein_son_logo_on_white.png\" alt=\"\" width=\"181\" height=\"102\" srcset=\"https:\/\/pb.edu.pl\/science-kultura\/wp-content\/uploads\/sites\/98\/2024\/07\/mein_son_logo_on_white.png 1920w, https:\/\/pb.edu.pl\/science-kultura\/wp-content\/uploads\/sites\/98\/2024\/07\/mein_son_logo_on_white-300x169.png 300w, https:\/\/pb.edu.pl\/science-kultura\/wp-content\/uploads\/sites\/98\/2024\/07\/mein_son_logo_on_white-1024x576.png 1024w, https:\/\/pb.edu.pl\/science-kultura\/wp-content\/uploads\/sites\/98\/2024\/07\/mein_son_logo_on_white-768x432.png 768w, https:\/\/pb.edu.pl\/science-kultura\/wp-content\/uploads\/sites\/98\/2024\/07\/mein_son_logo_on_white-1536x864.png 1536w\" sizes=\"auto, (max-width: 181px) 100vw, 181px\" \/>Projekt &#8222;Science kultura&#8221; finansowany ze \u015brodk\u00f3w Ministerstwa Edukacji i Nauki na podstawie umowy nr SONP\/SP\/565477\/2022 z dnia 20.10.2022 r. Program Spo\u0142eczna Odpowiedzialno\u015b\u0107 Nauki &#8211; Popularyzacja nauki i promocja sportu.<\/p>\n<\/div>\n","protected":false},"excerpt":{"rendered":"<p>&nbsp; Aktualno\u015bci &nbsp; O projekcie Dzia\u0142ania Kontakt &nbsp; Projekt &#8222;Science kultura&#8221; finansowany ze \u015brodk\u00f3w Ministerstwa<\/p>\n","protected":false},"author":2,"featured_media":0,"parent":0,"menu_order":0,"comment_status":"closed","ping_status":"closed","template":"templates\/dzial.php","meta":{"_acf_changed":false,"ngg_post_thumbnail":0,"footnotes":""},"class_list":["post-13","page","type-page","status-publish","hentry"],"acf":[],"_links":{"self":[{"href":"https:\/\/pb.edu.pl\/science-kultura\/wp-json\/wp\/v2\/pages\/13","targetHints":{"allow":["GET"]}}],"collection":[{"href":"https:\/\/pb.edu.pl\/science-kultura\/wp-json\/wp\/v2\/pages"}],"about":[{"href":"https:\/\/pb.edu.pl\/science-kultura\/wp-json\/wp\/v2\/types\/page"}],"author":[{"embeddable":true,"href":"https:\/\/pb.edu.pl\/science-kultura\/wp-json\/wp\/v2\/users\/2"}],"replies":[{"embeddable":true,"href":"https:\/\/pb.edu.pl\/science-kultura\/wp-json\/wp\/v2\/comments?post=13"}],"version-history":[{"count":0,"href":"https:\/\/pb.edu.pl\/science-kultura\/wp-json\/wp\/v2\/pages\/13\/revisions"}],"wp:attachment":[{"href":"https:\/\/pb.edu.pl\/science-kultura\/wp-json\/wp\/v2\/media?parent=13"}],"curies":[{"name":"wp","href":"https:\/\/api.w.org\/{rel}","templated":true}]}}