{"id":1084,"date":"2022-01-04T22:31:09","date_gmt":"2022-01-04T21:31:09","guid":{"rendered":"https:\/\/pb.edu.pl\/science-kultura\/?page_id=1084"},"modified":"2024-07-23T12:56:11","modified_gmt":"2024-07-23T10:56:11","slug":"o-projekcie","status":"publish","type":"page","link":"https:\/\/pb.edu.pl\/science-kultura\/o-projekcie\/","title":{"rendered":"O projekcie"},"content":{"rendered":"<p><strong>Projekt \u201eScience Kultura\u201d<\/strong> jest realizowany przez <a href=\"https:\/\/wi.pb.edu.pl\/\">Wydzia\u0142 Informatyki Politechniki Bia\u0142ostockiej<\/a>.<\/p>\n<p>Projekt wpisuje si\u0119 w tzw. trzeci\u0105 misj\u0119 uczelni, kt\u00f3ra polega na kreowaniu wzajemnych relacji z otoczeniem, przyczyniaj\u0105c si\u0119 do rozwoju kluczowych kompetencji spo\u0142ecze\u0144stwa.<\/p>\n<div class=\"h2\">Cel projektu<\/div>\n<p>Podstawowym celem projektu jest popularyzacja nauki, w szczeg\u00f3lno\u015bci technologii ICT (ang. information and communication technologies) i nauk \u015bcis\u0142ych.<\/p>\n<p>W projekcie przewidziano organizacj\u0119 r\u00f3\u017cnego rodzaju wydarze\u0144: wyk\u0142ad\u00f3w, spotka\u0144 bran\u017cowych, wyst\u0105pie\u0144 naukowych i konkurs\u00f3w.<\/p>\n<div class=\"h2\">Zaplanowane dzia\u0142ania projektowe<\/div>\n<p>Koncepcja projektu opiera si\u0119 na przekonaniu, \u017ce bezpo\u015bredni kontakt, rozmowa, \u0107wiczenia i rywalizacja sprzyjaj\u0105 zaanga\u017cowaniu s\u0142uchacza i anga\u017cuj\u0105 go do udzia\u0142u, dlatego zaplanowano nast\u0119puj\u0105ce dzia\u0142ania:<\/p>\n<ul>\n<li><a title=\"Kawiarnie naukowe\" href=\"https:\/\/pb.edu.pl\/science-kultura\/dzialania\/kawiarnie-naukowe\/\">Kawiarnie naukowe<\/a> organizowane na terenie uczelni oraz w mie\u015bcie (o\u015brodek kultury\/kawiarnia) spotkania popularnonaukowe i bran\u017cowe.<\/li>\n<li><a title=\"Science TEDx\" href=\"https:\/\/pb.edu.pl\/science-kultura\/dzialania\/science-tedx\/\">Science Challenge<\/a> \u2013 pokazy i wyst\u0105pienia naukowe prezentowane przez student\u00f3w i uczni\u00f3w w formie kr\u00f3tkich wyst\u0105pie\u0144.<\/li>\n<li><a title=\"Turnieje sportowe\" href=\"https:\/\/pb.edu.pl\/science-kultura\/dzialania\/turnieje-sportowe\/\">Turnieje sportowe<\/a> \u2013 zawody szachowe, turniej gier e-sportowych, turniej gry GO.<\/li>\n<\/ul>\n<p>Dzia\u0142anie te zostan\u0105 zorganizowane w okresie maksymalnie 18 miesi\u0119cy.<\/p>\n<p>&nbsp;<\/p>\n<div class=\"h2\">Grupa docelowa<\/div>\n<p>Odbiorcami projektu b\u0119d\u0105 studenci, pracownicy Politechniki Bia\u0142ostockiej, uczniowie szk\u00f3\u0142 oraz wszyscy inni odbiorcy zainteresowani nauk\u0105 i jej zastosowaniem.<br \/>\n&nbsp;<\/p>\n","protected":false},"excerpt":{"rendered":"<p>Projekt \u201eScience Kultura\u201d jest realizowany przez Wydzia\u0142 Informatyki Politechniki Bia\u0142ostockiej. Projekt wpisuje si\u0119 w tzw.<\/p>\n","protected":false},"author":2,"featured_media":0,"parent":0,"menu_order":1,"comment_status":"closed","ping_status":"closed","template":"","meta":{"_acf_changed":false,"ngg_post_thumbnail":0,"footnotes":""},"class_list":["post-1084","page","type-page","status-publish","hentry"],"acf":[],"_links":{"self":[{"href":"https:\/\/pb.edu.pl\/science-kultura\/wp-json\/wp\/v2\/pages\/1084","targetHints":{"allow":["GET"]}}],"collection":[{"href":"https:\/\/pb.edu.pl\/science-kultura\/wp-json\/wp\/v2\/pages"}],"about":[{"href":"https:\/\/pb.edu.pl\/science-kultura\/wp-json\/wp\/v2\/types\/page"}],"author":[{"embeddable":true,"href":"https:\/\/pb.edu.pl\/science-kultura\/wp-json\/wp\/v2\/users\/2"}],"replies":[{"embeddable":true,"href":"https:\/\/pb.edu.pl\/science-kultura\/wp-json\/wp\/v2\/comments?post=1084"}],"version-history":[{"count":0,"href":"https:\/\/pb.edu.pl\/science-kultura\/wp-json\/wp\/v2\/pages\/1084\/revisions"}],"wp:attachment":[{"href":"https:\/\/pb.edu.pl\/science-kultura\/wp-json\/wp\/v2\/media?parent=1084"}],"curies":[{"name":"wp","href":"https:\/\/api.w.org\/{rel}","templated":true}]}}