{"id":89,"date":"2021-01-22T09:51:47","date_gmt":"2021-01-22T08:51:47","guid":{"rendered":"https:\/\/pb.edu.pl\/rpkbialystok\/?page_id=89"},"modified":"2021-11-08T19:08:51","modified_gmt":"2021-11-08T18:08:51","slug":"czym-jest-horyzont-europa","status":"publish","type":"page","link":"https:\/\/pb.edu.pl\/rpkbialystok\/czym-jest-horyzont-europa\/","title":{"rendered":"Czym jest Horyzont Europa"},"content":{"rendered":"<div class=\"h2\"><img loading=\"lazy\" decoding=\"async\" class=\"aligncenter wp-image-61\" src=\"https:\/\/pb.edu.pl\/rpkbialystok\/wp-content\/uploads\/sites\/59\/2021\/01\/Horizon-Europe.jpg\" alt=\"Horizon Europe,\" width=\"640\" height=\"360\" srcset=\"https:\/\/pb.edu.pl\/rpkbialystok\/wp-content\/uploads\/sites\/59\/2021\/01\/Horizon-Europe.jpg 1280w, https:\/\/pb.edu.pl\/rpkbialystok\/wp-content\/uploads\/sites\/59\/2021\/01\/Horizon-Europe-300x169.jpg 300w, https:\/\/pb.edu.pl\/rpkbialystok\/wp-content\/uploads\/sites\/59\/2021\/01\/Horizon-Europe-1024x576.jpg 1024w, https:\/\/pb.edu.pl\/rpkbialystok\/wp-content\/uploads\/sites\/59\/2021\/01\/Horizon-Europe-768x432.jpg 768w\" sizes=\"auto, (max-width: 640px) 100vw, 640px\" \/><\/div>\n<div class=\"h2\">Program Ramowy Unii Europejskiej Horyzont Europa jest najwi\u0119kszym w historii Unii programem w zakresie bada\u0144 naukowych i innowacji. W ci\u0105gu 7 lat (2021\u20132027) na nowatorskie badania i innowacyjne rozwi\u0105zania przeznaczone zostanie \u0142\u0105cznie 95,5 mld euro.<\/div>\n<p>Struktura programu Horyzont Europa zosta\u0142a oparta na trzech zasadniczych, wzajemnie wspieraj\u0105cych si\u0119 filarach:<\/p>\n<ul class=\"type-chevron\">\n<li><a title=\"Strona otworzy si\u0119 w nowym oknie\" href=\"https:\/\/pb.edu.pl\/rpkbialystok\/horyzont-europa\/o-horyzoncie-europa\/znajdz-swoj-obszar-w-he\/filar-i-doskonala-baza-naukowa\/\" target=\"_blank\" rel=\"noopener\">Doskona\u0142a baza naukowa<\/a><\/li>\n<li><a title=\"Strona otworzy si\u0119 w nowym oknie\" href=\"https:\/\/pb.edu.pl\/rpkbialystok\/horyzont-europa\/o-horyzoncie-europa\/znajdz-swoj-obszar-w-he\/filar-ii-globalne-wyzwania-i-europejska-konkurencyjnosc-przemyslowa\/\" target=\"_blank\" rel=\"noopener\">Globalne wyzwania i europejska konkurencyjno\u015b\u0107 przemys\u0142owa<\/a><\/li>\n<li><a title=\"Strona otworzy si\u0119 w nowym oknie\" href=\"https:\/\/pb.edu.pl\/rpkbialystok\/horyzont-europa\/o-horyzoncie-europa\/znajdz-swoj-obszar-w-he\/innowacyjna-europa\/\" target=\"_blank\" rel=\"noopener\">Innowacyjna Europa<\/a><\/li>\n<\/ul>\n<p>uzupe\u0142nionych przez dodatkowy komponent:<\/p>\n<ul class=\"type-chevron\">\n<li><a title=\"Strona otworzy si\u0119 w nowym oknie\" href=\"https:\/\/pb.edu.pl\/rpkbialystok\/horyzont-europa\/o-horyzoncie-europa\/znajdz-swoj-obszar-w-he\/szersze-uczestnictwo-i-wzmacnianie-europejskiej-przestrzeni-badawczej\/\" target=\"_blank\" rel=\"noopener\">Szersze uczestnictwo i wzmacnianie Europejskiej Przestrzeni Badawczej<\/a><\/li>\n<\/ul>\n<p>oraz dzia\u0142ania <a title=\"Strona otworzy si\u0119 w nowym oknie\" href=\"https:\/\/pb.edu.pl\/rpkbialystok\/horyzont-europa\/o-horyzoncie-europa\/znajdz-swoj-obszar-w-he\/wspolne-centrum-badawcze-jrc\/\" target=\"_blank\" rel=\"noopener\">Wsp\u00f3lnego Centrum Badawczego<\/a>.<\/p>\n<p><img loading=\"lazy\" decoding=\"async\" class=\"aligncenter wp-image-264 size-full\" src=\"https:\/\/pb.edu.pl\/rpkbialystok\/wp-content\/uploads\/sites\/59\/2021\/02\/struktura-he_800x465.jpg\" alt=\"Struktura Horyzontu Europa\" width=\"800\" height=\"465\" srcset=\"https:\/\/pb.edu.pl\/rpkbialystok\/wp-content\/uploads\/sites\/59\/2021\/02\/struktura-he_800x465.jpg 800w, https:\/\/pb.edu.pl\/rpkbialystok\/wp-content\/uploads\/sites\/59\/2021\/02\/struktura-he_800x465-300x174.jpg 300w, https:\/\/pb.edu.pl\/rpkbialystok\/wp-content\/uploads\/sites\/59\/2021\/02\/struktura-he_800x465-768x446.jpg 768w\" sizes=\"auto, (max-width: 800px) 100vw, 800px\" \/><\/p>\n<p>Program Horyzont Europa b\u0119dzie promowa\u0107 doskona\u0142o\u015b\u0107 i zapewnia\u0107 cenne wsparcie najlepszym naukowcom i innowatorom, stymuluj\u0105c tym samym przemiany systemowe konieczne do zapewnienia, by Europa by\u0142a ekologiczna, zdrowa i odporna. B\u0119dzie stymulowa\u0107 doskona\u0142o\u015b\u0107 naukow\u0105 za po\u015brednictwem <a title=\"Strona otworzy si\u0119 w nowym oknie\" href=\"https:\/\/pb.edu.pl\/rpkbialystok\/horyzont-europa\/o-horyzoncie-europa\/znajdz-swoj-obszar-w-he\/filar-i-doskonala-baza-naukowa\/europejska-rada-ds-badan-naukowych\/\" target=\"_blank\" rel=\"noopener\"><strong>Europejskiej Rady ds. Bada\u0144 Naukowych<\/strong> <strong>(ERC)<\/strong><\/a>, tak by umo\u017cliwi\u0107 wybitnym naukowcom poszerzanie granic nauki i wiedzy, co pomo\u017ce sprosta\u0107 wyzwaniom gospodarczym i spo\u0142ecznym, przed kt\u00f3rymi stoi Europa. Stypendia i wymiany w ramach <a title=\"Strona otworzy si\u0119 w nowym oknie\" href=\"https:\/\/pb.edu.pl\/rpkbialystok\/horyzont-europa\/o-horyzoncie-europa\/znajdz-swoj-obszar-w-he\/filar-i-doskonala-baza-naukowa\/dzialania-marii-sklodowskiej-curie-msca\/\" target=\"_blank\" rel=\"noopener\"><strong>Dzia\u0142a\u0144 Marii Sk\u0142odowskiej-Curie (MSCA)<\/strong><\/a> pomog\u0105 najbardziej utalentowanym m\u0142odym naukowcom poszerza\u0107 wiedz\u0119 i umiej\u0119tno\u015bci, a Europa skorzysta z doradztwa naukowego, wsparcia technicznego i specjalnych bada\u0144 prowadzonych przez <a title=\"Strona otworzy si\u0119 w nowym oknie\" href=\"https:\/\/pb.edu.pl\/rpkbialystok\/horyzont-europa\/o-horyzoncie-europa\/znajdz-swoj-obszar-w-he\/wspolne-centrum-badawcze-jrc\/\" target=\"_blank\" rel=\"noopener\"><strong>Wsp\u00f3lne Centrum Badawcze (JRC)<\/strong><\/a>, s\u0142u\u017cb\u0119 naukow\u0105 Komisji Europejskiej.<\/p>\n<div class=\"h4\">Klastry, czyli wyzwania globalne<\/div>\n<p>Horyzont Europa b\u0119dzie r\u00f3wnie\u017c wspiera\u0107 badania oparte na wsp\u00f3\u0142pracy w zakresie wyzwa\u0144 spo\u0142ecznych, przed kt\u00f3rymi stoi Europa, oraz wzmacnia\u0107 potencja\u0142 technologiczny i przemys\u0142owy poprzez tematyczne grupy polityk (klastry) dotycz\u0105ce ca\u0142ego spektrum globalnych wyzwa\u0144. Na przyk\u0142ad za spraw\u0105 klastr\u00f3w <strong>\u201eKlimat, energia i mobilno\u015b\u0107\u201d<\/strong> oraz ;<a title=\"Strona otworzy si\u0119 w nowym oknie\" href=\"https:\/\/pb.edu.pl\/rpkbialystok\/horyzont-europa\/o-horyzoncie-europa\/znajdz-swoj-obszar-w-he\/filar-ii-globalne-wyzwania-i-europejska-konkurencyjnosc-przemyslowa\/klaster-4-technologie-cyfrowe-przemysl-i-przestrzen-kosmiczna-digital-industry-and-space\/\" target=\"_blank\" rel=\"noopener\">\u201e<strong>Technologie cyfrowe, przemys\u0142 i przestrze\u0144 kosmiczna\u201d<\/strong><\/a> zwi\u0119kszona zostanie skala bada\u0144 i innowacji w dziedzinach zwi\u0105zanych z klimatem, a przedsi\u0119biorstwa europejskie otrzymaj\u0105 dost\u0119p do potrzebnych im technologii i danych. W tym drugim przypadku nacisk zostanie po\u0142o\u017cony na badania kwantowe, co poprawi pozycj\u0119 Europy jako lidera w dziedzinie nauki i zwi\u0119kszy doskona\u0142o\u015b\u0107 w dziedzinie technologii kwantowych.<\/p>\n<p>Klaster <a title=\"Strona otworzy si\u0119 w nowym oknie\" href=\"https:\/\/pb.edu.pl\/rpkbialystok\/horyzont-europa\/o-horyzoncie-europa\/znajdz-swoj-obszar-w-he\/filar-ii-globalne-wyzwania-i-europejska-konkurencyjnosc-przemyslowa\/klaster-2-kultura-kreatywnosc-i-spoleczenstwo-integracyjne-culture-creativity-and-inclusive-society\/\" target=\"_blank\" rel=\"noopener\"><strong>\u201eKultura, kreatywno\u015b\u0107 i spo\u0142ecze\u0144stwo integracyjne\u201d<\/strong><\/a> zosta\u0142 wzmocniony w celu zagwarantowania wi\u0119kszego wsparcia dla bada\u0144 naukowych i innowacji w sektorach kultury i kreatywnym poprzez tworzenie przestrzeni wsp\u00f3\u0142pracy w zakresie dziedzictwa kulturowego oraz sztuki i nauk humanistycznych. Klaster <a title=\"Strona otworzy si\u0119 w nowym oknie\" href=\"https:\/\/pb.edu.pl\/rpkbialystok\/horyzont-europa\/o-horyzoncie-europa\/znajdz-swoj-obszar-w-he\/filar-ii-globalne-wyzwania-i-europejska-konkurencyjnosc-przemyslowa\/klaster-1-zdrowie-health\/\" target=\"_blank\" rel=\"noopener\"><strong>\u201eZdrowie\u201d<\/strong><\/a>&nbsp;pozwoli zaj\u0105\u0107 si\u0119 takimi wyzwaniami jak pandemia koronawirusa, rozszerzenie bada\u0144 klinicznych, innowacyjne \u015brodki ochronne, wirusologia, szczepionki, leczenie i diagnostyka oraz przek\u0142adanie wynik\u00f3w bada\u0144 na instrumenty polityki zdrowia publicznego.<\/p>\n<div class=\"h4\">Rozw\u00f3j potencja\u0142u badawczego<\/div>\n<p>Poniewa\u017c wiedza nie ma granic terytorialnych, program Horyzont Europa b\u0119dzie r\u00f3wnie\u017c zach\u0119ca\u0142 do wi\u0119kszego uczestnictwa, zmniejsza\u0142 luk\u0119 w zakresie bada\u0144 naukowych i innowacji oraz wzmacnia\u0142 <a href=\"https:\/\/www.kpk.gov.pl\/ke-przedstawila-nowa-era-europejska-przestrzen-badawcza\"><strong>Europejsk\u0105 Przestrze\u0144 Badawcz\u0105 (ERA)<\/strong><\/a>. Za pomoc\u0105 szerokiego wachlarza \u015brodk\u00f3w b\u0119dzie wspiera\u0142 kraje osi\u0105gaj\u0105ce gorsze wyniki w zakresie bada\u0144 naukowych i innowacji, a tak\u017ce stymulowa\u0142 tworzenie centr\u00f3w doskona\u0142o\u015bci, popraw\u0119 ich mo\u017cliwo\u015bci i nawi\u0105zywanie powi\u0105za\u0144 opartych na wsp\u00f3\u0142pracy.<\/p>\n<p>Ponadto Horyzont Europa wprowadza nowe inicjatywy, takie jak <a title=\"Strona otworzy si\u0119 w nowym oknie\" href=\"https:\/\/pb.edu.pl\/rpkbialystok\/horyzont-europa\/o-horyzoncie-europa\/znajdz-swoj-obszar-w-he\/innowacyjna-europa\/eic\/\" target=\"_blank\" rel=\"noopener\"><strong>Europejska Rada ds. Innowacji (EIC)<\/strong><\/a>. Zadaniem EIC jest wsparcie dla powstaj\u0105cych i prze\u0142omowych innowacji w rozpoczynaj\u0105cych dzia\u0142alno\u015b\u0107 oraz ma\u0142ych i \u015brednich przedsi\u0119biorstwach, a tak\u017ce w sp\u00f3\u0142kach o \u015bredniej kapitalizacji. Dzia\u0142alno\u015b\u0107 ta b\u0119dzie uzupe\u0142nieniem prac <a title=\"Strona otworzy si\u0119 w nowym oknie\" href=\"https:\/\/pb.edu.pl\/rpkbialystok\/horyzont-europa\/o-horyzoncie-europa\/znajdz-swoj-obszar-w-he\/innowacyjna-europa\/eic\/europejski-instytut-innowacji-i-technologii\/\" target=\"_blank\" rel=\"noopener\"><strong>Europejskiego Instytutu Innowacji i Technologii (EIT)<\/strong><\/a>. Ponadto dzi\u0119ki nawi\u0105zywaniu kontakt\u00f3w z regionalnymi i krajowymi innowatorami zostan\u0105 wzmocnione <a title=\"Strona otworzy si\u0119 w nowym oknie.\" href=\"https:\/\/pb.edu.pl\/rpkbialystok\/czym-jest-horyzont-europa\/innowacyjna-europa\/europejskie-ekosystemy-innowacji\/\" target=\"_blank\" rel=\"noopener\"><strong>europejskie ekosystemy innowacji<\/strong><\/a>.<\/p>\n<p>Nowym elementem w programie Horyzont Europa s\u0105 <a title=\"Strona otworzy si\u0119 w nowym oknie\" href=\"https:\/\/pb.edu.pl\/rpkbialystok\/horyzont-europa\/o-horyzoncie-europa\/misje-w-horyzont-europa\/\" target=\"_blank\" rel=\"noopener\"><strong>misje UE<\/strong><\/a>. Skupiaj\u0105 si\u0119 one na kwestiach, kt\u00f3re maj\u0105 wp\u0142yw na nasze codzienne \u017cycie \u2013 od walki z rakiem po przystosowanie si\u0119 do zmian klimatu, mieszkanie w bardziej ekologicznych miastach, ochron\u0119 w\u00f3d i ocean\u00f3w, czy te\u017c zapewnienie zdrowych gleb z my\u015bl\u0105 o zdrowej \u017cywno\u015bci, zdrowiu ludzi, o przyrodzie i klimacie.<\/p>\n<p>Drugim elementem, na kt\u00f3ry po\u0142o\u017cono nacisk w Horyzoncie Europa s\u0105 <a title=\"Strona otworzy si\u0119 w nowym oknie\" href=\"https:\/\/pb.edu.pl\/rpkbialystok\/horyzont-europa\/o-horyzoncie-europa\/partnerstwa-europejskie-w-he\/\" target=\"_blank\" rel=\"noopener\"><strong>partnerstwa europejskie<\/strong><\/a>. Obejmuj\u0105c swoim zakresem kluczowe obszary, takie jak energia, transport, bior\u00f3\u017cnorodno\u015b\u0107, zdrowie, \u017cywno\u015b\u0107 oraz obieg zamkni\u0119ty, usprawnione partnerstwa europejskie b\u0119d\u0105 zach\u0119ca\u0107 do szerokiego udzia\u0142u partner\u00f3w z sektor\u00f3w publicznego i prywatnego.<\/p>\n<div class=\"h4\">Wsp\u00f3\u0142praca i synergia<\/div>\n<p>Jednym z wa\u017cnych za\u0142o\u017ce\u0144 programu Horyzont Europa jest \u015bcis\u0142a wsp\u00f3\u0142praca z innymi programami i politykami UE, takimi jak InvestEU, Erasmus+, polityka sp\u00f3jno\u015bci UE, Cyfrowa Europa (Digital Europe), europejskie fundusze strukturalne i inwestycyjne, instrument \u0141\u0105cz\u0105c Europ\u0119 (Connecting Europe Facility \u2013 CEF) oraz Instrument na rzecz Odbudowy i Zwi\u0119kszania Odporno\u015bci. Ma to na celu wspieranie szybszego upowszechniania informacji na szczeblu krajowym i regionalnym oraz wykorzystanie wynik\u00f3w bada\u0144 naukowych i innowacji, a tak\u017ce popraw\u0119 skuteczno\u015bci samego programu.<\/p>\n<p><a title=\"Strona otworzy si\u0119 w nowym oknie\" href=\"https:\/\/eur-lex.europa.eu\/legal-content\/EN\/TXT\/PDF\/?uri=CONSIL:ST_14239_2020_INIT qid=1608624599580 from=EN\" target=\"_blank\" rel=\"noopener noreferrer\">Oficjalne dokumenty<\/a> programu Horyzont Europa.<\/p>\n<div class=\"h2\"><strong>Pozosta\u0142e programy<\/strong><\/div>\n<div class=\"h3\"><a title=\"Strona otworzy si\u0119 w nowym oknie\" href=\"https:\/\/pb.edu.pl\/rpkbialystok\/inne-programy\/euratom\/\" target=\"_blank\" rel=\"noopener\">EURATOM<\/a><\/div>\n<div class=\"h3\"><a title=\"Strona otworzy si\u0119 w nowym oknie\" href=\"https:\/\/pb.edu.pl\/rpkbialystok\/inne-programy\/inicjatywa-na-rzecz-innowacji-w-dziedzinie-zdrowia-ihi\/\" target=\"_blank\" rel=\"noopener\">IHI<\/a><\/div>\n<div class=\"h3\"><a title=\"Strona otworzy si\u0119 w nowym oknie\" href=\"https:\/\/pb.edu.pl\/rpkbialystok\/inne-programy\/euraxess\/\" target=\"_blank\" rel=\"noopener\">EURAXESS POLSKA<\/a><\/div>\n<div class=\"h3\"><a title=\"Strona otworzy si\u0119 w nowym oknie\" href=\"https:\/\/pb.edu.pl\/rpkbialystok\/inne-programy\/europejski-program-wspolpracy-w-dziedzinie-badan-naukowo-technicznych-cost\/\" target=\"_blank\" rel=\"noopener\">COST<\/a><\/div>\n","protected":false},"excerpt":{"rendered":"<p>Program Ramowy Unii Europejskiej Horyzont Europa jest najwi\u0119kszym w historii Unii programem w zakresie bada\u0144<\/p>\n","protected":false},"author":33,"featured_media":0,"parent":0,"menu_order":0,"comment_status":"closed","ping_status":"closed","template":"","meta":{"_acf_changed":false,"ngg_post_thumbnail":0,"footnotes":""},"class_list":["post-89","page","type-page","status-publish","hentry"],"acf":[],"_links":{"self":[{"href":"https:\/\/pb.edu.pl\/rpkbialystok\/wp-json\/wp\/v2\/pages\/89","targetHints":{"allow":["GET"]}}],"collection":[{"href":"https:\/\/pb.edu.pl\/rpkbialystok\/wp-json\/wp\/v2\/pages"}],"about":[{"href":"https:\/\/pb.edu.pl\/rpkbialystok\/wp-json\/wp\/v2\/types\/page"}],"author":[{"embeddable":true,"href":"https:\/\/pb.edu.pl\/rpkbialystok\/wp-json\/wp\/v2\/users\/33"}],"replies":[{"embeddable":true,"href":"https:\/\/pb.edu.pl\/rpkbialystok\/wp-json\/wp\/v2\/comments?post=89"}],"version-history":[{"count":0,"href":"https:\/\/pb.edu.pl\/rpkbialystok\/wp-json\/wp\/v2\/pages\/89\/revisions"}],"wp:attachment":[{"href":"https:\/\/pb.edu.pl\/rpkbialystok\/wp-json\/wp\/v2\/media?parent=89"}],"curies":[{"name":"wp","href":"https:\/\/api.w.org\/{rel}","templated":true}]}}