{"id":854,"date":"2021-11-08T19:06:08","date_gmt":"2021-11-08T18:06:08","guid":{"rendered":"https:\/\/pb.edu.pl\/rpkbialystok\/?page_id=854"},"modified":"2021-11-08T19:07:35","modified_gmt":"2021-11-08T18:07:35","slug":"europejskie-ekosystemy-innowacji","status":"publish","type":"page","link":"https:\/\/pb.edu.pl\/rpkbialystok\/czym-jest-horyzont-europa\/innowacyjna-europa\/europejskie-ekosystemy-innowacji\/","title":{"rendered":"Europejskie Ekosystemy Innowacji"},"content":{"rendered":"<p><img loading=\"lazy\" decoding=\"async\" class=\"aligncenter size-full wp-image-855\" src=\"https:\/\/pb.edu.pl\/rpkbialystok\/wp-content\/uploads\/sites\/59\/2021\/11\/EIE.jpg\" alt=\"\" width=\"1920\" height=\"960\" srcset=\"https:\/\/pb.edu.pl\/rpkbialystok\/wp-content\/uploads\/sites\/59\/2021\/11\/EIE.jpg 1920w, https:\/\/pb.edu.pl\/rpkbialystok\/wp-content\/uploads\/sites\/59\/2021\/11\/EIE-300x150.jpg 300w, https:\/\/pb.edu.pl\/rpkbialystok\/wp-content\/uploads\/sites\/59\/2021\/11\/EIE-1024x512.jpg 1024w, https:\/\/pb.edu.pl\/rpkbialystok\/wp-content\/uploads\/sites\/59\/2021\/11\/EIE-768x384.jpg 768w, https:\/\/pb.edu.pl\/rpkbialystok\/wp-content\/uploads\/sites\/59\/2021\/11\/EIE-1536x768.jpg 1536w\" sizes=\"auto, (max-width: 1920px) 100vw, 1920px\" \/><\/p>\n<h2>Celem Europejskich ekosystem\u00f3w innowacji (<em>European Innovation Ecosystems<\/em>&nbsp;\u2013 EIE) jest stworzenie bardziej po\u0142\u0105czonych i wydajnych ekosystem\u00f3w innowacji w Europie, aby wspiera\u0107 rozw\u00f3j przedsi\u0119biorstw, zach\u0119ca\u0107 do innowacji i stymulowa\u0107 wsp\u00f3\u0142prac\u0119 mi\u0119dzy krajowymi, regionalnymi i lokalnymi podmiotami zajmuj\u0105cymi si\u0119 innowacjami.<\/h2>\n<p>Europejskie ekosystemy innowacji b\u0119d\u0105 dzia\u0142a\u0107 na zasadzie komplementarno\u015bci i synergii z Europejsk\u0105 Rad\u0105 ds. Innowacji (EIC) i Europejskim Instytutem Innowacji i Technologii (EIT). EIE b\u0119d\u0105 wspiera\u0107 tak\u017ce dzia\u0142ania innowacyjne w ramach pozosta\u0142ych program\u00f3w Horyzont Europa, a tak\u017ce inne unijne programy finansowania w celu poprawy og\u00f3lnego ekosystemu innowacji w Europie.<\/p>\n<p>\u0141\u0105czny bud\u017cet EIE wynosi 0,5 mld euro.<\/p>\n<h3>Podstawowe obszary dzia\u0142ania EIE:<\/h3>\n<ul class=\"type-check\">\n<li>Budowa wzajemnie po\u0142\u0105czonych ekosystem\u00f3w innowacji w ca\u0142ej Europie, czerpi\u0105c z dobrych do\u015bwiadcze\u0144 ekosystem\u00f3w krajowych, regionalnych i lokalnych oraz pozyskuj\u0105c nowe, s\u0142abiej reprezentowane podmioty i terytoria w celu realizacji wyzwa\u0144 kluczowych dla spo\u0142ecze\u0144stwa, m.in. w zakresie realizacji za\u0142o\u017ce\u0144 Europejskiego Zielonego \u0141adu czy przemian cyfrowych i spo\u0142ecznych.<\/li>\n<li>Wzmocnienie wsp\u00f3\u0142dzia\u0142ania ekosystem\u00f3w innowacji, aby przyspieszy\u0107 zr\u00f3wnowa\u017cony rozw\u00f3j biznesu o wysokiej warto\u015bci spo\u0142ecznej.<\/li>\n<li>Wsparcie europejskie partnerstw na rzecz innowacyjnych M\u015aP.<\/li>\n<li>Wsparcie Europejskiego Funduszu Rozwoju Regionalnego na rzecz ekosystem\u00f3w innowacji i partnerstw mi\u0119dzyregionalnych.<\/li>\n<\/ul>\n<h3>Konkursy EIE adresowane s\u0105 do szerokiego kr\u0119gu odbiorc\u00f3w. O dofinansowane mog\u0105 ubiega\u0107 si\u0119 m.in.:<\/h3>\n<ul class=\"type-chevron\">\n<li>akceleratory i inkubatory przedsi\u0119biorczo\u015bci, stowarzyszenia skupiaj\u0105ce innowacyjne firmy,<\/li>\n<li>krajowe, regionalne i lokalne jednostki publiczne zajmuj\u0105ce si\u0119 rozwojem przedsi\u0119biorczo\u015bci,<\/li>\n<li>krajowe i regionalne jednostki publiczne zajmuj\u0105ce si\u0119 rozwojem innowacji,<\/li>\n<li>centra transferu technologii,<\/li>\n<li>jednostki akademickie, uniwersytety, politechniki,<\/li>\n<li>przedsi\u0119biorstwa: du\u017ce, M\u015aP, w tym startupy.<\/li>\n<\/ul>\n<p>Pe\u0142ny przegl\u0105d konkurs\u00f3w EIE znajduje si\u0119 w&nbsp;<a title=\"Strona otworzy si\u0119 w nowym oknie.\" href=\"https:\/\/ec.europa.eu\/info\/funding-tenders\/opportunities\/docs\/2021-2027\/horizon\/wp-call\/2021-2022\/wp-10-european-innovation-ecosystems_horizon-2021-2022_en.pdf\" target=\"_blank\" rel=\"noopener noreferrer\">Work Programme 2021-2022<\/a>.<\/p>\n","protected":false},"excerpt":{"rendered":"<p>Celem Europejskich ekosystem\u00f3w innowacji (European Innovation Ecosystems&nbsp;\u2013 EIE) jest stworzenie bardziej po\u0142\u0105czonych i wydajnych ekosystem\u00f3w<\/p>\n","protected":false},"author":33,"featured_media":0,"parent":122,"menu_order":0,"comment_status":"closed","ping_status":"closed","template":"","meta":{"_acf_changed":false,"ngg_post_thumbnail":0,"footnotes":""},"class_list":["post-854","page","type-page","status-publish","hentry"],"acf":[],"_links":{"self":[{"href":"https:\/\/pb.edu.pl\/rpkbialystok\/wp-json\/wp\/v2\/pages\/854","targetHints":{"allow":["GET"]}}],"collection":[{"href":"https:\/\/pb.edu.pl\/rpkbialystok\/wp-json\/wp\/v2\/pages"}],"about":[{"href":"https:\/\/pb.edu.pl\/rpkbialystok\/wp-json\/wp\/v2\/types\/page"}],"author":[{"embeddable":true,"href":"https:\/\/pb.edu.pl\/rpkbialystok\/wp-json\/wp\/v2\/users\/33"}],"replies":[{"embeddable":true,"href":"https:\/\/pb.edu.pl\/rpkbialystok\/wp-json\/wp\/v2\/comments?post=854"}],"version-history":[{"count":0,"href":"https:\/\/pb.edu.pl\/rpkbialystok\/wp-json\/wp\/v2\/pages\/854\/revisions"}],"up":[{"embeddable":true,"href":"https:\/\/pb.edu.pl\/rpkbialystok\/wp-json\/wp\/v2\/pages\/122"}],"wp:attachment":[{"href":"https:\/\/pb.edu.pl\/rpkbialystok\/wp-json\/wp\/v2\/media?parent=854"}],"curies":[{"name":"wp","href":"https:\/\/api.w.org\/{rel}","templated":true}]}}