{"id":838,"date":"2021-11-03T15:12:22","date_gmt":"2021-11-03T14:12:22","guid":{"rendered":"https:\/\/pb.edu.pl\/rpkbialystok\/?page_id=838"},"modified":"2025-06-24T13:00:51","modified_gmt":"2025-06-24T11:00:51","slug":"rejestracja-horyzont-europa-w-pigulce-18-11-2021","status":"publish","type":"page","link":"https:\/\/pb.edu.pl\/rpkbialystok\/rejestracja-horyzont-europa-w-pigulce-18-11-2021\/","title":{"rendered":"Rejestracja Horyzont Europa w pigu\u0142ce 18.11.2021"},"content":{"rendered":"<p><img loading=\"lazy\" decoding=\"async\" class=\"aligncenter wp-image-61 size-large\" src=\"https:\/\/pb.edu.pl\/rpkbialystok\/wp-content\/uploads\/sites\/59\/2021\/01\/Horizon-Europe-1024x576.jpg\" alt=\"Horizon Europe,\" width=\"1024\" height=\"576\" srcset=\"https:\/\/pb.edu.pl\/rpkbialystok\/wp-content\/uploads\/sites\/59\/2021\/01\/Horizon-Europe-1024x576.jpg 1024w, https:\/\/pb.edu.pl\/rpkbialystok\/wp-content\/uploads\/sites\/59\/2021\/01\/Horizon-Europe-300x169.jpg 300w, https:\/\/pb.edu.pl\/rpkbialystok\/wp-content\/uploads\/sites\/59\/2021\/01\/Horizon-Europe-768x432.jpg 768w, https:\/\/pb.edu.pl\/rpkbialystok\/wp-content\/uploads\/sites\/59\/2021\/01\/Horizon-Europe.jpg 1280w\" sizes=\"auto, (max-width: 1024px) 100vw, 1024px\" \/><\/p>\n<h2>Regionalny Punkt Kontaktowy Program\u00f3w Badawczych UE &#8211; RPK Bia\u0142ystok, dzia\u0142aj\u0105cy przy Politechnice Bia\u0142ostockiej serdecznie zaprasza na spotkanie pt. <i><b>Horyzont Europa w pigu\u0142ce.<\/b><\/i><\/h2>\n<h3>Celem spotkania jest przekazanie podstawowych informacji o kolejnym Programie Ramowym Unii Europejskiej na badania i innowacje &#8211; Horyzoncie Europa, element\u00f3w wniosku o dofinansowanie, gdzie i jak szuka\u0107 konkurs\u00f3w oraz dlaczego warto zosta\u0107 ekspertem KE.<\/h3>\n<div><strong>Dla kogo:<\/strong> Szkolenie skierowane jest przede wszystkim do pracownik\u00f3w Uczelni wy\u017cszych i instytucji badawczych z wojew\u00f3dztwa podlaskiego.<\/div>\n<div><strong>Termin: <\/strong>18.11.2021 godz. 11:00-11:45<\/div>\n<div><b>Miejsce spotkania: <\/b>spotkanie organizowane w formie online na platformie Teams<\/div>\n<p><strong>Rejestracja trwa do 16.11.2021 r. poprzez poni\u017cszy formularz:<\/strong><\/p>\n<p>Rejestracja zako\u0144czona.<\/p>\n","protected":false},"excerpt":{"rendered":"<p>Regionalny Punkt Kontaktowy Program\u00f3w Badawczych UE &#8211; RPK Bia\u0142ystok, dzia\u0142aj\u0105cy przy Politechnice Bia\u0142ostockiej serdecznie zaprasza<\/p>\n","protected":false},"author":2,"featured_media":0,"parent":0,"menu_order":0,"comment_status":"closed","ping_status":"closed","template":"","meta":{"_acf_changed":false,"ngg_post_thumbnail":0,"footnotes":""},"class_list":["post-838","page","type-page","status-publish","hentry"],"acf":[],"_links":{"self":[{"href":"https:\/\/pb.edu.pl\/rpkbialystok\/wp-json\/wp\/v2\/pages\/838","targetHints":{"allow":["GET"]}}],"collection":[{"href":"https:\/\/pb.edu.pl\/rpkbialystok\/wp-json\/wp\/v2\/pages"}],"about":[{"href":"https:\/\/pb.edu.pl\/rpkbialystok\/wp-json\/wp\/v2\/types\/page"}],"author":[{"embeddable":true,"href":"https:\/\/pb.edu.pl\/rpkbialystok\/wp-json\/wp\/v2\/users\/2"}],"replies":[{"embeddable":true,"href":"https:\/\/pb.edu.pl\/rpkbialystok\/wp-json\/wp\/v2\/comments?post=838"}],"version-history":[{"count":0,"href":"https:\/\/pb.edu.pl\/rpkbialystok\/wp-json\/wp\/v2\/pages\/838\/revisions"}],"wp:attachment":[{"href":"https:\/\/pb.edu.pl\/rpkbialystok\/wp-json\/wp\/v2\/media?parent=838"}],"curies":[{"name":"wp","href":"https:\/\/api.w.org\/{rel}","templated":true}]}}