{"id":80,"date":"2021-01-15T15:36:57","date_gmt":"2021-01-15T14:36:57","guid":{"rendered":"https:\/\/pb.edu.pl\/rpkbialystok\/?page_id=80"},"modified":"2021-02-10T13:13:28","modified_gmt":"2021-02-10T12:13:28","slug":"oferta-sieci-kpk","status":"publish","type":"page","link":"https:\/\/pb.edu.pl\/rpkbialystok\/o-nas\/oferta-sieci-kpk\/","title":{"rendered":"Oferta sieci KPK"},"content":{"rendered":"<p><img loading=\"lazy\" decoding=\"async\" class=\"aligncenter size-full wp-image-71\" src=\"https:\/\/pb.edu.pl\/rpkbialystok\/wp-content\/uploads\/sites\/59\/2021\/01\/siec-kpk.png\" alt=\"\" width=\"449\" height=\"112\" srcset=\"https:\/\/pb.edu.pl\/rpkbialystok\/wp-content\/uploads\/sites\/59\/2021\/01\/siec-kpk.png 449w, https:\/\/pb.edu.pl\/rpkbialystok\/wp-content\/uploads\/sites\/59\/2021\/01\/siec-kpk-300x75.png 300w\" sizes=\"auto, (max-width: 449px) 100vw, 449px\" \/><\/p>\n<p>Zesp\u00f3\u0142 Sieci KPK to kilkudziesi\u0119ciu wysokiej klasy ekspert\u00f3w z najwi\u0119kszych o\u015brodk\u00f3w akademickich, Polskich Platform Technologicznych i kluczowych klastr\u00f3w posiadaj\u0105cych wiedz\u0119 z zakresu program\u00f3w sektorowych, jak i budowy konsorcj\u00f3w, prowadzenia negocjacji, przygotowania wniosk\u00f3w projektowych, lobbingu, koordynacji i rozlicze\u0144 formalno-finansowych projekt\u00f3w. W zakresie naszego wsparcia jest r\u00f3wnie\u017c pomoc w rozwi\u0105zywaniu problem\u00f3w prawnych, w\u0142asno\u015bci intelektualnej, pozyskania kredyt\u00f3w i uczestnictwa w dedykowanych programach rozwoju technologii bazuj\u0105cych na partnerstwie publiczno-prywatnym.<\/p>\n<h3>G\u0142\u00f3wne zadania Sieci KPK:<\/h3>\n<ul>\n<li><strong>Dzia\u0142ania informacyjne<\/strong>, w tym: dni informacyjne, kt\u00f3rych celem jest przekazanie podstawowych informacji na temat programu HORYZONT EUROPA, zasad uczestnictwa, aktualnych konkurs\u00f3w w poszczeg\u00f3lnych obszarach tematycznych oraz innych mo\u017cliwo\u015bci wsparcia bada\u0144 i innowacji; prowadzenie krajowego portalu informacyjnego HE oraz portali regionalnych; dost\u0119pnianie materia\u0142\u00f3w informacyjnych i szkoleniowych.<\/li>\n<li><strong>Dzia\u0142ania szkoleniowe<\/strong>, w tym: szkolenia\/warsztaty tematyczne \u2013 m.in. z zasad przygotowywania i sk\u0142adania wniosk\u00f3w, aspekt\u00f3w finansowych i prawnych, zagadnie\u0144 ochrony praw w\u0142asno\u015bci intelektualnej, zarz\u0105dzania i rozliczania projekt\u00f3w; szkolenia dedykowane \u2013 spotkania dopasowane do potrzeb grup odbiorc\u00f3w zainteresowanych wybranymi zagadnieniami zwi\u0105zanymi z mo\u017cliwo\u015bci\u0105 uczestnictwa w programie HORYZONCIE EUROPA.<\/li>\n<li><strong>Dzia\u0142ania mentoringowe<\/strong> \u2212 wielotorowe dzia\u0142ania wspieraj\u0105ce o charakterze informacyjno-szkoleniowo-doradczym, dopasowane do indywidualnych potrzeb i mo\u017cliwo\u015bci poszczeg\u00f3lnych zespo\u0142\u00f3w, okre\u015blone w czasie i oparte na identyfikacji kluczowych obszar\u00f3w zainteresowania. Ich celem b\u0119dzie osi\u0105gni\u0119cie przez zesp\u00f3\u0142 gotowo\u015bci do podj\u0119cia aktywnego uczestnictwa w inicjatywach Programu Ramowego HORYZONT EUROPA.<\/li>\n<li><strong>Dzia\u0142ania konsultacyjne<\/strong>, w tym: indywidualne konsultacje realizowane drog\u0105 telefoniczn\u0105, e-mailow\u0105 oraz bezpo\u015brednio podczas spotka\u0144, w zakresie wszystkich zapyta\u0144 dotycz\u0105cych i realizacji projekt\u00f3w w ramach programu HORYZONT EUROPA; konsultacje wniosk\u00f3w projektowych przygotowywanych w ramach konkurs\u00f3w programu HORYZONT EUROPA.<\/li>\n<li><strong>Po\u015bredniczenie w poszukiwaniu partner\u00f3w<\/strong>, a tak\u017ce prowadzenie bazy ofert wsp\u00f3\u0142pracy.<\/li>\n<\/ul>\n<h3><span style=\"text-decoration: underline\">Koordynator Sieci KPK<\/span><\/h3>\n<h4 class=\"item-headline\">NCBR | DZIA\u0141 KRAJOWY PUNKT KONTAKTOWY<\/h4>\n<p>ul. Nowogrodzka 47a<br \/>\n00-695 Warszawa<br \/>\n<a title=\"Strona otworzy si\u0119 w nowym oknie\" href=\"http:\/\/www.kpk.gov.pl\" target=\"_blank\" rel=\"noopener\">www.kpk.gov.pl<\/a><\/p>\n<h5>Joanna Niedzia\u0142ek<\/h5>\n<p>tel. kom: +48 795 101 046<br \/>\n<a title=\"Strona otworzy si\u0119 w nowym oknie\" href=\"mailto:joanna.niedzialek@ncbr.gov.pl\" target=\"_blank\" rel=\"noopener\">joanna.niedzialek@ncbr.gov.pl<\/a><\/p>\n<h3><span style=\"text-decoration: underline\">Regionalne Konsorcja Punkt\u00f3w Kontaktowych \u2013 Koordynatorzy:<\/span><\/h3>\n<h4 class=\"item-headline\">Region \u0141\u00f3dzki (woj. \u0142\u00f3dzkie) &#8211; Uniwersytet \u0141\u00f3dzki<\/h4>\n<p>ul. POW 3\/5, pok\u00f3j C13<br \/>\n90-255 \u0141\u00f3d\u017a<br \/>\n<a title=\"Strona otworzy si\u0119 w nowym oknie\" href=\"http:\/\/www.regionalny.uni.lodz.pl\" target=\"_blank\" rel=\"noopener\">www.regionalny.uni.lodz.pl<\/a><\/p>\n<h5>mgr Jolanta Pacura<\/h5>\n<p>Koordynator RPK<br \/>\ntel: +48 42 635 52 61<br \/>\n<a title=\"Strona otworzy si\u0119 w nowym oknie\" href=\"mailto:jpacura@uni.lodz.pl\" target=\"_blank\" rel=\"noopener\">jpacura@uni.lodz.pl<\/a><\/p>\n<h4>Region Podlaski (woj. podlaskie) Politechnika Bia\u0142ostocka, Biuro ds. Rozwoju i Program\u00f3w Mi\u0119dzynarodowych<\/h4>\n<p>ul. Wiejska 45A, pok. 17 B<br \/>\n15-351 Bia\u0142ystok<br \/>\n<a title=\"Strona otworzy si\u0119 w nowym oknie\" href=\"http:\/\/www.rpkbialystok.pb.edu.pl\" target=\"_blank\" rel=\"noopener\">www.rpkbialystok.pb.edu.pl<\/a><\/p>\n<h5>Daniel Puch<\/h5>\n<p>Koordynator RPK<br \/>\ntel: +48 85 746 93 37<br \/>\n<a title=\"Strona otworzy si\u0119 w nowym oknie\" href=\"mailto:d.puch@pb.edu.pl\" target=\"_blank\" rel=\"noopener\">d.puch@pb.edu.pl<\/a><\/p>\n<h4>Region Po\u0142udniowy (woj. ma\u0142opolskie, podkarpackie) Politechnika Krakowska, Centrum Transferu Technologii (CTT PK)<\/h4>\n<p>ul. Warszawska 24<br \/>\n31-155 Krak\u00f3w<br \/>\n<a title=\"Strona otworzy si\u0119 w nowym oknie\" href=\"http:\/\/www.transfer.edu.pl\/rpk\" target=\"_blank\" rel=\"noopener\">www.transfer.edu.pl\/rpk<\/a><\/p>\n<h5>Anna Armu\u0142a<\/h5>\n<p>(Koordynacja konsorcjum) Og\u00f3lna informacja o Horyzoncie Europa, realizacja projekt\u00f3w z H2020, sprawy finansowe<br \/>\ntel: +48 12 628 26 60<br \/>\n<a title=\"Strona otworzy si\u0119 w nowym oknie\" href=\"mailto:aarmula@transfer.edu.pl\" target=\"_blank\" rel=\"noopener\">aarmula@transfer.edu.pl<\/a><\/p>\n<h4>Region Po\u0142udniowo-Zachodni (woj. dolno\u015bl\u0105skie) Politechnika Wroc\u0142awska, Wroc\u0142awskie Centrum Transferu Technologii<\/h4>\n<p>ul. Smoluchowskiego 48 (Budynek B-11)<br \/>\n50-372 Wroc\u0142aw<br \/>\n<a title=\"Strona otworzy si\u0119 w nowym oknie\" href=\"http:\/\/www.rpk.wroclaw.pl\" target=\"_blank\" rel=\"noopener\">www.rpk.wroclaw.pl<\/a><\/p>\n<h5>Katarzyna Bany\u015b<\/h5>\n<p>Konsultant ds. programu Horyzont Europa<br \/>\ntel: +48 71 320 21 89<br \/>\n<a title=\"Strona otworzy si\u0119 w nowym oknie\" href=\"mailto:katarzyna.banys@wctt.pl\" target=\"_blank\" rel=\"noopener\">katarzyna.banys@wctt.pl<\/a><\/p>\n<h4>Region P\u00f3\u0142nocny (woj. pomorskie, kujawsko-pomorskie) POLITECHNIKA GDA\u0143SKA<\/h4>\n<p>ul. G. Narutowicza 11\/12<br \/>\n80-233 Gda\u0144sk<br \/>\n<a title=\"Strona otworzy si\u0119 w nowym oknie\" href=\"http:\/\/www.rpkgdansk.pl\" target=\"_blank\" rel=\"noopener\">www.rpkgdansk.pl<\/a><\/p>\n<h5>Renata Downar-Zapolska<\/h5>\n<p>Kierownik Regionalnego Punktu Kontaktowego<br \/>\ntel: +48 58 347 24 12<br \/>\n<a title=\"Strona otworzy si\u0119 w nowym oknie\" href=\"mailto:proeuro@pg.gda.pl\" target=\"_blank\" rel=\"noopener\">proeuro@pg.gda.pl<\/a><br \/>\n<a title=\"Strona otworzy si\u0119 w nowym oknie\" href=\"mailto:rdzap@pg.gda.pl\" target=\"_blank\" rel=\"noopener\">rdzap@pg.gda.pl<\/a><\/p>\n<h4>Region P\u00f3\u0142nocno-Wschodni (woj. warmi\u0144sko-mazurskie) Uniwersytet Warmi\u0144sko-Mazurski w Olsztynie, Biuro ds. Wsp\u00f3\u0142pracy Mi\u0119dzynarodowej<\/h4>\n<p>ul. M. Oczapowskiego 2<br \/>\n10-719 Olsztyn<br \/>\n<a title=\"Strona otworzy si\u0119 w nowym oknie\" href=\"http:\/\/www.uwm.edu.pl\/rpk\" target=\"_blank\" rel=\"noopener\">www.uwm.edu.pl\/rpk<\/a><\/p>\n<h5>mgr in\u017c. Agnieszka Murzec-Wojnar<\/h5>\n<p>Koordynator RPK, aspekty finansowe<br \/>\ntel: +48 89 523 34 67<br \/>\ntel: +48 89 524 04 94<br \/>\n<a title=\"Strona otworzy si\u0119 w nowym oknie\" href=\"mailto:Agnieszka.Murzec@uwm.edu.pl\" target=\"_blank\" rel=\"noopener\">Agnieszka.Murzec@uwm.edu.pl<\/a><\/p>\n<h4>Region P\u00f3\u0142nocno-Zachodni (woj. zachodniopomorskie) Zachodniopomorski Uniwersytet Technologiczny w Szczecinie, Regionalne Centrum Innowacji i Transferu Technologii<\/h4>\n<p>ul. Jagiello\u0144ska 20-21<br \/>\n70-363 Szczecin<br \/>\n<a title=\"Strona otworzy si\u0119 w nowym oknie\" href=\"http:\/\/www.rpk.szczecin.pl\" target=\"_blank\" rel=\"noopener\">www.rpk.szczecin.pl<\/a><\/p>\n<h5>Angelika \u0141ysiak<\/h5>\n<p>Kierownik Regionalnego Punktu Kontaktowego Program\u00f3w Badawczych UE<br \/>\ntel: +48 91 449 47 23<br \/>\n<a title=\"Strona otworzy si\u0119 w nowym oknie\" href=\"mailto:alysiak@zut.edu.pl\" target=\"_blank\" rel=\"noopener\">alysiak@zut.edu.pl<\/a><\/p>\n<h4>Region \u015al\u0105ski (woj. \u015bl\u0105skie i opolskie) Politechnika \u015al\u0105ska, Centrum Zarz\u0105dzania Projektami, Biuro Obs\u0142ugi Projekt\u00f3w Mi\u0119dzynarodowych<\/h4>\n<p>ul. Banacha 10<br \/>\n44 -100 Gliwice<br \/>\n<a title=\"Strona otworzy si\u0119 w nowym oknie\" href=\"http:\/\/www.rpk.polsl.pl\" target=\"_blank\" rel=\"noopener\">www.rpk.polsl.pl<\/a><\/p>\n<h5>Katarzyna Markiewicz-\u015aliwa<\/h5>\n<p>Kierownik Biura Obs\u0142ugi Projekt\u00f3w Europejskich<br \/>\ntel: +48 32 237 19 98<br \/>\ntel: +48 32 237 20 92<br \/>\n<a title=\"Strona otworzy si\u0119 w nowym oknie\" href=\"mailto:Katarzyna.Markiewicz-Sliwa@polsl.pl\" target=\"_blank\" rel=\"noopener\">Katarzyna.Markiewicz-Sliwa@polsl.pl<\/a><\/p>\n<h4>Region Wschodni (woj. lubelskie, \u015bwi\u0119tokrzyskie) Instytut Agrofizyki im. Bohdana Dobrza\u0144skiego Polskiej Akademii Nauk<\/h4>\n<p>ul. Do\u015bwiadczalna 4<br \/>\n20-290 Lublin<br \/>\n<a title=\"Strona otworzy si\u0119 w nowym oknie\" href=\"http:\/\/www.rpklublin.pl\" target=\"_blank\" rel=\"noopener\">www.rpklublin.pl<\/a><\/p>\n<h5>dr in\u017c. Andrzej St\u0119pniewski<\/h5>\n<p>Koordynator Regionalnego Punktu Kontaktowego<br \/>\ntel: 81 744 50 61 w. 169<br \/>\n<a title=\"Strona otworzy si\u0119 w nowym oknie\" href=\"mailto:astep@ipan.lublin.pl\" target=\"_blank\" rel=\"noopener\">astep@ipan.lublin.pl<\/a><\/p>\n<h4>Region Zachodni (woj. wielkopolskie i lubuskie) Pozna\u0144ski Park Naukowo-Technologiczny Fundacji Uniwersytetu im. Adama Mickiewicza w Poznaniu<\/h4>\n<p>ul. Rubie\u017c 46<br \/>\n61-612 Pozna\u0144<br \/>\n<a title=\"Strona otworzy si\u0119 w nowym oknie\" href=\"http:\/\/rpk.ppnt.poznan.pl\" target=\"_blank\" rel=\"noopener\">rpk.ppnt.poznan.pl<\/a><\/p>\n<h5>Joanna Bosiacka-Kniat<\/h5>\n<p>Kierownik RPK<br \/>\ntel: +48 61 827 97 68<br \/>\n<a title=\"Strona otworzy si\u0119 w nowym oknie\" href=\"mailto:joanna.kniat@ppnt.poznan.pl\" target=\"_blank\" rel=\"noopener\">joanna.kniat@ppnt.poznan.pl<\/a><\/p>\n","protected":false},"excerpt":{"rendered":"<p>Zesp\u00f3\u0142 Sieci KPK to kilkudziesi\u0119ciu wysokiej klasy ekspert\u00f3w z najwi\u0119kszych o\u015brodk\u00f3w akademickich, Polskich Platform Technologicznych<\/p>\n","protected":false},"author":33,"featured_media":0,"parent":27,"menu_order":0,"comment_status":"closed","ping_status":"closed","template":"","meta":{"_acf_changed":false,"ngg_post_thumbnail":0,"footnotes":""},"class_list":["post-80","page","type-page","status-publish","hentry"],"acf":[],"_links":{"self":[{"href":"https:\/\/pb.edu.pl\/rpkbialystok\/wp-json\/wp\/v2\/pages\/80","targetHints":{"allow":["GET"]}}],"collection":[{"href":"https:\/\/pb.edu.pl\/rpkbialystok\/wp-json\/wp\/v2\/pages"}],"about":[{"href":"https:\/\/pb.edu.pl\/rpkbialystok\/wp-json\/wp\/v2\/types\/page"}],"author":[{"embeddable":true,"href":"https:\/\/pb.edu.pl\/rpkbialystok\/wp-json\/wp\/v2\/users\/33"}],"replies":[{"embeddable":true,"href":"https:\/\/pb.edu.pl\/rpkbialystok\/wp-json\/wp\/v2\/comments?post=80"}],"version-history":[{"count":0,"href":"https:\/\/pb.edu.pl\/rpkbialystok\/wp-json\/wp\/v2\/pages\/80\/revisions"}],"up":[{"embeddable":true,"href":"https:\/\/pb.edu.pl\/rpkbialystok\/wp-json\/wp\/v2\/pages\/27"}],"wp:attachment":[{"href":"https:\/\/pb.edu.pl\/rpkbialystok\/wp-json\/wp\/v2\/media?parent=80"}],"curies":[{"name":"wp","href":"https:\/\/api.w.org\/{rel}","templated":true}]}}