{"id":394,"date":"2021-04-20T11:08:44","date_gmt":"2021-04-20T09:08:44","guid":{"rendered":"https:\/\/pb.edu.pl\/rpkbialystok\/?page_id=394"},"modified":"2022-01-21T13:33:49","modified_gmt":"2022-01-21T12:33:49","slug":"finanse","status":"publish","type":"page","link":"https:\/\/pb.edu.pl\/rpkbialystok\/zasady-he\/zasady\/finanse\/","title":{"rendered":"Zasady finansowe"},"content":{"rendered":"<h4 style=\"text-align: left\"><strong>JAKIEGO TYPU KOSZTY WYST\u0118PUJ\u0104 W PROJEKTACH?<\/strong><\/h4>\n<p style=\"text-align: left\"><strong>Koszty bezpo\u015brednie<\/strong>&nbsp;s\u0105 to koszty poniesione bezpo\u015brednio w zwi\u0105zku z realizacj\u0105 projektu, np. wynagrodzenia personelu zatrudnionego do wykonania poszczeg\u00f3lnych zada\u0144, koszty podr\u00f3\u017cy, materia\u0142\u00f3w, zakupu sprz\u0119tu itp.<\/p>\n<p style=\"text-align: left\"><strong>Koszty po\u015brednie<\/strong>&nbsp;s\u0105 to koszty og\u00f3lne funkcjonowania jednostki&nbsp; zwi\u0105zane z&nbsp; realizacj\u0105 danego projektu, np. koszty administracji i zarz\u0105dzania, wynaj\u0119cia lub amortyzacji budynk\u00f3w i aparatury, us\u0142ug telekomunikacyjnych i pocztowych, wody, elektryczno\u015bci, ogrzewania, ubezpieczenia, wyposa\u017cenia biurowego, zatrudnienia personelu administracyjnego itp.<\/p>\n<h4 style=\"text-align: left\"><strong>JAKA JEST WYSOKO\u015a\u0106 KOSZT\u00d3W PO\u015aREDNICH?<\/strong><\/h4>\n<p style=\"text-align: left\">W odniesieniu do koszt\u00f3w po\u015brednich w Horyzoncie Europa stosuje si\u0119 stawk\u0119 zrycza\u0142towan\u0105. Wysoko\u015b\u0107 koszt\u00f3w po\u015brednich wynosi&nbsp;<strong>25%.<\/strong><\/p>\n<p style=\"text-align: left\">Przy kalkulacji koszt\u00f3w po\u015brednich nie s\u0105 brane pod uwag\u0119 nast\u0119puj\u0105ce koszty:<\/p>\n<ul style=\"text-align: left\">\n<li>podwykonawstwo;<\/li>\n<li>wk\u0142ady niepieni\u0119\u017cne udost\u0119pnione przez strony trzecie, kt\u00f3re nie s\u0105 wykorzystywane na terenie beneficjenta;<\/li>\n<li>koszty zapewnienia wsparcia finansowego stronom trzecim;<\/li>\n<li>Specyficzne koszty jednostkowe pokrywaj\u0105ce koszty bezpo\u015brednie i po\u015brednie (<em>&nbsp;access costs for providing trans-national access to research infrastructure, costs of energy efficiency measures in buildings, costs for clinical studies).<\/em><\/li>\n<\/ul>\n<p style=\"text-align: left\">W przypadku audytu KE beneficjent b\u0119dzie musia\u0142 przedstawi\u0107 dokumenty potwierdzaj\u0105ce, \u017ce koszty bezpo\u015brednie, do kt\u00f3rych stawka zrycza\u0142towana zosta\u0142a zastosowana, s\u0105 kwalifikowalne. Wysoko\u015b\u0107 rzeczywi\u015bcie poniesionych koszt\u00f3w po\u015brednich nie b\u0119dzie w tej sytuacji sprawdzana.<\/p>\n<h4 style=\"text-align: left\"><strong>CZY VAT JEST KOSZTEM KWALIFIKOWALNYM?<\/strong><\/h4>\n<p style=\"text-align: left\">Nie jest kosztem kwalifikowalnym VAT, kt\u00f3ry zgodnie z krajowymi przepisami jest odzyskiwalny.<\/p>\n<p style=\"text-align: left\">Jednak VAT, kt\u00f3rego beneficjent nie jest w stanie, zgodnie z krajowymi przepisami odzyska\u0107, mo\u017ce by\u0107 kosztem kwalifikowalnym.<\/p>\n<h4 style=\"text-align: left\"><strong>JAKA JEST WYSOKO\u015a\u0106 DOFINANSOWANIA KE?<\/strong><\/h4>\n<p style=\"text-align: left\">Dla projekt\u00f3w badawczych dofinansowanie KE jest na poziomie 100% koszt\u00f3w kwalifikowalnych, dla projekt\u00f3w innowacyjnych wysoko\u015b\u0107 dofinansowania jest generalnie na poziomie 70%. Jednak dla instytucji o charakterze nie zarobkowym (non-profit) dofinansowanie w przypadku projekt\u00f3w innowacyjnych wynosi 100%.<\/p>\n<p style=\"text-align: left\">W niekt\u00f3rych partnerstwach stawka dofinansowania mo\u017ce by\u0107 ni\u017csza \u2013 do 60%.<\/p>\n<p style=\"text-align: left\">Maksymalne poziomy dofinansowania podawane b\u0119d\u0105 w Programie Pracy.<\/p>\n<p style=\"text-align: left\">Je\u015bli w tym samym projekcie innowacyjnym bior\u0105 udzia\u0142 instytucje o charakterze zarobkowym i instytucje o charakterze nie zarobkowym, to b\u0119d\u0105 one dofinansowane w r\u00f3\u017cnym stopniu (70%\/100%).<\/p>\n<h4 style=\"text-align: left\"><strong>W JAKI SPOS\u00d3B REALIZOWANE B\u0118D\u0104 P\u0141ATNO\u015aCI NA RZECZ KONSORCJUM?<\/strong><\/h4>\n<p style=\"text-align: left\">P\u0142atno\u015bci na rzecz konsorcjum odbywaj\u0105 si\u0119 za po\u015brednictwem koordynatora, kt\u00f3ry ma obowi\u0105zek dokona\u0107 dystrybucji otrzymanych \u015brodk\u00f3w do partner\u00f3w zgodnie z zapisami umowy grantowej oraz umowy konsorcjum.<\/p>\n<p style=\"text-align: left\">W trakcie realizacji projektu Komisja Europejska dokonuje nast\u0119puj\u0105cych p\u0142atno\u015bci:<\/p>\n<ul style=\"text-align: left\">\n<li>zaliczka po rozpocz\u0119ciu projektu, tylko jedna dla ca\u0142ego okresu realizacji;<\/li>\n<li>p\u0142atno\u015bci po\u015brednie, dla projekt\u00f3w z wi\u0119cej ni\u017c jednym okresem sprawozdawczym;<\/li>\n<li>p\u0142atno\u015b\u0107 ko\u0144cowa.<\/li>\n<\/ul>\n<h4 style=\"text-align: left\"><strong>CO TO JEST \u015aWIADECTWO KONTROLI SPRAWOZDA\u0143 FINANSOWYCH I KIEDY JEDNOSTKA OBOWI\u0104ZANA JEST JE UZYSKA\u0106?<\/strong><\/h4>\n<p style=\"text-align: left\">\u015awiadectwo kontroli sprawozda\u0144 finansowych (<em>Certificate on the financial statements<\/em>) jest dokumentem po\u015bwiadczaj\u0105cy<\/p>\n<p style=\"text-align: left\">m, \u017ce koszty wykazane w&nbsp; sprawozdaniu finansowym oraz deklarowane wp\u0142ywy s\u0105 kwalifikowalne i spe\u0142niaj\u0105 wymogi okre\u015blone w umowie grantowej. \u015awiadectwo musi by\u0107 z\u0142o\u017cone wraz z raportem ko\u0144cowym.<\/p>\n<p style=\"text-align: left\">\u015awiadectwo kontroli sprawozda\u0144 finansowych musi by\u0107 sporz\u0105dzone zgodnie z Aneksem V do umowy grantowej, kt\u00f3ry zawiera nie tylko wz\u00f3r o\u015bwiadczenia audytora, lecz tak\u017ce wz\u00f3r umowy pomi\u0119dzy audytorem, a beneficjentem oraz list\u0119 wskaz\u00f3wek dla audytora.<\/p>\n<p style=\"text-align: left\">\u015awiadectwo powinno by\u0107 sporz\u0105dzone przez bieg\u0142ego rewidenta, kt\u00f3ry jest uprawniony do zatwierdzania sprawozda\u0144 finansowych, w przypadku podmiot\u00f3w publicznych mo\u017ce by\u0107 wystawione przez niezale\u017cnego audytora wewn\u0119trznego z odpowiednimi uprawnieniami.<\/p>\n<p style=\"text-align: left\">Dostarczenie \u015bwiadectwa kontroli sprawozda\u0144 finansowych jest obligatoryjne, je\u017celi \u017c\u0105dane przez beneficjenta lub powi\u0105zan\u0105 stron\u0119 trzeci\u0105 dofinansowanie w ramach zwrotu koszt\u00f3w rzeczywistych i koszt\u00f3w jednostkowych obliczonych na podstawie zwyk\u0142ych praktyk ksi\u0119gowych beneficjenta jest r\u00f3wne lub wi\u0119ksze ni\u017c 325 000 euro.<\/p>\n<p style=\"text-align: left\">Oznacza to, \u017ce \u015bwiadectwo kontroli sprawozda\u0144 finansowych nie jest wymagane, je\u017celi ca\u0142kowite dofinansowanie jest r\u00f3wne lub wy\u017csze ni\u017c limit 325 000 euro, ale zawiera w sobie dofinansowanie do koszt\u00f3w jednostkowych (innych ni\u017c wymienione powy\u017cej)&nbsp; lub koszt\u00f3w sprawozdawanych w formie rycza\u0142towej (m.in. koszty po\u015brednie), po kt\u00f3rych odj\u0119ciu zostaje kwota mniejsza ni\u017c 325&nbsp;000 euro.<\/p>\n","protected":false},"excerpt":{"rendered":"<p>JAKIEGO TYPU KOSZTY WYST\u0118PUJ\u0104 W PROJEKTACH? Koszty bezpo\u015brednie&nbsp;s\u0105 to koszty poniesione bezpo\u015brednio w zwi\u0105zku z<\/p>\n","protected":false},"author":33,"featured_media":0,"parent":354,"menu_order":0,"comment_status":"closed","ping_status":"closed","template":"","meta":{"_acf_changed":false,"ngg_post_thumbnail":0,"footnotes":""},"class_list":["post-394","page","type-page","status-publish","hentry"],"acf":[],"_links":{"self":[{"href":"https:\/\/pb.edu.pl\/rpkbialystok\/wp-json\/wp\/v2\/pages\/394","targetHints":{"allow":["GET"]}}],"collection":[{"href":"https:\/\/pb.edu.pl\/rpkbialystok\/wp-json\/wp\/v2\/pages"}],"about":[{"href":"https:\/\/pb.edu.pl\/rpkbialystok\/wp-json\/wp\/v2\/types\/page"}],"author":[{"embeddable":true,"href":"https:\/\/pb.edu.pl\/rpkbialystok\/wp-json\/wp\/v2\/users\/33"}],"replies":[{"embeddable":true,"href":"https:\/\/pb.edu.pl\/rpkbialystok\/wp-json\/wp\/v2\/comments?post=394"}],"version-history":[{"count":0,"href":"https:\/\/pb.edu.pl\/rpkbialystok\/wp-json\/wp\/v2\/pages\/394\/revisions"}],"up":[{"embeddable":true,"href":"https:\/\/pb.edu.pl\/rpkbialystok\/wp-json\/wp\/v2\/pages\/354"}],"wp:attachment":[{"href":"https:\/\/pb.edu.pl\/rpkbialystok\/wp-json\/wp\/v2\/media?parent=394"}],"curies":[{"name":"wp","href":"https:\/\/api.w.org\/{rel}","templated":true}]}}