{"id":364,"date":"2021-03-16T13:47:22","date_gmt":"2021-03-16T12:47:22","guid":{"rendered":"https:\/\/pb.edu.pl\/rpkbialystok\/?page_id=364"},"modified":"2021-03-16T14:08:31","modified_gmt":"2021-03-16T13:08:31","slug":"konsorcjum","status":"publish","type":"page","link":"https:\/\/pb.edu.pl\/rpkbialystok\/zasady-he\/zasady\/konsorcjum\/","title":{"rendered":"Wym\u00f3g partnerstwa"},"content":{"rendered":"<h2>Minimalne wymagania co do sk\u0142adu konsorcjum projektowego:<\/h2>\n<ul>\n<li>partnerzy z minimum 3 r\u00f3\u017cnych pa\u0144stw cz\u0142onkowskich UE i\/lub pa\u0144stw stowarzyszonych<\/li>\n<li>cz\u0119sto spotykany wym\u00f3g to partnerzy z r\u00f3\u017cnych dziedzin (jednostka naukowa, przemys\u0142)<\/li>\n<\/ul>\n<h2>Kto mo\u017ce by\u0107 Partnerem w projektach Horyzontu Europa:<\/h2>\n<ul>\n<li>przedstawiciele przemys\u0142u,<\/li>\n<li>uniwersytety,<\/li>\n<li>organizacje badawcze,<\/li>\n<li>organy \u015bwiadcz\u0105ce us\u0142ugi publiczne na szczeblu lokalnym, regionalnym, krajowym lub mi\u0119dzynarodowym<\/li>\n<li>organizacje spo\u0142ecze\u0144stwa obywatelskiego, w tym fundacje i organizacje pozarz\u0105dowe.<\/li>\n<\/ul>\n","protected":false},"excerpt":{"rendered":"<p>Minimalne wymagania co do sk\u0142adu konsorcjum projektowego: partnerzy z minimum 3 r\u00f3\u017cnych pa\u0144stw cz\u0142onkowskich UE<\/p>\n","protected":false},"author":33,"featured_media":0,"parent":354,"menu_order":0,"comment_status":"closed","ping_status":"closed","template":"","meta":{"_acf_changed":false,"ngg_post_thumbnail":0,"footnotes":""},"class_list":["post-364","page","type-page","status-publish","hentry"],"acf":[],"_links":{"self":[{"href":"https:\/\/pb.edu.pl\/rpkbialystok\/wp-json\/wp\/v2\/pages\/364","targetHints":{"allow":["GET"]}}],"collection":[{"href":"https:\/\/pb.edu.pl\/rpkbialystok\/wp-json\/wp\/v2\/pages"}],"about":[{"href":"https:\/\/pb.edu.pl\/rpkbialystok\/wp-json\/wp\/v2\/types\/page"}],"author":[{"embeddable":true,"href":"https:\/\/pb.edu.pl\/rpkbialystok\/wp-json\/wp\/v2\/users\/33"}],"replies":[{"embeddable":true,"href":"https:\/\/pb.edu.pl\/rpkbialystok\/wp-json\/wp\/v2\/comments?post=364"}],"version-history":[{"count":0,"href":"https:\/\/pb.edu.pl\/rpkbialystok\/wp-json\/wp\/v2\/pages\/364\/revisions"}],"up":[{"embeddable":true,"href":"https:\/\/pb.edu.pl\/rpkbialystok\/wp-json\/wp\/v2\/pages\/354"}],"wp:attachment":[{"href":"https:\/\/pb.edu.pl\/rpkbialystok\/wp-json\/wp\/v2\/media?parent=364"}],"curies":[{"name":"wp","href":"https:\/\/api.w.org\/{rel}","templated":true}]}}