{"id":352,"date":"2021-03-16T13:29:46","date_gmt":"2021-03-16T12:29:46","guid":{"rendered":"https:\/\/pb.edu.pl\/rpkbialystok\/?page_id=352"},"modified":"2021-08-03T11:42:29","modified_gmt":"2021-08-03T09:42:29","slug":"dokumenty","status":"publish","type":"page","link":"https:\/\/pb.edu.pl\/rpkbialystok\/zasady-he\/dokumenty\/","title":{"rendered":"Dokumenty"},"content":{"rendered":"<h2>Zapraszamy do zapoznania si\u0119 z podstawowymi dokumentami dotycz\u0105cymi Horyzontu Europa:<\/h2>\n<p>&nbsp;<\/p>\n<div class=\"row\">\n<div class=\"col-md-12 text-center\"><a title=\"otworzy si\u0119 w nowej karcie\" class=\"button text-center animated zoomIn\" style=\"width: 100%;font-size:1.8rem\" href=\"https:\/\/ec.europa.eu\/info\/funding-tenders\/opportunities\/docs\/2021-2027\/common\/agr-contr\/general-mga_horizon-euratom_en.pdf\" target=\"_blank\" rel=\"noopener noreferrer\">General Model Grant Agreement (PDF, wersja dost\u0119pna cyfrowo, 2.3 MB)<\/a><\/div>\n<p>&nbsp;<\/p>\n<div class=\"col-md-12 text-center\"><a title=\"otworzy si\u0119 w nowej karcie\" class=\"button text-center animated zoomIn\" style=\"width: 100%;font-size:1.8rem\" href=\"https:\/\/ec.europa.eu\/info\/funding-tenders\/opportunities\/docs\/2021-2027\/horizon\/guidance\/programme-guide_horizon_en.pdf\" target=\"_blank\" rel=\"noopener\">HE Programme Guide &#8211; przewodnik po programie Horyzont Europa (PDF, wersja dost\u0119pna cyfrowo, 1.3 MB)<\/a><\/div>\n<p>&nbsp;<\/p>\n<div class=\"col-md-12 text-center\"><a title=\"otworzy si\u0119 w nowej karcie\" class=\"button text-center animated zoomIn\" style=\"width: 100%;font-size:1.8rem\" href=\"https:\/\/pb.edu.pl\/rpkbialystok\/wp-content\/uploads\/sites\/59\/2021\/08\/20210527_MSCA-under-Horizon-Europe_FULLPRESENTATION.pdf\" target=\"_blank\" rel=\"noopener\">MSCA w Horyzoncie Europa &#8211; przewodnik po Dzia\u0142aniach Marii Sk\u0142odowskiej-Curie dla naukowc\u00f3w, uniwersytet\u00f3w, instytut\u00f3w badawczych i przedsi\u0119biorc\u00f3w (PDF, wersja dost\u0119pna cyfrowo, 1 MB)<\/a><\/div>\n<p>&nbsp;<\/p>\n<div class=\"col-md-12 text-center\"><a title=\"otworzy si\u0119 w nowej karcie\" class=\"button text-center animated zoomIn\" style=\"width: 100%; font-size:1.8rem\" href=\"https:\/\/pb.edu.pl\/rpkbialystok\/wp-content\/uploads\/sites\/59\/2021\/08\/strategic_plan_he.pdf\" target=\"_blank\" rel=\"noopener\">Horyzont Europa &#8211; Plan Strategiczny na lata 2021-2024 (PDF, wersja dost\u0119pna cyfrowo, 2 MB)<\/a><\/div>\n<p>&nbsp;<\/p>\n<div class=\"col-md-12 text-center\"><a title=\"otworzy si\u0119 w nowej karcie\" class=\"button text-center animated zoomIn\" style=\"width: 100%; font-size:1.8rem\" href=\"https:\/\/pb.edu.pl\/rpkbialystok\/wp-content\/uploads\/sites\/59\/2021\/08\/HE-Implementation-Keeping-it-Simple.pdf\" target=\"_blank\" rel=\"noopener\">Horyzont Europa &#8211; Konkurencyjne, uczciwe i przejrzyste zasady aplikowania (PDF, wersja dost\u0119pna cyfrowo, 485 KB)<\/a><\/div>\n<\/div>\n","protected":false},"excerpt":{"rendered":"<p>Zapraszamy do zapoznania si\u0119 z podstawowymi dokumentami dotycz\u0105cymi Horyzontu Europa: &nbsp; General Model Grant Agreement<\/p>\n","protected":false},"author":33,"featured_media":0,"parent":82,"menu_order":0,"comment_status":"closed","ping_status":"closed","template":"","meta":{"_acf_changed":false,"ngg_post_thumbnail":0,"footnotes":""},"class_list":["post-352","page","type-page","status-publish","hentry"],"acf":[],"_links":{"self":[{"href":"https:\/\/pb.edu.pl\/rpkbialystok\/wp-json\/wp\/v2\/pages\/352","targetHints":{"allow":["GET"]}}],"collection":[{"href":"https:\/\/pb.edu.pl\/rpkbialystok\/wp-json\/wp\/v2\/pages"}],"about":[{"href":"https:\/\/pb.edu.pl\/rpkbialystok\/wp-json\/wp\/v2\/types\/page"}],"author":[{"embeddable":true,"href":"https:\/\/pb.edu.pl\/rpkbialystok\/wp-json\/wp\/v2\/users\/33"}],"replies":[{"embeddable":true,"href":"https:\/\/pb.edu.pl\/rpkbialystok\/wp-json\/wp\/v2\/comments?post=352"}],"version-history":[{"count":0,"href":"https:\/\/pb.edu.pl\/rpkbialystok\/wp-json\/wp\/v2\/pages\/352\/revisions"}],"up":[{"embeddable":true,"href":"https:\/\/pb.edu.pl\/rpkbialystok\/wp-json\/wp\/v2\/pages\/82"}],"wp:attachment":[{"href":"https:\/\/pb.edu.pl\/rpkbialystok\/wp-json\/wp\/v2\/media?parent=352"}],"curies":[{"name":"wp","href":"https:\/\/api.w.org\/{rel}","templated":true}]}}