{"id":340,"date":"2021-03-16T12:38:28","date_gmt":"2021-03-16T11:38:28","guid":{"rendered":"https:\/\/pb.edu.pl\/rpkbialystok\/?page_id=340"},"modified":"2021-03-16T12:38:28","modified_gmt":"2021-03-16T11:38:28","slug":"urzedy-miast-urzedy-gminne-urzedy-wojewodzkie","status":"publish","type":"page","link":"https:\/\/pb.edu.pl\/rpkbialystok\/znajdz-swoj-obszar\/inne-instytucje\/urzedy-miast-urzedy-gminne-urzedy-wojewodzkie\/","title":{"rendered":"Urz\u0119dy Miast, Urz\u0119dy Gminne, Urz\u0119dy Wojew\u00f3dzkie"},"content":{"rendered":"<p>Uczestniczy\u0142y w projektach finansowanych z poprzedniego programu Horyzont 2020, a ich szczeg\u00f3lnym zainteresowaniem cieszy\u0142y si\u0119 obszary takie jak: gospodarowanie energi\u0105, transport czy ochrona \u015brodowiska. Uczestnictwo w programach ramowych jest dla polskich instytucji publicznych szans\u0105 na wykorzystanie synergii z funduszami strukturalnymi oraz przynosi szereg korzy\u015bci, takich jak mo\u017cliwo\u015b\u0107 przetestowania innowacyjnych rozwi\u0105za\u0144, kt\u00f3re nie s\u0105 jeszcze dost\u0119pne na rynku. Ponadto, w\u0142\u0105czenie si\u0119 w prace mi\u0119dzynarodowego konsorcjum otwiera przestrze\u0144 do wymiany wiedzy, do\u015bwiadcze\u0144 oraz wsp\u00f3lnego rozwi\u0105zywania problem\u00f3w zwi\u0105zanych z zarz\u0105dzaniem miastami.<\/p>\n<p>Przyk\u0142adem projektu realizowanego przez miasto jest <a title=\"Strona otworzy si\u0119 w nowym oknie\" href=\"http:\/\/bip.um.wroc.pl\/artykul\/644\/24782\/grow-green-wroclaw-zwyciezyl-w-projekcie-horizon-2020\" target=\"_blank\" rel=\"noopener noreferrer\">GROW Green<\/a>. Projekt \u201e<em>Green cities for Climate and Water Resilience, Sustainable Economic Grow, Health Citizens and Environment<\/em>\u201d dotyczy opracowania rozwi\u0105za\u0144 opartych na tzw. \u015bwiadczeniach ekosystem\u00f3w, umo\u017cliwiaj\u0105cych lokalne zagospodarowanie i wykorzystanie w\u00f3d opadowych, stworzenie oaz zieleni, daj\u0105cych schronienie przed upa\u0142em, zapewniaj\u0105c zacienienie i lokalne obni\u017cenie temperatury zwi\u0119kszaj\u0105ce odporno\u015b\u0107 miasta na zmiany klimatu. Ze strony polskiej w projekcie uczestniczy miasto Wroc\u0142aw, Uniwersytet Przyrodniczy oraz Agencja Rozwoju Aglomeracji Wroc\u0142awskiej,&nbsp; a wypracowane w trakcie trwania projektu rozwi\u0105zania zostan\u0105 zastosowane w cz\u0119\u015bci O\u0142bina, czyli w dzielnicy z intensywn\u0105 zabudow\u0105 \u015br\u00f3dmiejsk\u0105, gdzie mieszka wiele os\u00f3b potrzebuj\u0105cych kontaktu z zieleni\u0105, w bliskim s\u0105siedztwie swojego domu. Opr\u00f3cz Polak\u00f3w w sk\u0142ad konsorcjum projektowego wesz\u0142o 20 partner\u00f3w z 8 innych pa\u0144stw, w tym miasta takie jak Manchester (Wielka Brytania), Valencia (Hiszpania), Wuhan (Chiny), Lille (Francja), Zadar (Chorwacja) oraz Modena (W\u0142ochy). Ca\u0142kowita warto\u015b\u0107 projektu to ok. 13 mln euro (&gt; 56 mln z\u0142), Wroc\u0142aw na realizacj\u0119 projektu otrzyma\u0142 &gt; 2,7 mln euro (&gt; 12 mln z\u0142).<\/p>\n","protected":false},"excerpt":{"rendered":"<p>Uczestniczy\u0142y w projektach finansowanych z poprzedniego programu Horyzont 2020, a ich szczeg\u00f3lnym zainteresowaniem cieszy\u0142y si\u0119<\/p>\n","protected":false},"author":33,"featured_media":0,"parent":292,"menu_order":0,"comment_status":"closed","ping_status":"closed","template":"","meta":{"_acf_changed":false,"ngg_post_thumbnail":0,"footnotes":""},"class_list":["post-340","page","type-page","status-publish","hentry"],"acf":[],"_links":{"self":[{"href":"https:\/\/pb.edu.pl\/rpkbialystok\/wp-json\/wp\/v2\/pages\/340","targetHints":{"allow":["GET"]}}],"collection":[{"href":"https:\/\/pb.edu.pl\/rpkbialystok\/wp-json\/wp\/v2\/pages"}],"about":[{"href":"https:\/\/pb.edu.pl\/rpkbialystok\/wp-json\/wp\/v2\/types\/page"}],"author":[{"embeddable":true,"href":"https:\/\/pb.edu.pl\/rpkbialystok\/wp-json\/wp\/v2\/users\/33"}],"replies":[{"embeddable":true,"href":"https:\/\/pb.edu.pl\/rpkbialystok\/wp-json\/wp\/v2\/comments?post=340"}],"version-history":[{"count":0,"href":"https:\/\/pb.edu.pl\/rpkbialystok\/wp-json\/wp\/v2\/pages\/340\/revisions"}],"up":[{"embeddable":true,"href":"https:\/\/pb.edu.pl\/rpkbialystok\/wp-json\/wp\/v2\/pages\/292"}],"wp:attachment":[{"href":"https:\/\/pb.edu.pl\/rpkbialystok\/wp-json\/wp\/v2\/media?parent=340"}],"curies":[{"name":"wp","href":"https:\/\/api.w.org\/{rel}","templated":true}]}}