{"id":338,"date":"2021-03-16T12:36:37","date_gmt":"2021-03-16T11:36:37","guid":{"rendered":"https:\/\/pb.edu.pl\/rpkbialystok\/?page_id=338"},"modified":"2021-03-16T12:37:19","modified_gmt":"2021-03-16T11:37:19","slug":"fundacje","status":"publish","type":"page","link":"https:\/\/pb.edu.pl\/rpkbialystok\/znajdz-swoj-obszar\/inne-instytucje\/fundacje\/","title":{"rendered":"Fundacje, stowarzyszenia, podmioty dzia\u0142aj\u0105ce na rzecz popularyzowania nauki"},"content":{"rendered":"<div class=\"h4\">Projekty CSA<\/div>\n<p>Projekty CSA (<em>Coordination and Support Actions<\/em>) mog\u0105 by\u0107 realizowane przez pojedyncze podmioty, jak r\u00f3wnie\u017c przez konsorcja. W odr\u00f3\u017cnieniu od projekt\u00f3w RIA<em> (<\/em><em>Research and Innovation Action)<\/em> oraz IA <em>Innovation Actions)<\/em>, nie dotycz\u0105 realizacji dzia\u0142a\u0144 badawczych i innowacyjnych, ale umo\u017cliwiaj\u0105 wspieranie tych\u017ce poprzez prowadzenie dzia\u0142a\u0144 takich jak: upowszechnianie rezultat\u00f3w projekt\u00f3w badawczych, podnoszenie \u015bwiadomo\u015bci, dzia\u0142ania networkingowe (konferencje, spotkania B2B dla sektora B+R), analiza i tworzenie strategii bada\u0144 (w tym koordynacja program\u00f3w badawczych w poszczeg\u00f3lnych krajach cz\u0142onkowskich i stowarzyszonych z HE).<\/p>\n<p>Projekty CSA obecne b\u0119d\u0105 w Programach Prac w praktycznie ka\u017cdym obszarze Programu Ramowego Horyzont Europa.<\/p>\n<div class=\"h5\">Badania SSH \u2013 Social Sciences and Humanities<\/div>\n<p>Nauki spo\u0142eczne i humanistyczne jako zagadnienie przekrojowe, realizowane by\u0142y w wielu obszarach programu Horyzont 2020. Za\u0142o\u017ceniem by\u0142a integracja nauk \u015bcis\u0142ych (STEM \u2013 <em>Science, Technology, Engineering and Mathematics<\/em>) z SSH, odpowiedzialnymi za rozwi\u0105zywanie z\u0142o\u017conych problem\u00f3w spo\u0142ecznych w Europie. Nauki spo\u0142eczne i humanistyczne zawieraj\u0105 w sobie szeroki wachlarz dyscyplin, w tym ekonomi\u0119, psychologi\u0119, nauki polityczne, histori\u0119, nauki kulturowe, jak r\u00f3wnie\u017c prawo i etyk\u0119 i wyst\u0119powa\u0142y w wielu obszarach Programu Ramowego Horyzont 2020, cz\u0119sto stanowi\u0105c istotny komponent prowadzonych bada\u0144.<\/p>\n<p>Pe\u0142na lista planowanych do otwarcia temat\u00f3w konkursowych, zawieraj\u0105cych badania SSH, dost\u0119pna jest na portalu <a title=\"Strona otworzy si\u0119 w nowym oknie\" href=\"https:\/\/ec.europa.eu\/info\/funding-tenders\/opportunities\/portal\/screen\/opportunities\/topic-search;freeTextSearchKeyword=;typeCodes=1;statusCodes=31094501,31094502,31094503;programCode=H2020;programDivisionCode=null;focusAreaCode=null;crossCuttingPriorityCode=null;callCode=Default;sortQuery=openingDate;orderBy=asc;onlyTenders=false;topicListKey=topicSearchTablePageState\" target=\"_blank\" rel=\"noopener noreferrer\">Funding &amp; Tender opportunities<\/a>. Przyk\u0142adowe \u201e<a title=\"Strona otworzy si\u0119 w nowym oknie\" href=\"http:\/\/www.net4society.eu\/_media\/Net4Society4_D3_3_Factsheets_SSH_Integration_inclSC3.pdf\" target=\"_blank\" rel=\"noopener noreferrer\">success stories<\/a>\u201d projekt\u00f3w z badaniami SSH zosta\u0142y opracowane w ramach projektu Net4Society.<\/p>\n<div class=\"h4\">Granty kaskadowe<\/div>\n<p>Nazwa \u201egranty kaskadowe\u201d (<em>cascading grants<\/em>) zwi\u0105zana jest z wielopoziomowym procesem rozdysponowania bud\u017cetu projektu, w ramach kt\u00f3rego dopuszcza si\u0119 przeprowadzenie konkursu dla stron trzecich. Na pierwszym poziomie \u201ekaskady\u201d znajduje si\u0119 konsorcjum projektowe wybrane w ramach konkurs\u00f3w og\u0142aszanych przez Komisj\u0119 Europejsk\u0105 (publikowanych na portalu Funding Tenders), w tematach, kt\u00f3rych zapisy dopuszczaj\u0105 tego typu finansowanie. Konsorcjum, kt\u00f3re zakwalifikowa\u0142o si\u0119 do otrzymania dofinansowania z Komisji Europejskiej, mo\u017ce mie\u0107 w ramach swoich dzia\u0142a\u0144 bud\u017cet przewidziany na og\u0142oszenie konkurs\u00f3w dla stron trzecich \u2013 znajduj\u0105cych si\u0119 na drugim poziomie \u201ekaskady\u201d \u2013 na dzia\u0142ania zwi\u0105zane np. z:<\/p>\n<ul>\n<li>przeprowadzeniem eksperyment\u00f3w<\/li>\n<li>opracowaniem planu komercjalizacji technologii<\/li>\n<li>opracowaniem planu walidacji technologii<\/li>\n<li>przeprowadzenia studium wykonalno\u015bci technologii.<\/li>\n<\/ul>\n<p>\u015arodki finansowe na przeprowadzenie zdefiniowanych przez konsorcjum zada\u0144 wyp\u0142acane s\u0105 bezpo\u015brednio przez beneficjenta, czyli koordynatora danego projektu.<\/p>\n<p>W zale\u017cno\u015bci od zdefiniowanych przez konsorcjum projektowe zada\u0144, stronami trzecimi mog\u0105 by\u0107: M\u015aP, start-upy, naukowcy, studenci uczelni technicznych, dostawcy us\u0142ug, organizacje badawczo-technologiczne (RTO), itp.<\/p>\n<p>Przydatne dokumenty:<\/p>\n<ul>\n<li><a title=\"Strona otworzy si\u0119 w nowym oknie\" href=\"http:\/\/ec.europa.eu\/research\/participants\/portal\/desktop\/en\/opportunities\/other\/competitive.html\" target=\"_blank\" rel=\"noopener noreferrer\">Lista konkurs\u00f3w<\/a><\/li>\n<li><a title=\"Strona otworzy si\u0119 w nowym oknie\" href=\"https:\/\/pb.edu.pl\/rpkbialystok\/wp-content\/uploads\/sites\/59\/2021\/02\/Guidance-note-on-financial-support-to-third-parties-under-H2020.pdf\" target=\"_blank\" rel=\"noopener\">Regulacje dot. finansowania kaskadowego<\/a><\/li>\n<\/ul>\n","protected":false},"excerpt":{"rendered":"<p>Projekty CSA Projekty CSA (Coordination and Support Actions) mog\u0105 by\u0107 realizowane przez pojedyncze podmioty, jak<\/p>\n","protected":false},"author":33,"featured_media":0,"parent":292,"menu_order":0,"comment_status":"closed","ping_status":"closed","template":"","meta":{"_acf_changed":false,"ngg_post_thumbnail":0,"footnotes":""},"class_list":["post-338","page","type-page","status-publish","hentry"],"acf":[],"_links":{"self":[{"href":"https:\/\/pb.edu.pl\/rpkbialystok\/wp-json\/wp\/v2\/pages\/338","targetHints":{"allow":["GET"]}}],"collection":[{"href":"https:\/\/pb.edu.pl\/rpkbialystok\/wp-json\/wp\/v2\/pages"}],"about":[{"href":"https:\/\/pb.edu.pl\/rpkbialystok\/wp-json\/wp\/v2\/types\/page"}],"author":[{"embeddable":true,"href":"https:\/\/pb.edu.pl\/rpkbialystok\/wp-json\/wp\/v2\/users\/33"}],"replies":[{"embeddable":true,"href":"https:\/\/pb.edu.pl\/rpkbialystok\/wp-json\/wp\/v2\/comments?post=338"}],"version-history":[{"count":0,"href":"https:\/\/pb.edu.pl\/rpkbialystok\/wp-json\/wp\/v2\/pages\/338\/revisions"}],"up":[{"embeddable":true,"href":"https:\/\/pb.edu.pl\/rpkbialystok\/wp-json\/wp\/v2\/pages\/292"}],"wp:attachment":[{"href":"https:\/\/pb.edu.pl\/rpkbialystok\/wp-json\/wp\/v2\/media?parent=338"}],"curies":[{"name":"wp","href":"https:\/\/api.w.org\/{rel}","templated":true}]}}