{"id":334,"date":"2021-03-16T12:32:12","date_gmt":"2021-03-16T11:32:12","guid":{"rendered":"https:\/\/pb.edu.pl\/rpkbialystok\/?page_id=334"},"modified":"2021-03-16T12:34:47","modified_gmt":"2021-03-16T11:34:47","slug":"komendy","status":"publish","type":"page","link":"https:\/\/pb.edu.pl\/rpkbialystok\/znajdz-swoj-obszar\/inne-instytucje\/komendy\/","title":{"rendered":"Komendy Policji, Stra\u017cy Po\u017carnej, Stra\u017cy Granicznej, Stra\u017cy Miejskiej"},"content":{"rendered":"<p>Komisja Europejska k\u0142adzie du\u017cy nacisk na pe\u0142ne w\u0142\u0105czanie przedstawicieli s\u0142u\u017cb do sk\u0142adu konsorcj\u00f3w. Niezwykle istotne jest zatem, aby silnie zaznaczy\u0107 obecno\u015b\u0107 i aktywno\u015b\u0107 polskich formacji odpowiedzialnych za bezpiecze\u0144stwo na forum europejskim.<\/p>\n<p>Wymierne korzy\u015bci dla s\u0142u\u017cb wynikaj\u0105ce z uczestniczenia w projektach europejskich, to w szczeg\u00f3lno\u015bci:<\/p>\n<ul>\n<li>realny wp\u0142yw na kszta\u0142towanie technologii i rozwi\u0105za\u0144 prawno-organizacyjnych, powstaj\u0105cych w ramach projekt\u00f3w, poprzez aktywne uczestnictwo w realizuj\u0105cych je konsorcjach mi\u0119dzynarodowych;<\/li>\n<li>budowanie kontakt\u00f3w i wymiana do\u015bwiadcze\u0144 poprzez mo\u017cliwo\u015b\u0107 wsp\u00f3\u0142pracy<br \/>\nz przedstawicielami organ\u00f3w \u015bcigania z innych pa\u0144stw (g\u0142\u00f3wnie UE);<\/li>\n<li>uzyskanie zewn\u0119trznego dofinansowania na prace badawczo \u2013 rozwojowe w obszarze bezpiecze\u0144stwa z Komisji Europejskiej, kt\u00f3re w przypadku s\u0142u\u017cb mundurowych, wynosi do 100%.<\/li>\n<\/ul>\n<p>Podmioty te \u2013 mimo braku osobowo\u015bci prawnej \u2013 maj\u0105 mo\u017cliwo\u015b\u0107 samodzielnego uczestnictwa w unijnych programach ramowych w zakresie bada\u0144 i innowacji.<\/p>\n","protected":false},"excerpt":{"rendered":"<p>Komisja Europejska k\u0142adzie du\u017cy nacisk na pe\u0142ne w\u0142\u0105czanie przedstawicieli s\u0142u\u017cb do sk\u0142adu konsorcj\u00f3w. Niezwykle istotne<\/p>\n","protected":false},"author":33,"featured_media":0,"parent":292,"menu_order":0,"comment_status":"closed","ping_status":"closed","template":"","meta":{"_acf_changed":false,"ngg_post_thumbnail":0,"footnotes":""},"class_list":["post-334","page","type-page","status-publish","hentry"],"acf":[],"_links":{"self":[{"href":"https:\/\/pb.edu.pl\/rpkbialystok\/wp-json\/wp\/v2\/pages\/334","targetHints":{"allow":["GET"]}}],"collection":[{"href":"https:\/\/pb.edu.pl\/rpkbialystok\/wp-json\/wp\/v2\/pages"}],"about":[{"href":"https:\/\/pb.edu.pl\/rpkbialystok\/wp-json\/wp\/v2\/types\/page"}],"author":[{"embeddable":true,"href":"https:\/\/pb.edu.pl\/rpkbialystok\/wp-json\/wp\/v2\/users\/33"}],"replies":[{"embeddable":true,"href":"https:\/\/pb.edu.pl\/rpkbialystok\/wp-json\/wp\/v2\/comments?post=334"}],"version-history":[{"count":0,"href":"https:\/\/pb.edu.pl\/rpkbialystok\/wp-json\/wp\/v2\/pages\/334\/revisions"}],"up":[{"embeddable":true,"href":"https:\/\/pb.edu.pl\/rpkbialystok\/wp-json\/wp\/v2\/pages\/292"}],"wp:attachment":[{"href":"https:\/\/pb.edu.pl\/rpkbialystok\/wp-json\/wp\/v2\/media?parent=334"}],"curies":[{"name":"wp","href":"https:\/\/api.w.org\/{rel}","templated":true}]}}