{"id":292,"date":"2021-02-10T12:32:24","date_gmt":"2021-02-10T11:32:24","guid":{"rendered":"https:\/\/pb.edu.pl\/rpkbialystok\/?page_id=292"},"modified":"2021-07-26T11:35:03","modified_gmt":"2021-07-26T09:35:03","slug":"inne-instytucje","status":"publish","type":"page","link":"https:\/\/pb.edu.pl\/rpkbialystok\/znajdz-swoj-obszar\/inne-instytucje\/","title":{"rendered":"Horyzont Europa dla podmiot\u00f3w nieb\u0119d\u0105cych przedsi\u0119biorcami"},"content":{"rendered":"<h2>Program Horyzont Europa jest otwarty na \u015bwiat, co oznacza, \u017ce mog\u0105 w nim uczestniczy\u0107 r\u00f3\u017cne podmioty, nie tylko jednostki naukowe i przedsi\u0119biorstwa.<\/h2>\n<p>Jedynym wymogiem jaki program HE stawia, aby m\u00f3c w nim uczestniczy\u0107 jest posiadanie osobowo\u015bci prawnej. Podmioty nieb\u0119d\u0105ce przedsi\u0119biorcami mog\u0105 uczestniczy\u0107 <strong>we wszystkich konkursach<\/strong>, chyba, \u017ce wyj\u0105tkowo w tre\u015bci konkursu zosta\u0142y okre\u015blone dodatkowe specyficzne wymagania (takim wyj\u0105tkiem jest np. EIC Accelerator, w kt\u00f3rym mog\u0105 uczestniczy\u0107 jedynie M\u015aP).<\/p>\n<p>Zach\u0119camy do zapoznania si\u0119 z ca\u0142\u0105 ofert\u0105 programu Horyzont Europa (opisan\u0105 w kategoriach <a title=\"Strona otworzy si\u0119 w nowym oknie\" href=\"https:\/\/pb.edu.pl\/rpkbialystok\/horyzont-europa\/biznes\/\" target=\"_blank\" rel=\"noopener noreferrer\">BIZNES<\/a> oraz <a title=\"Strona otworzy si\u0119 w nowym oknie\" href=\"https:\/\/pb.edu.pl\/rpkbialystok\/horyzont-europa\/nauka\/\" target=\"_blank\" rel=\"noopener noreferrer\">NAUKA<\/a>). W zdecydowanej wi\u0119kszo\u015bci projekt\u00f3w podmioty nieb\u0119d\u0105ce przedsi\u0119biorcami, jako podmioty <em>non profit<\/em>, b\u0119d\u0105 mia\u0142y zapewnione finansowanie 100% koszt\u00f3w bezpo\u015brednich. Poni\u017cej przedstawiamy informacje, kt\u00f3re powinny zainteresowa\u0107 okre\u015blone instytucje w pierwszej kolejno\u015bci:<br \/>\n<div class=\"row\">\n<div class=\"col-md-6\">\n\t<div class=\"boxlink animated zoomIn \">\n\t\t<a href=\"\/rpkbialystok\/horyzont-europa\/komendy\/\" class=\"no-icon\">\n\t\t\t<div class=\"boxlink-title\">Komendy Policji, Stra\u017cy Po\u017carnej, Stra\u017cy Granicznej, Stra\u017cy Miejskiej<span><\/span><\/div>\n\t\t\t<div class=\"boxlink-content\">\n\t\t\t\t\n\t\t\t<\/div>\n\t\t<\/a>\n\t<\/div>\n\n<\/div>\n<div class=\"col-md-6\">\n\t<div class=\"boxlink animated zoomIn \">\n\t\t<a href=\"\/rpkbialystok\/horyzont-europa\/fundacje\/\" class=\"no-icon\">\n\t\t\t<div class=\"boxlink-title\">Fundacje, stowarzyszenia, podmioty dzia\u0142aj\u0105ce na rzecz popularyzowania nauki<span><\/span><\/div>\n\t\t\t<div class=\"boxlink-content\">\n\t\t\t\t\n\t\t\t<\/div>\n\t\t<\/a>\n\t<\/div>\n\n<\/div>\n<\/div>\n<div class=\"row\">\n<div class=\"col-md-12\">\n\t<div class=\"boxlink animated zoomIn \">\n\t\t<a href=\"\/rpkbialystok\/horyzont-europa\/urzedy\/\" class=\"no-icon\">\n\t\t\t<div class=\"boxlink-title\">Urz\u0119dy Miast, Urz\u0119dy Gminne, Urz\u0119dy Wojew\u00f3dzkie<span><\/span><\/div>\n\t\t\t<div class=\"boxlink-content\">\n\t\t\t\t\n\t\t\t<\/div>\n\t\t<\/a>\n\t<\/div>\n\n<\/div>\n<\/div>\n","protected":false},"excerpt":{"rendered":"<p>Program Horyzont Europa jest otwarty na \u015bwiat, co oznacza, \u017ce mog\u0105 w nim uczestniczy\u0107 r\u00f3\u017cne<\/p>\n","protected":false},"author":33,"featured_media":0,"parent":99,"menu_order":0,"comment_status":"closed","ping_status":"closed","template":"","meta":{"_acf_changed":false,"ngg_post_thumbnail":0,"footnotes":""},"class_list":["post-292","page","type-page","status-publish","hentry"],"acf":[],"_links":{"self":[{"href":"https:\/\/pb.edu.pl\/rpkbialystok\/wp-json\/wp\/v2\/pages\/292","targetHints":{"allow":["GET"]}}],"collection":[{"href":"https:\/\/pb.edu.pl\/rpkbialystok\/wp-json\/wp\/v2\/pages"}],"about":[{"href":"https:\/\/pb.edu.pl\/rpkbialystok\/wp-json\/wp\/v2\/types\/page"}],"author":[{"embeddable":true,"href":"https:\/\/pb.edu.pl\/rpkbialystok\/wp-json\/wp\/v2\/users\/33"}],"replies":[{"embeddable":true,"href":"https:\/\/pb.edu.pl\/rpkbialystok\/wp-json\/wp\/v2\/comments?post=292"}],"version-history":[{"count":0,"href":"https:\/\/pb.edu.pl\/rpkbialystok\/wp-json\/wp\/v2\/pages\/292\/revisions"}],"up":[{"embeddable":true,"href":"https:\/\/pb.edu.pl\/rpkbialystok\/wp-json\/wp\/v2\/pages\/99"}],"wp:attachment":[{"href":"https:\/\/pb.edu.pl\/rpkbialystok\/wp-json\/wp\/v2\/media?parent=292"}],"curies":[{"name":"wp","href":"https:\/\/api.w.org\/{rel}","templated":true}]}}