{"id":290,"date":"2021-02-10T12:33:38","date_gmt":"2021-02-10T11:33:38","guid":{"rendered":"https:\/\/pb.edu.pl\/rpkbialystok\/?page_id=290"},"modified":"2021-03-16T12:31:33","modified_gmt":"2021-03-16T11:31:33","slug":"biznes","status":"publish","type":"page","link":"https:\/\/pb.edu.pl\/rpkbialystok\/znajdz-swoj-obszar\/biznes\/","title":{"rendered":"Oferta Programu Horyzont Europa dla przedsi\u0119biorstw"},"content":{"rendered":"<p><strong>Ma\u0142e i \u015brednie przedsi\u0119biorstwa (M\u015aP)<\/strong>&nbsp;odgrywaj\u0105 kluczow\u0105 rol\u0119 w gospodarce europejskiej. Stanowi\u0105 one wa\u017cne \u017ar\u00f3d\u0142o przedsi\u0119biorczo\u015bci oraz innowacji w Europie. Dlatego te\u017c M\u015aP s\u0105 jednym z priorytet\u00f3w Komisji Europejskiej w zakresie wspierania rozwoju gospodarczego. Horyzont Europa oferuje dla nich wiele r\u00f3\u017cnych program\u00f3w i konkurs\u00f3w.<\/p>\n<p>Przewidziano r\u00f3wnie\u017c dzia\u0142ania przeznaczone dla&nbsp;<strong>du\u017cych przedsi\u0119biorstw<\/strong>&nbsp;\u2013 przemys\u0142u oraz instytucji otoczenia biznesu.<\/p>\n<p>Zapraszamy do zapoznania si\u0119 z poni\u017csz\u0105 ofert\u0105.<\/p>\n<h4><a title=\"Strona otworzy si\u0119 w nowym oknie\" href=\"https:\/\/pb.edu.pl\/rpkbialystok\/horyzont-europa\/o-horyzoncie-europa\/znajdz-swoj-obszar-w-he\/innowacyjna-europa\/eic\/eic-pathfinder\/\" target=\"_blank\" rel=\"noopener\">EIC Pathfinder<\/a><\/h4>\n<p>zapewnia bezpo\u015brednie wsparcie dla innowator\u00f3w poprzez instrument finansowania dla wczesnych etap\u00f3w prac B+R.<\/p>\n<h4><a title=\"Strona otworzy si\u0119 w nowym oknie\" href=\"https:\/\/pb.edu.pl\/rpkbialystok\/horyzont-europa\/o-horyzoncie-europa\/znajdz-swoj-obszar-w-he\/innowacyjna-europa\/eic\/\" target=\"_blank\" rel=\"noopener\">EIC Transition<\/a><\/h4>\n<p>Zapewnia wsparcia na dalsze rozwijanie technologii w oparciu o wyniki wcze\u015bniej realizowanego projektu.<\/p>\n<h4><a title=\"Strona otworzy si\u0119 w nowym oknie\" href=\"https:\/\/pb.edu.pl\/rpkbialystok\/horyzont-europa\/o-horyzoncie-europa\/znajdz-swoj-obszar-w-he\/innowacyjna-europa\/eic\/eic-accelerator\/\" target=\"_blank\" rel=\"noopener\">EIC Accelerator<\/a><\/h4>\n<p>(dawniej Instrument M\u015aP) \u2013 granty&nbsp; dla ma\u0142ych i \u015brednich przedsi\u0119biorstw realizowane przez pojedyncze firmy na rzecz wdro\u017cenia innowacyjnych rozwi\u0105za\u0144.<\/p>\n<p style=\"text-align: left\">Tabela 1. Udzia\u0142 w dzia\u0142aniach HE w podziale na wielko\u015b\u0107 przedsi\u0119biorstwa<\/p>\n<table class=\"alignleft\" style=\"height: 88px;width: 62.219%;border-collapse: collapse;border-color: #000000;border-style: solid\" border=\"1\">\n<tbody>\n<tr style=\"height: 22px\">\n<td style=\"width: 9.84412%;text-align: left;height: 22px\">&nbsp;<\/td>\n<td style=\"width: 19.8513%;text-align: left;height: 22px\">Ma\u0142e i \u015arednie Przedsi\u0119biorstwa (M\u015aP)<\/td>\n<td style=\"width: 17.6759%;text-align: left;height: 22px\">Du\u017ce Przedsi\u0119biorstwa (Przemys\u0142)<\/td>\n<td style=\"width: 14.8477%;text-align: left;height: 22px\">Instytucje otoczenia biznesu<\/td>\n<\/tr>\n<tr style=\"height: 22px\">\n<td style=\"width: 9.84412%;text-align: left;height: 22px\">EIC Accelerator<\/td>\n<td style=\"width: 19.8513%;text-align: center;height: 22px\"><span style=\"color: #0000ff\">V<\/span><\/td>\n<td style=\"width: 17.6759%;text-align: center;height: 22px\"><span style=\"color: #ff0000\">X<\/span><\/td>\n<td style=\"width: 14.8477%;text-align: center;height: 22px\"><span style=\"color: #ff0000\">X<\/span><\/td>\n<\/tr>\n<tr style=\"height: 22px\">\n<td style=\"width: 9.84412%;text-align: left;height: 22px\">EIC Transition<\/td>\n<td style=\"width: 19.8513%;text-align: center;height: 22px\"><span style=\"color: #0000ff\">V<\/span><\/td>\n<td style=\"width: 17.6759%;text-align: center;height: 22px\"><span style=\"color: #0000ff\">V<\/span><\/td>\n<td style=\"width: 14.8477%;text-align: center;height: 22px\"><span style=\"color: #0000ff\">V<\/span><\/td>\n<\/tr>\n<tr style=\"height: 22px\">\n<td style=\"width: 9.84412%;text-align: left;height: 22px\">EIC Pathfinder<\/td>\n<td style=\"width: 19.8513%;text-align: center;height: 22px\"><span style=\"color: #0000ff\">V<\/span><\/td>\n<td style=\"width: 17.6759%;text-align: center;height: 22px\"><span style=\"color: #0000ff\">V<\/span><\/td>\n<td style=\"width: 14.8477%;text-align: center;height: 22px\"><span style=\"color: #0000ff\">V<\/span><\/td>\n<\/tr>\n<\/tbody>\n<\/table>\n<p style=\"text-align: left\">&nbsp;<\/p>\n<p>&nbsp;<\/p>\n<p>&nbsp;<\/p>\n<p>&nbsp;<\/p>\n<p>W ramach programu Horyzont Europa przewidziano tak\u017ce&nbsp;<a href=\"https:\/\/www.kpk.gov.pl\/horyzont-europa\/horyzont-europa-znajdz-swoj-obszar\">inne dzia\u0142ania otwarte dla biznesu (przedsi\u0119biorstwa i instytucje otoczenia biznesu.<\/a><\/p>\n","protected":false},"excerpt":{"rendered":"<p>Ma\u0142e i \u015brednie przedsi\u0119biorstwa (M\u015aP)&nbsp;odgrywaj\u0105 kluczow\u0105 rol\u0119 w gospodarce europejskiej. Stanowi\u0105 one wa\u017cne \u017ar\u00f3d\u0142o przedsi\u0119biorczo\u015bci<\/p>\n","protected":false},"author":33,"featured_media":0,"parent":99,"menu_order":0,"comment_status":"closed","ping_status":"closed","template":"","meta":{"_acf_changed":false,"ngg_post_thumbnail":0,"footnotes":""},"class_list":["post-290","page","type-page","status-publish","hentry"],"acf":[],"_links":{"self":[{"href":"https:\/\/pb.edu.pl\/rpkbialystok\/wp-json\/wp\/v2\/pages\/290","targetHints":{"allow":["GET"]}}],"collection":[{"href":"https:\/\/pb.edu.pl\/rpkbialystok\/wp-json\/wp\/v2\/pages"}],"about":[{"href":"https:\/\/pb.edu.pl\/rpkbialystok\/wp-json\/wp\/v2\/types\/page"}],"author":[{"embeddable":true,"href":"https:\/\/pb.edu.pl\/rpkbialystok\/wp-json\/wp\/v2\/users\/33"}],"replies":[{"embeddable":true,"href":"https:\/\/pb.edu.pl\/rpkbialystok\/wp-json\/wp\/v2\/comments?post=290"}],"version-history":[{"count":0,"href":"https:\/\/pb.edu.pl\/rpkbialystok\/wp-json\/wp\/v2\/pages\/290\/revisions"}],"up":[{"embeddable":true,"href":"https:\/\/pb.edu.pl\/rpkbialystok\/wp-json\/wp\/v2\/pages\/99"}],"wp:attachment":[{"href":"https:\/\/pb.edu.pl\/rpkbialystok\/wp-json\/wp\/v2\/media?parent=290"}],"curies":[{"name":"wp","href":"https:\/\/api.w.org\/{rel}","templated":true}]}}