{"id":285,"date":"2021-02-10T12:15:11","date_gmt":"2021-02-10T11:15:11","guid":{"rendered":"https:\/\/pb.edu.pl\/rpkbialystok\/?page_id=285"},"modified":"2021-07-26T11:34:09","modified_gmt":"2021-07-26T09:34:09","slug":"nauka","status":"publish","type":"page","link":"https:\/\/pb.edu.pl\/rpkbialystok\/znajdz-swoj-obszar\/nauka\/","title":{"rendered":"Nauka"},"content":{"rendered":"<h2>Program Ramowy Horyzont Europa jako najwi\u0119kszy w historii finansuje prace naukowe i badawcze ju\u017c od etapu koncepcji do ich wdro\u017cenia.<\/h2>\n<p>Jednym z trzech filar\u00f3w programu jest priorytet&nbsp;&nbsp;<a title=\"Strona otworzy si\u0119 w nowym oknie\" href=\"https:\/\/pb.edu.pl\/rpkbialystok\/horyzont-europa\/o-horyzoncie-europa\/znajdz-swoj-obszar-w-he\/filar-i-doskonala-baza-naukowa\/\" target=\"_blank\" rel=\"noopener\"><strong>Doskona\u0142a Baza Naukowa<\/strong><\/a>&nbsp;(tj.&nbsp;<em>Excellent Science<\/em>). Jego celem jest zwi\u0119kszanie potencja\u0142u i doskonalenie obszaru spo\u0142eczno\u015bci naukowej w Europie. Ze \u015brodk\u00f3w przeznaczonych na budow\u0119 doskona\u0142o\u015bci naukowej mog\u0105 skorzysta\u0107 zar\u00f3wno indywidualni naukowcy \u2013 na prowadzenie indywidualnych bada\u0144, mobilno\u015b\u0107, budowanie kariery, jak r\u00f3wnie\u017c instytucje naukowe i badawcze \u2013 finansowanie bada\u0144, tworzenie infrastruktury badawczej i wyposa\u017cenie laboratori\u00f3w, a tak\u017ce zatrudnianie naukowc\u00f3w (zar\u00f3wno m\u0142odych naukowc\u00f3w, jak i do\u015bwiadczonych badaczy) i wymian\u0119 do\u015bwiadcze\u0144.<\/p>\n<p>Program zosta\u0142 podzielony na nast\u0119puj\u0105ce priorytety:<\/p>\n<ul class=\"type-chevron\">\n<li><a title=\"Strona otworzy si\u0119 w nowym oknie\" href=\"https:\/\/pb.edu.pl\/rpkbialystok\/horyzont-europa\/o-horyzoncie-europa\/znajdz-swoj-obszar-w-he\/filar-i-doskonala-baza-naukowa\/europejska-rada-ds-badan-naukowych\/\" target=\"_blank\" rel=\"noopener noreferrer\"><strong>Europejska Rada ds. Bada\u0144 Naukowych \u2013 ERC<\/strong><\/a><\/li>\n<li><a title=\"Strona otworzy si\u0119 w nowym oknie\" href=\"https:\/\/pb.edu.pl\/rpkbialystok\/horyzont-europa\/o-horyzoncie-europa\/znajdz-swoj-obszar-w-he\/filar-i-doskonala-baza-naukowa\/dzialania-marii-sklodowskiej-curie-msca\/\" target=\"_blank\" rel=\"noopener noreferrer\"><strong>Dzia\u0142ania Marii Sk\u0142odowskiej-Curie \u2013 MSCA<\/strong><\/a><\/li>\n<li><a title=\"Strona otworzy si\u0119 w nowym oknie\" href=\"https:\/\/pb.edu.pl\/rpkbialystok\/horyzont-europa\/o-horyzoncie-europa\/znajdz-swoj-obszar-w-he\/filar-i-doskonala-baza-naukowa\/infrastruktura-badawcza\/\" target=\"_blank\" rel=\"noopener noreferrer\"><strong>Infrastruktura badawcza<\/strong><\/a><\/li>\n<\/ul>\n<p>Rozw\u00f3j bada\u0144 wspierany jest tak\u017ce poprzez budowanie efektywnej wsp\u00f3\u0142pracy ze spo\u0142ecze\u0144stwem w celu pozyskiwania i wdra\u017cania innowacyjnych rozwi\u0105za\u0144 i budowania \u015bwiadomo\u015bci na temat wykorzystania nauki w i dla spo\u0142ecze\u0144stwa. W ten program w\u0142\u0105czeni s\u0105 zar\u00f3wno naukowcy, jak r\u00f3wnie\u017c przedstawiciele biznesu, polityki i administracji oraz obywatele. Buduje on profil&nbsp;<strong>odpowiedzialnych bada\u0144 i innowacji<\/strong>.<\/p>\n<p>W celu pe\u0142nego wykorzystania potencja\u0142u naukowego Europy oraz zadbania o to, by korzy\u015bci z gospodarki opartej na wiedzy i innowacjach by\u0142y szeroko rozpowszechnione we wszystkich krajach europejskich, &nbsp;w programie Horyzont Europa wyodr\u0119bniono obszar&nbsp;<em>Widening Participation and Spreading Excellence<\/em>, czyli&nbsp;<strong>&nbsp;<a title=\"Strona otworzy si\u0119 w nowym oknie\" href=\"https:\/\/pb.edu.pl\/rpkbialystok\/horyzont-europa\/o-horyzoncie-europa\/znajdz-swoj-obszar-w-he\/szersze-uczestnictwo-i-wzmacnianie-europejskiej-przestrzeni-badawczej\/\" target=\"_blank\" rel=\"noopener noreferrer\">Zapewnienie Szerszego Uczestnictwa<\/a><\/strong>&nbsp;<strong>i upowszechnienie doskona\u0142o\u015bci.<\/strong>&nbsp;\u015arodki finansowe przeznaczone s\u0105 przede wszystkim na rozw\u00f3j doskona\u0142o\u015bci naukowej instytucji naukowo-badawczych w tzw. krajach wideningowych, czyli takich, w kt\u00f3rych poziom doskona\u0142o\u015bci naukowej jest ni\u017cszy od \u015bredniej europejskiej. Do dyspozycji wnioskodawc\u00f3w dost\u0119pnych b\u0119dzie szereg instrument\u00f3w finansowych, m.in. w ramach konkurs\u00f3w Teaming, ERA Chairs, Twinning, COST, oraz nowych Excellence Initiatives czy Brain Circulations. Szczeg\u00f3\u0142owe regulaminy konkurs\u00f3w s\u0105 obecnie opracowywane przez Komisj\u0119 Europejsk\u0105 i zostan\u0105 opublikowane w najbli\u017cszym programie pracy (prawdopodobnie na wiosn\u0119 2021).<\/p>\n","protected":false},"excerpt":{"rendered":"<p>Program Ramowy Horyzont Europa jako najwi\u0119kszy w historii finansuje prace naukowe i badawcze ju\u017c od<\/p>\n","protected":false},"author":33,"featured_media":0,"parent":99,"menu_order":0,"comment_status":"closed","ping_status":"closed","template":"","meta":{"_acf_changed":false,"ngg_post_thumbnail":0,"footnotes":""},"class_list":["post-285","page","type-page","status-publish","hentry"],"acf":[],"_links":{"self":[{"href":"https:\/\/pb.edu.pl\/rpkbialystok\/wp-json\/wp\/v2\/pages\/285","targetHints":{"allow":["GET"]}}],"collection":[{"href":"https:\/\/pb.edu.pl\/rpkbialystok\/wp-json\/wp\/v2\/pages"}],"about":[{"href":"https:\/\/pb.edu.pl\/rpkbialystok\/wp-json\/wp\/v2\/types\/page"}],"author":[{"embeddable":true,"href":"https:\/\/pb.edu.pl\/rpkbialystok\/wp-json\/wp\/v2\/users\/33"}],"replies":[{"embeddable":true,"href":"https:\/\/pb.edu.pl\/rpkbialystok\/wp-json\/wp\/v2\/comments?post=285"}],"version-history":[{"count":0,"href":"https:\/\/pb.edu.pl\/rpkbialystok\/wp-json\/wp\/v2\/pages\/285\/revisions"}],"up":[{"embeddable":true,"href":"https:\/\/pb.edu.pl\/rpkbialystok\/wp-json\/wp\/v2\/pages\/99"}],"wp:attachment":[{"href":"https:\/\/pb.edu.pl\/rpkbialystok\/wp-json\/wp\/v2\/media?parent=285"}],"curies":[{"name":"wp","href":"https:\/\/api.w.org\/{rel}","templated":true}]}}